{"id":117813,"date":"2025-07-13T00:00:00","date_gmt":"2025-07-13T05:00:00","guid":{"rendered":"https:\/\/gpl-love.com\/es\/?post_type=product&#038;p=117813"},"modified":"2026-03-09T07:41:16","modified_gmt":"2026-03-09T12:41:16","slug":"gravityview-entry-revisions","status":"publish","type":"product","link":"https:\/\/gpl-love.com\/es\/producto\/gravityview-entry-revisions\/","title":{"rendered":"Gravity View Entry Revisions 1.7.0"},"content":{"rendered":"<h3>Gravity View Entry Revisions Caracteristicas<\/h3>\n<p>Las revisiones de entrada de visi\u00f3n de gravedad cuenta con una fiabilidad inquebrantable y una notable eficiencia, ya que permite a los usuarios examinar y supervisar las diversas revisiones de sus entradas de formularios de gravedad. Este complemento intuitivo hace que la tarea de la gesti\u00f3n del historial de datos se pueda lograr sin esfuerzo, permitiendo un seguimiento meticuloso de alteraciones y reversi\u00f3n r\u00e1pida a versiones anteriores sin ninguna molestia. En virtud de su interfaz cristalina y f\u00e1cil de usar, las revisiones de entrada de visi\u00f3n de gravedad facilita f\u00e1cilmente la navegaci\u00f3n, emergiendo as\u00ed como la soluci\u00f3n por excelencia para empresas e instituciones que requieren una administraci\u00f3n de datos consistente. Ya sea que su objetivo implique cambios de monitoreo, revisiones contrastantes o incluso recuperar informaci\u00f3n eliminada err\u00f3neamente, tenga la seguridad de que las revisiones de entrada de la vista por gravedad servir\u00e1n como el ep\u00edtome de una herramienta indispensable, racionalizando y armonizando su complejo protocolo de gesti\u00f3n de datos.<\/p>\n<ul>\n<li>Acceda a todas las revisiones de las entradas de vista por gravedad<\/li>\n<li>Comparar y restaurar versiones anteriores de entradas<\/li>\n<li>Ver cambios realizados en las entradas con el tiempo<\/li>\n<li>Aumentar la responsabilidad y la transparencia en la gesti\u00f3n de datos<\/li>\n<li>Personalizar la configuraci\u00f3n de revisi\u00f3n para formularios y usuarios espec\u00edficos<\/li>\n<li>Seguimiento de los cambios realizados por diferentes usuarios<\/li>\n<li>Garantizar la precisi\u00f3n e integridad de los datos de entrada<\/li>\n<li>Compatible con formas de gravedad y complementos de vista por gravedad<\/li>\n<li>Interfaz f\u00e1cil de usar para f\u00e1cil navegaci\u00f3n y administraci\u00f3n<\/li>\n<li>Mejorar el an\u00e1lisis de datos y la toma de decisiones.<\/li>\n<\/ul>\n","protected":false},"excerpt":{"rendered":"<p>Las revisiones de entrada de Gravity View, una extensi\u00f3n incre\u00edblemente robusta dise\u00f1ada espec\u00edficamente para formularios de gravedad, ofrece a los usuarios la notable capacidad de monitorear y manejar sin esfuerzo las alteraciones realizadas en sus entradas de formulario. Este notable producto permite a los usuarios acceder a las revisiones sin problemas, comparar eficientemente varias versiones y restaurar sin problemas las entradas anteriores. La interfaz instintiva e instintiva f\u00e1cil de usar simplifica el proceso de identificar r\u00e1pidamente los cambios deseados, mientras que los registros meticulosamente detallados garantizan que ni una sola revisi\u00f3n pasa desapercibida o no tiene en cuenta. Independientemente de si est\u00e1 colaborando dentro de un equipo o haciendo modificaciones individuales, las revisiones de entrada de visi\u00f3n de gravedad surgen como el instrumento incomparable para administrar y supervisar efectivamente sus valiosos datos de formulario.<\/p>\n","protected":false},"featured_media":166372,"comment_status":"open","ping_status":"open","template":"","meta":[],"product_brand":[2472],"product_cat":[1212,1206,1211],"product_tag":[1304],"class_list":{"0":"post-117813","1":"product","2":"type-product","3":"status-publish","4":"has-post-thumbnail","6":"product_brand-gravityview","7":"product_cat-administracion-wordpress-plugins","8":"product_cat-plugins","9":"product_cat-wordpress-plugins","10":"product_tag-gravityview","11":"member-discount","12":"discount-restricted","14":"first","15":"instock","16":"sale","17":"downloadable","18":"virtual","19":"sold-individually","20":"purchasable","21":"product-type-simple"},"_links":{"self":[{"href":"https:\/\/gpl-love.com\/es\/wp-json\/wp\/v2\/product\/117813","targetHints":{"allow":["GET"]}}],"collection":[{"href":"https:\/\/gpl-love.com\/es\/wp-json\/wp\/v2\/product"}],"about":[{"href":"https:\/\/gpl-love.com\/es\/wp-json\/wp\/v2\/types\/product"}],"replies":[{"embeddable":true,"href":"https:\/\/gpl-love.com\/es\/wp-json\/wp\/v2\/comments?post=117813"}],"wp:featuredmedia":[{"embeddable":true,"href":"https:\/\/gpl-love.com\/es\/wp-json\/wp\/v2\/media\/166372"}],"wp:attachment":[{"href":"https:\/\/gpl-love.com\/es\/wp-json\/wp\/v2\/media?parent=117813"}],"wp:term":[{"taxonomy":"product_brand","embeddable":true,"href":"https:\/\/gpl-love.com\/es\/wp-json\/wp\/v2\/product_brand?post=117813"},{"taxonomy":"product_cat","embeddable":true,"href":"https:\/\/gpl-love.com\/es\/wp-json\/wp\/v2\/product_cat?post=117813"},{"taxonomy":"product_tag","embeddable":true,"href":"https:\/\/gpl-love.com\/es\/wp-json\/wp\/v2\/product_tag?post=117813"}],"curies":[{"name":"wp","href":"https:\/\/api.w.org\/{rel}","templated":true}]}}