{"id":117811,"date":"2025-07-13T00:00:00","date_gmt":"2025-07-13T05:00:00","guid":{"rendered":"https:\/\/gpl-love.com\/es\/?post_type=product&#038;p=117811"},"modified":"2026-03-09T07:41:15","modified_gmt":"2026-03-09T12:41:15","slug":"gravityview-diy-layout","status":"publish","type":"product","link":"https:\/\/gpl-love.com\/es\/producto\/gravityview-diy-layout\/","title":{"rendered":"Gravity View DIY Layout 2.5.2"},"content":{"rendered":"<h3>Gravity View DIY Layout Caracteristicas<\/h3>\n<p>El dise\u00f1o de bricolaje de Gravity View es una soluci\u00f3n muy robusta y avanzada que permite a los usuarios la capacidad de generar sin esfuerzo su propio dise\u00f1o personalizado para las presentaciones de formularios de gravedad. En virtud de su interfaz de arrastre y ca\u00edda intuitiva e intuitiva de un usuario, las personas pueden crear un dise\u00f1o que se alinee perfectamente con sus requisitos \u00fanicos. Adem\u00e1s, esta herramienta excepcional cuenta con una extensa variedad de caracter\u00edsticas de personalizaci\u00f3n, como la capacidad de integrar a la perfecci\u00f3n los campos personalizados, modificar la disposici\u00f3n de los campos existentes y seleccionar entre una amplia gama de opciones de estilo cautivadoras. Adem\u00e1s, vale la pena se\u00f1alar que el dise\u00f1o de bricolaje de la vista por gravedad es totalmente receptiva, asegurando que las formas exuden un atractivo visual y la funcionalidad incomparables en todos los tipos de dispositivos. Independientemente de si usted es un novato incipiente o un experto experimentado, el dise\u00f1o de bricolaje de Gravity View es un recurso indispensable para las personas que buscan formas exquisitas exquisitas y altamente profesionales que est\u00e1n hechas a medida para satisfacer sus demandas espec\u00edficas.<\/p>\n<ul>\n<li>Crear dise\u00f1os personalizados en formas de gravedad<\/li>\n<li>No se necesita codificaci\u00f3n<\/li>\n<li>Interfaz de arrastrar y soltar<\/li>\n<li>Elija entre plantillas predise\u00f1adas<\/li>\n<li>Personalizar campos y etiquetas<\/li>\n<li>Crear formularios de varias p\u00e1ginas<\/li>\n<li>Compatible con todos los complementos de gravedad<\/li>\n<li>Dise\u00f1o receptivo para formas amigables para dispositivos m\u00f3viles<\/li>\n<li>Integrarse con marketing por correo electr\u00f3nico y CRMS<\/li>\n<li>Ahorre tiempo y racionalice el proceso de creaci\u00f3n de formulario<\/li>\n<\/ul>\n","protected":false},"excerpt":{"rendered":"<p>El dise\u00f1o de bricolaje de Gravity View es una herramienta incre\u00edblemente f\u00e1cil de usar y conveniente creada espec\u00edficamente para usuarios de WordPress. Su objetivo principal es permitir que las personas generen y modifiquen los dise\u00f1os personalizados para sus datos de formularios de gravedad. Al emplear su interfaz de arrastrar y soltar notablemente intuitiva y una impresionante variedad de plantillas preconstruidas, puede organizar y mostrar sus datos de manera visualmente cautivadora que se integra perfectamente con el dise\u00f1o \u00fanico de su sitio web. Los usuarios tienen la libertad de exhibir sus datos en varios formatos, incluidas tablas, cuadr\u00edculas, listas o res\u00famenes, todo, al mismo tiempo que pueden emplear la funci\u00f3n de formato condicional altamente ventajosa para acentuar efectivamente informaci\u00f3n crucial. Independientemente de si necesita una elegante muestra de resultados de la encuesta, registros de eventos o valiosos comentarios de los clientes, el dise\u00f1o de bricolaje de la vista de gravedad surge como la soluci\u00f3n definitiva para garantizar que sus datos realmente se destaquen de la multitud.<\/p>\n","protected":false},"featured_media":166371,"comment_status":"open","ping_status":"open","template":"","meta":[],"product_brand":[2472],"product_cat":[1214,1206,1211],"product_tag":[1304],"class_list":{"0":"post-117811","1":"product","2":"type-product","3":"status-publish","4":"has-post-thumbnail","6":"product_brand-gravityview","7":"product_cat-personalizacion","8":"product_cat-plugins","9":"product_cat-wordpress-plugins","10":"product_tag-gravityview","11":"member-discount","12":"discount-restricted","14":"first","15":"instock","16":"sale","17":"downloadable","18":"virtual","19":"sold-individually","20":"purchasable","21":"product-type-simple"},"_links":{"self":[{"href":"https:\/\/gpl-love.com\/es\/wp-json\/wp\/v2\/product\/117811","targetHints":{"allow":["GET"]}}],"collection":[{"href":"https:\/\/gpl-love.com\/es\/wp-json\/wp\/v2\/product"}],"about":[{"href":"https:\/\/gpl-love.com\/es\/wp-json\/wp\/v2\/types\/product"}],"replies":[{"embeddable":true,"href":"https:\/\/gpl-love.com\/es\/wp-json\/wp\/v2\/comments?post=117811"}],"wp:featuredmedia":[{"embeddable":true,"href":"https:\/\/gpl-love.com\/es\/wp-json\/wp\/v2\/media\/166371"}],"wp:attachment":[{"href":"https:\/\/gpl-love.com\/es\/wp-json\/wp\/v2\/media?parent=117811"}],"wp:term":[{"taxonomy":"product_brand","embeddable":true,"href":"https:\/\/gpl-love.com\/es\/wp-json\/wp\/v2\/product_brand?post=117811"},{"taxonomy":"product_cat","embeddable":true,"href":"https:\/\/gpl-love.com\/es\/wp-json\/wp\/v2\/product_cat?post=117811"},{"taxonomy":"product_tag","embeddable":true,"href":"https:\/\/gpl-love.com\/es\/wp-json\/wp\/v2\/product_tag?post=117811"}],"curies":[{"name":"wp","href":"https:\/\/api.w.org\/{rel}","templated":true}]}}