{"id":117809,"date":"2026-03-20T00:00:00","date_gmt":"2026-03-20T05:00:00","guid":{"rendered":"https:\/\/gpl-love.com\/es\/producto\/gravityview-datatables-extension\/"},"modified":"2026-03-28T17:15:40","modified_gmt":"2026-03-28T22:15:40","slug":"gravityview-datatables-extension","status":"publish","type":"product","link":"https:\/\/gpl-love.com\/es\/producto\/gravityview-datatables-extension\/","title":{"rendered":"Gravity View DataTables Extension 3.7.4"},"content":{"rendered":"<h3>Gravity View DataTables Extension Caracteristicas<\/h3>\n<p>La utilizaci\u00f3n de la extensi\u00f3n de datos de la vista de gravedad es muy ventajosa, ya que proporciona a los usuarios un mecanismo robusto y eficiente para exhibir entradas de formularios de gravedad en un formato de datos altamente personalizable. Esta extensi\u00f3n cuenta con una interfaz notablemente f\u00e1cil de usar, que permite a las personas filtrar y clasificar las entradas sin esfuerzo, adem\u00e1s de exportar datos en varios formatos como CSV, Excel y PDF. Adem\u00e1s, esta extensi\u00f3n se integra perfectamente con las formas de gravedad y la vista de gravedad, lo que facilita una incorporaci\u00f3n perfecta en el flujo de trabajo existente. Ya sea que el fondo profesional implique desarrollo de software, marketing o propiedad de negocios, la extensi\u00f3n de datos de la vista de gravedad es una herramienta indispensable que optimiza efectivamente los procesos de gesti\u00f3n de datos, mejorando significativamente los niveles generales de productividad.<\/p>\n<ul>\n<li>Mostrar y clasificar f\u00e1cilmente tablas de datos utilizando entradas de formularios de gravedad<\/li>\n<li>La interfaz intuitiva permite la personalizaci\u00f3n de datos y estilos de tabla<\/li>\n<li>Admite un dise\u00f1o receptivo para una integraci\u00f3n perfecta con cualquier sitio web<\/li>\n<li>Compatible con temas y complementos populares de WordPress<\/li>\n<li>Proporciona una amplia documentaci\u00f3n y soporte para una f\u00e1cil configuraci\u00f3n e implementaci\u00f3n<\/li>\n<li>Ideal para empresas y organizaciones que buscan optimizar la gesti\u00f3n de datos y los procesos de presentaci\u00f3n<\/li>\n<li>Actualizado continuamente con nuevas caracter\u00edsticas y mejoras para un rendimiento \u00f3ptimo<\/li>\n<li>Ahorra tiempo y recursos eliminando la necesidad de organizaci\u00f3n y presentaci\u00f3n de datos manuales.<\/li>\n<\/ul>\n","protected":false},"excerpt":{"rendered":"<p>La extensi\u00f3n de datos de la vista de gravedad, una herramienta altamente formidable, presenta la oportunidad de exhibir sus datos de formularios de gravedad en un formato que sea personalizable e interactivo. Dentro del \u00e1mbito de esta extensi\u00f3n, uno puede navegar sin esfuerzo a trav\u00e9s de sus datos buscando, clasificando y filtrando en funci\u00f3n de numerosos criterios, al tiempo que tiene la capacidad de exportarlos a otros formatos de archivo como CSV o Excel. La Extensi\u00f3n DataTable cuenta con un dise\u00f1o sofisticado y contempor\u00e1neo que complementa sin problemas cualquier sitio web, todo mientras es completamente adaptable para alinearse con sus preferencias de marca y est\u00e9tica \u00fanicas. Independientemente de si est\u00e1 supervisando la informaci\u00f3n del cliente, los datos de ventas o las respuestas de la encuesta, la extensi\u00f3n de datos de la vista de gravedad optimiza su procesamiento de datos y facilita un flujo de trabajo m\u00e1s simplificado en t\u00e9rminos de su presentaci\u00f3n.<\/p>\n","protected":false},"featured_media":166370,"comment_status":"open","ping_status":"open","template":"","meta":[],"product_brand":[2472],"product_cat":[1214,1206,1211],"product_tag":[1304],"class_list":{"0":"post-117809","1":"product","2":"type-product","3":"status-publish","4":"has-post-thumbnail","6":"product_brand-gravityview","7":"product_cat-personalizacion","8":"product_cat-plugins","9":"product_cat-wordpress-plugins","10":"product_tag-gravityview","11":"member-discount","12":"discount-restricted","14":"first","15":"instock","16":"sale","17":"downloadable","18":"virtual","19":"sold-individually","20":"purchasable","21":"product-type-simple"},"_links":{"self":[{"href":"https:\/\/gpl-love.com\/es\/wp-json\/wp\/v2\/product\/117809","targetHints":{"allow":["GET"]}}],"collection":[{"href":"https:\/\/gpl-love.com\/es\/wp-json\/wp\/v2\/product"}],"about":[{"href":"https:\/\/gpl-love.com\/es\/wp-json\/wp\/v2\/types\/product"}],"replies":[{"embeddable":true,"href":"https:\/\/gpl-love.com\/es\/wp-json\/wp\/v2\/comments?post=117809"}],"wp:featuredmedia":[{"embeddable":true,"href":"https:\/\/gpl-love.com\/es\/wp-json\/wp\/v2\/media\/166370"}],"wp:attachment":[{"href":"https:\/\/gpl-love.com\/es\/wp-json\/wp\/v2\/media?parent=117809"}],"wp:term":[{"taxonomy":"product_brand","embeddable":true,"href":"https:\/\/gpl-love.com\/es\/wp-json\/wp\/v2\/product_brand?post=117809"},{"taxonomy":"product_cat","embeddable":true,"href":"https:\/\/gpl-love.com\/es\/wp-json\/wp\/v2\/product_cat?post=117809"},{"taxonomy":"product_tag","embeddable":true,"href":"https:\/\/gpl-love.com\/es\/wp-json\/wp\/v2\/product_tag?post=117809"}],"curies":[{"name":"wp","href":"https:\/\/api.w.org\/{rel}","templated":true}]}}