{"id":117807,"date":"2025-02-04T00:00:00","date_gmt":"2025-02-04T05:00:00","guid":{"rendered":"https:\/\/gpl-love.com\/es\/?post_type=product&#038;p=117807"},"modified":"2026-03-09T07:41:12","modified_gmt":"2026-03-09T12:41:12","slug":"gravityview-az-filters-extension","status":"publish","type":"product","link":"https:\/\/gpl-love.com\/es\/producto\/gravityview-az-filters-extension\/","title":{"rendered":"Gravity View AZ Filters Extension 1.4.2"},"content":{"rendered":"<h3>Gravity View AZ Filters Extension Caracteristicas<\/h3>\n<p>La extensi\u00f3n de filtros AZ View AZ, una herramienta excepcionalmente potente, permite a los usuarios filtrar y ordenar la informaci\u00f3n sin esfuerzo alojada dentro de sus entradas en formas de gravedad. En virtud de esta extensi\u00f3n, los usuarios est\u00e1n dotados de la capacidad de buscar amplia y efectivamente a trav\u00e9s de datos con la ayuda de un filtro A-Z personalizable. Adem\u00e1s, la instalaci\u00f3n de esta extensi\u00f3n es un proceso sin problemas, y se integra perfectamente con WordPress, lo que lo convierte en una opci\u00f3n ejemplar para las personas que buscan optimizar sus procedimientos de gesti\u00f3n de datos. Ya sea que la necesidad surja de leer a trav\u00e9s de la informaci\u00f3n del cliente o para monitorear los datos de ventas, esta extensi\u00f3n se considera la soluci\u00f3n consumada para cualquier usuario de formularios de gravedad. Sin lugar a dudas, la extensi\u00f3n de filtros AZ View AZ es una herramienta esencial para cualquier persona que busque optimizar sus procesos de gesti\u00f3n de datos y mejorar su flujo de trabajo general.<\/p>\n<ul>\n<li>Permite a los usuarios filtrar formularios de gravedad entradas por estado, c\u00f3digo postal o ciudad y estado<\/li>\n<li>Se integra a la perfecci\u00f3n con el complemento de formularios de gravedad, agregando autom\u00e1ticamente las opciones de filtro necesarias<\/li>\n<li>Proporciona una interfaz f\u00e1cil de usar para seleccionar y aplicar filtros, lo que facilita la b\u00fasqueda de datos espec\u00edficos dentro de grandes conjuntos de datos<\/li>\n<li>Dise\u00f1ado con el rendimiento en mente, asegurando que el filtrado sea r\u00e1pido y eficiente<\/li>\n<li>Se puede personalizar para que coincida con la apariencia de su sitio web, con opciones para cambiar los colores, las etiquetas y m\u00e1s<\/li>\n<li>Facilita la exportaci\u00f3n de datos filtrados, ya sea como un archivo CSV o en una aplicaci\u00f3n de terceros como las hojas de Google<\/li>\n<li>Viene con documentaci\u00f3n y soporte integrales, asegurando que pueda ponerse en funcionamiento con el complemento de manera r\u00e1pida y f\u00e1cil.<\/li>\n<\/ul>\n","protected":false},"excerpt":{"rendered":"<p>La extensi\u00f3n de filtros AZ View AZ sirve como una herramienta indispensable y formidable para los usuarios de formularios de gravedad, proporcion\u00e1ndoles una gran cantidad de caracter\u00edsticas para filtrar sin esfuerzo y exhibir presentaciones basadas en criterios personalizados. Su amplia gama de opciones, incluidos los men\u00fas desplegables, las casillas de verificaci\u00f3n y los botones de radio, les permite a los usuarios inventar filtros sofisticados de manera expedita y sin complicaciones. Esta extensi\u00f3n est\u00e1 meticulosamente elaborada para integrarse perfectamente con la vista por gravedad, lo que permite a los usuarios examinar sus datos meticulosamente filtrados a trav\u00e9s de diversos formatos como mapas, tablas y directorios. Ya sea que uno se conf\u00ede con la administraci\u00f3n de conjuntos de datos intrincados o que busque una soluci\u00f3n simplificada para organizar los env\u00edos, la extensi\u00f3n de los filtros AZ de la vista de gravedad surge inequ\u00edvocamente como un aliado indispensable.<\/p>\n","protected":false},"featured_media":166369,"comment_status":"open","ping_status":"open","template":"","meta":[],"product_brand":[2472],"product_cat":[1214,1206,1211],"product_tag":[1304],"class_list":{"0":"post-117807","1":"product","2":"type-product","3":"status-publish","4":"has-post-thumbnail","6":"product_brand-gravityview","7":"product_cat-personalizacion","8":"product_cat-plugins","9":"product_cat-wordpress-plugins","10":"product_tag-gravityview","11":"member-discount","12":"discount-restricted","14":"first","15":"instock","16":"sale","17":"downloadable","18":"virtual","19":"sold-individually","20":"purchasable","21":"product-type-simple"},"_links":{"self":[{"href":"https:\/\/gpl-love.com\/es\/wp-json\/wp\/v2\/product\/117807","targetHints":{"allow":["GET"]}}],"collection":[{"href":"https:\/\/gpl-love.com\/es\/wp-json\/wp\/v2\/product"}],"about":[{"href":"https:\/\/gpl-love.com\/es\/wp-json\/wp\/v2\/types\/product"}],"replies":[{"embeddable":true,"href":"https:\/\/gpl-love.com\/es\/wp-json\/wp\/v2\/comments?post=117807"}],"wp:featuredmedia":[{"embeddable":true,"href":"https:\/\/gpl-love.com\/es\/wp-json\/wp\/v2\/media\/166369"}],"wp:attachment":[{"href":"https:\/\/gpl-love.com\/es\/wp-json\/wp\/v2\/media?parent=117807"}],"wp:term":[{"taxonomy":"product_brand","embeddable":true,"href":"https:\/\/gpl-love.com\/es\/wp-json\/wp\/v2\/product_brand?post=117807"},{"taxonomy":"product_cat","embeddable":true,"href":"https:\/\/gpl-love.com\/es\/wp-json\/wp\/v2\/product_cat?post=117807"},{"taxonomy":"product_tag","embeddable":true,"href":"https:\/\/gpl-love.com\/es\/wp-json\/wp\/v2\/product_tag?post=117807"}],"curies":[{"name":"wp","href":"https:\/\/api.w.org\/{rel}","templated":true}]}}