{"id":117805,"date":"2026-03-20T00:00:00","date_gmt":"2026-03-20T05:00:00","guid":{"rendered":"https:\/\/gpl-love.com\/es\/?post_type=product&#038;p=117805"},"modified":"2026-03-20T17:15:37","modified_gmt":"2026-03-20T22:15:37","slug":"gravityview-advanced-filter-extension","status":"publish","type":"product","link":"https:\/\/gpl-love.com\/es\/producto\/gravityview-advanced-filter-extension\/","title":{"rendered":"Gravity View Advanced Filter Extension 4.5.0"},"content":{"rendered":"<h3>Gravity View Advanced Filter Extension Caracteristicas<\/h3>\n<p>La extensi\u00f3n de filtro avanzada de View View, una herramienta inmensamente potente, permite a los usuarios examinar sin esfuerzo a trav\u00e9s de grandes cantidades de datos que han sido acumulados por las formas de gravedad. Al aprovechar el poder de esta extensi\u00f3n, los usuarios tienen la capacidad de construir filtros avanzados que aceleran la recuperaci\u00f3n de la informaci\u00f3n pertinente de manera r\u00e1pida. Esta extensi\u00f3n ofrece una multitud de opciones de filtro, que incluyen desplegables, casillas de verificaci\u00f3n y botones de radio, todos los cuales se pueden adaptar para cumplir con los requisitos \u00fanicos de cualquier usuario. Adem\u00e1s, la extensi\u00f3n cuenta con una interfaz f\u00e1cil de usar que est\u00e1 dise\u00f1ada intuitivamente, facilitando as\u00ed el establecimiento y el ajuste de los filtros como se considera necesario. Sin lugar a dudas, la extensi\u00f3n de filtro avanzada de la vista de gravedad se destaca como un instrumento indispensable para las personas que buscan optimizar sus procesos de recopilaci\u00f3n y an\u00e1lisis de datos.<\/p>\n<ul>\n<li>Una extensi\u00f3n de filtro avanzada para la vista de gravedad que agrega potentes opciones de filtrado a sus datos<\/li>\n<li>Ordena y filtra f\u00e1cilmente sus datos en funci\u00f3n de los campos personalizados, los rangos de fechas, los rangos de n\u00fameros y m\u00e1s<\/li>\n<li>Experiencia de usuario mejorada con una interfaz simplificada dise\u00f1ada para facilitar el uso<\/li>\n<li>Opci\u00f3n para guardar los presets de filtros para uso futuro, ahorrando un tiempo valioso<\/li>\n<li>Mayor eficiencia en el an\u00e1lisis y la ubicaci\u00f3n de datos espec\u00edficos con opciones de filtro avanzado<\/li>\n<li>Compatible con todos los tipos de datos compatibles con formularios de gravedad, incluidas publicaciones, usuarios, entradas y m\u00e1s<\/li>\n<li>Capacidades de b\u00fasqueda mejoradas con m\u00faltiples opciones de filtrado para conjuntos de datos complejos<\/li>\n<li>Aumento de la precisi\u00f3n de los datos con la capacidad de filtrar entradas no deseadas o irrelevantes<\/li>\n<li>Opciones personalizables para que coincidan con el dise\u00f1o y la marca de su sitio web<\/li>\n<li>Soporte de expertos y actualizaciones continuas para garantizar la compatibilidad con nuevas versiones de formularios de gravedad.<\/li>\n<\/ul>\n","protected":false},"excerpt":{"rendered":"<p>La extensi\u00f3n de filtro avanzado de View View, una herramienta robusta y potente, proporciona a los usuarios la capacidad de filtrar y clasificar sin esfuerzo colecciones de datos de formularios de gravedad. A medida espec\u00edficamente para usuarios de ADEPT, esta extensi\u00f3n presenta un amplio espectro de opciones y caracter\u00edsticas de personalizaci\u00f3n, que abarca el soporte para la l\u00f3gica condicional, las reglas de filtrado elaboradas y las capacidades de clasificaci\u00f3n formidable. Al utilizar la extensi\u00f3n de filtro avanzada de la vista de gravedad, puede navegar r\u00e1pida y f\u00e1cilmente a trav\u00e9s de extensos vol\u00famenes de datos, lo que resulta en ahorros de tiempo y una mayor productividad. Ya sea que sea un propietario de negocios o un desarrollador, esta extensi\u00f3n es un activo indispensable que puede optimizar sus flujos de trabajo de gesti\u00f3n de datos, lo que finalmente conduce a niveles de eficiencia y productividad elevados.<\/p>\n","protected":false},"featured_media":166368,"comment_status":"open","ping_status":"open","template":"","meta":[],"product_brand":[2472],"product_cat":[1214,1206,1211],"product_tag":[1304],"class_list":{"0":"post-117805","1":"product","2":"type-product","3":"status-publish","4":"has-post-thumbnail","6":"product_brand-gravityview","7":"product_cat-personalizacion","8":"product_cat-plugins","9":"product_cat-wordpress-plugins","10":"product_tag-gravityview","11":"member-discount","12":"discount-restricted","14":"first","15":"instock","16":"sale","17":"downloadable","18":"virtual","19":"sold-individually","20":"purchasable","21":"product-type-simple"},"_links":{"self":[{"href":"https:\/\/gpl-love.com\/es\/wp-json\/wp\/v2\/product\/117805","targetHints":{"allow":["GET"]}}],"collection":[{"href":"https:\/\/gpl-love.com\/es\/wp-json\/wp\/v2\/product"}],"about":[{"href":"https:\/\/gpl-love.com\/es\/wp-json\/wp\/v2\/types\/product"}],"replies":[{"embeddable":true,"href":"https:\/\/gpl-love.com\/es\/wp-json\/wp\/v2\/comments?post=117805"}],"wp:featuredmedia":[{"embeddable":true,"href":"https:\/\/gpl-love.com\/es\/wp-json\/wp\/v2\/media\/166368"}],"wp:attachment":[{"href":"https:\/\/gpl-love.com\/es\/wp-json\/wp\/v2\/media?parent=117805"}],"wp:term":[{"taxonomy":"product_brand","embeddable":true,"href":"https:\/\/gpl-love.com\/es\/wp-json\/wp\/v2\/product_brand?post=117805"},{"taxonomy":"product_cat","embeddable":true,"href":"https:\/\/gpl-love.com\/es\/wp-json\/wp\/v2\/product_cat?post=117805"},{"taxonomy":"product_tag","embeddable":true,"href":"https:\/\/gpl-love.com\/es\/wp-json\/wp\/v2\/product_tag?post=117805"}],"curies":[{"name":"wp","href":"https:\/\/api.w.org\/{rel}","templated":true}]}}