{"id":117773,"date":"2025-05-20T00:00:00","date_gmt":"2025-05-20T05:00:00","guid":{"rendered":"https:\/\/gpl-love.com\/es\/?post_type=product&#038;p=117773"},"modified":"2026-04-10T11:19:36","modified_gmt":"2026-04-10T16:19:36","slug":"ninja-forms-webhooks","status":"publish","type":"product","link":"https:\/\/gpl-love.com\/es\/producto\/ninja-forms-webhooks\/","title":{"rendered":"Ninja Forms Webhooks 3.0.8"},"content":{"rendered":"<h3>Ninja Forms Webhooks Caracteristicas<\/h3>\n<p>Ninja Forms Webhooks, una herramienta incre\u00edblemente potente, ofrece a las empresas y desarrolladores la oportunidad de integrar sin problemas sus formularios web con una gran cantidad de otras aplicaciones o servicios. Al aprovechar las inmensas capacidades de este notable complemento, se puede transmitir datos sin esfuerzo derivados de sus formularios a una plataforma externa, ya sea un sistema de gesti\u00f3n de relaciones con el cliente (CRM) o una soluci\u00f3n de marketing por correo electr\u00f3nico. Los datos transmitidos pueden personalizarse meticulosamente utilizando plantillas vers\u00e1tiles, facilitando as\u00ed la ejecuci\u00f3n de acciones espec\u00edficas que dependen de eventos particulares, como env\u00edos o actualizaciones de formulario. La naturaleza f\u00e1cil de usar de Ninja Forms Webhooks lo convierte en un recurso verdaderamente indispensable para las empresas que buscan optimizar sus operaciones y optimizar sus flujos de trabajo.<\/p>\n<ul>\n<li>Conecte f\u00e1cilmente sus formularios ninja a otras aplicaciones y servicios utilizando Webhooks<\/li>\n<li>No se requiere codificaci\u00f3n: configure Webhooks directamente dentro de la interfaz del complemento Ninja Forms<\/li>\n<li>Elija entre una gama de desencadenantes para activar sus webhooks, como env\u00edos de formularios o valores de campo espec\u00edficos<\/li>\n<li>El formato de carga \u00fatil personalizable le permite adaptar los datos enviados a trav\u00e9s de Webhooks para satisfacer sus necesidades<\/li>\n<li>La entrega segura y confiable garantiza que sus webhooks siempre lleguen a su destino<\/li>\n<li>Monitoree su actividad webhook con registros y notificaciones detalladas<\/li>\n<li>Aumente su productividad y automatice sus flujos de trabajo integrando formularios ninja con sus herramientas y servicios favoritos.<\/li>\n<\/ul>\n","protected":false},"excerpt":{"rendered":"<p>Ninja Forms Webhooks proporciona una soluci\u00f3n altamente efectiva y eficiente para la automatizaci\u00f3n de sus env\u00edos de formulario. Al utilizar este complemento notable, obtiene la capacidad de establecer sin esfuerzo las conexiones entre sus formularios y varios servicios de terceros, incluidos, entre otros, Zapier y Slack, lo que le permite recibir notificaciones r\u00e1pidas cada vez que se env\u00eda un formulario. La interfaz f\u00e1cil de usar y las caracter\u00edsticas robustas integradas dentro de los formularios Ninja Webhooks alivian la cartera de la tarea de administrar los env\u00edos de formularios, lo que le permite desviar su atenci\u00f3n hacia los aspectos de la importancia primordial: el crecimiento y el desarrollo de su negocio. No dude por m\u00e1s tiempo, aproveche la oportunidad para explorar sus capacidades transformadoras y revolucionar la forma en que maneja y supervisar la gesti\u00f3n de formularios.<\/p>\n","protected":false},"featured_media":167043,"comment_status":"open","ping_status":"open","template":"","meta":[],"product_brand":[2509],"product_cat":[1214,1206,1211],"product_tag":[1338],"class_list":{"0":"post-117773","1":"product","2":"type-product","3":"status-publish","4":"has-post-thumbnail","6":"product_brand-ninja-forms","7":"product_cat-personalizacion","8":"product_cat-plugins","9":"product_cat-wordpress-plugins","10":"product_tag-ninja-forms","11":"member-discount","12":"discount-restricted","14":"first","15":"instock","16":"sale","17":"downloadable","18":"virtual","19":"sold-individually","20":"purchasable","21":"product-type-simple"},"_links":{"self":[{"href":"https:\/\/gpl-love.com\/es\/wp-json\/wp\/v2\/product\/117773","targetHints":{"allow":["GET"]}}],"collection":[{"href":"https:\/\/gpl-love.com\/es\/wp-json\/wp\/v2\/product"}],"about":[{"href":"https:\/\/gpl-love.com\/es\/wp-json\/wp\/v2\/types\/product"}],"replies":[{"embeddable":true,"href":"https:\/\/gpl-love.com\/es\/wp-json\/wp\/v2\/comments?post=117773"}],"wp:featuredmedia":[{"embeddable":true,"href":"https:\/\/gpl-love.com\/es\/wp-json\/wp\/v2\/media\/167043"}],"wp:attachment":[{"href":"https:\/\/gpl-love.com\/es\/wp-json\/wp\/v2\/media?parent=117773"}],"wp:term":[{"taxonomy":"product_brand","embeddable":true,"href":"https:\/\/gpl-love.com\/es\/wp-json\/wp\/v2\/product_brand?post=117773"},{"taxonomy":"product_cat","embeddable":true,"href":"https:\/\/gpl-love.com\/es\/wp-json\/wp\/v2\/product_cat?post=117773"},{"taxonomy":"product_tag","embeddable":true,"href":"https:\/\/gpl-love.com\/es\/wp-json\/wp\/v2\/product_tag?post=117773"}],"curies":[{"name":"wp","href":"https:\/\/api.w.org\/{rel}","templated":true}]}}