{"id":117769,"date":"2024-12-20T00:00:00","date_gmt":"2024-12-20T05:00:00","guid":{"rendered":"https:\/\/gpl-love.com\/es\/?post_type=product&#038;p=117769"},"modified":"2026-03-09T07:56:38","modified_gmt":"2026-03-09T12:56:38","slug":"ninja-forms-stripe","status":"publish","type":"product","link":"https:\/\/gpl-love.com\/es\/producto\/ninja-forms-stripe\/","title":{"rendered":"Ninja Forms Stripe 3.2.8"},"content":{"rendered":"<h3>Ninja Forms Stripe Caracteristicas<\/h3>\n<p>Ninja Forms Stripe sirve como un instrumento altamente efectivo y eficiente que ayuda efectivamente a las empresas en la colecci\u00f3n de pagos sin esfuerzo a trav\u00e9s de su sitio web de WordPress. Este ingenioso complemento faculta a los usuarios generar formularios de pago personalizados sin esfuerzo a trav\u00e9s de la utilizaci\u00f3n de una interfaz de arrastrar y soltar f\u00e1cilmente con usuarios. Al integrarse sin problemas con Stripe, una pasarela de pago reconocida y confiable, esta notable herramienta simplifica y fortalece todo el procedimiento de cobro de pagos. Adem\u00e1s, los usuarios tienen la libertad de adaptar estos formularios para alinearse perfectamente con sus requisitos comerciales \u00fanicos y aceptar convenientemente los pagos en una multitud de monedas. Con un proceso de instalaci\u00f3n f\u00e1cil de usar y una interfaz de usuario intuitiva, este complemento tambi\u00e9n ofrece una amplia gama de caracter\u00edsticas invaluables, incluida la capacidad de incorporar campos a medida, establecer suscripciones y pagos recurrentes, y proporcionar a los clientes una variedad de diversas alternativas de pago alternativas . En esencia, Ninja Forms Stripe presenta una soluci\u00f3n excepcional para las empresas que desean optimizar sus procesos de pago y aumentar sus ingresos generales.<\/p>\n<ul>\n<li>Un complemento f\u00e1cil de usar que permite a los usuarios aceptar pagos con tarjeta de cr\u00e9dito en su sitio de WordPress<\/li>\n<li>Integra sin problemas los formularios y las rayos ninja, proporcionando una soluci\u00f3n de procesamiento de pago confiable y segura<\/li>\n<li>Ofrece una variedad de opciones de personalizaci\u00f3n para garantizar la consistencia de la marca y la experiencia del usuario.<\/li>\n<li>Admite m\u00faltiples opciones de pago, incluidos pagos \u00fanicos y recurrentes<\/li>\n<li>Proporciona informes de pago detallados y an\u00e1lisis para informaci\u00f3n y optimizaci\u00f3n comerciales<\/li>\n<li>Proceso de configuraci\u00f3n f\u00e1cil con documentaci\u00f3n clara y soporte del equipo Ninja Forms<\/li>\n<li>El dise\u00f1o receptivo garantiza la compatibilidad con varios tama\u00f1os y dispositivos de pantalla<\/li>\n<li>Viene con plantillas y formularios preconstruidos para ahorrar tiempo y esfuerzo en la construcci\u00f3n de formularios de pago<\/li>\n<li>Admite m\u00faltiples monedas para transacciones internacionales<\/li>\n<li>Actualizaciones y mejoras regulares para garantizar la compatibilidad con las \u00faltimas versiones de WordPress y Stripe.<\/li>\n<\/ul>\n","protected":false},"excerpt":{"rendered":"<p>Ninja Forms Stripe, un complemento robusto para WordPress, presenta un medio conveniente por el cual los propietarios de sitios web pueden facilitar sin esfuerzo la recaudaci\u00f3n de pagos de su clientela. Acompa\u00f1ado por su variedad de funcionalidades sofisticadas, este complemento faculta a los usuarios generar formularios de pago a medida, establecer acuerdos de pago recurrentes, administrar efectivamente suscripciones y explorar una gama de capacidades adicionales. Su integraci\u00f3n con la estimada pasarela de pago de stripe garantiza efectivamente la mayor seguridad y una experiencia perfecta para todas las transacciones realizadas. Como tal, Ninja Forms Stripe demuestra ser la resoluci\u00f3n final para las empresas, independientemente de su magnitud, buscando optimizar sus procedimientos de procesamiento de pagos y amplificar sus cifras de ventas.<\/p>\n","protected":false},"featured_media":167035,"comment_status":"open","ping_status":"open","template":"","meta":[],"product_brand":[2509],"product_cat":[1278,1206,1211],"product_tag":[1338],"class_list":{"0":"post-117769","1":"product","2":"type-product","3":"status-publish","4":"has-post-thumbnail","6":"product_brand-ninja-forms","7":"product_cat-pago","8":"product_cat-plugins","9":"product_cat-wordpress-plugins","10":"product_tag-ninja-forms","11":"member-discount","12":"discount-restricted","14":"first","15":"instock","16":"sale","17":"downloadable","18":"virtual","19":"sold-individually","20":"purchasable","21":"product-type-simple"},"_links":{"self":[{"href":"https:\/\/gpl-love.com\/es\/wp-json\/wp\/v2\/product\/117769","targetHints":{"allow":["GET"]}}],"collection":[{"href":"https:\/\/gpl-love.com\/es\/wp-json\/wp\/v2\/product"}],"about":[{"href":"https:\/\/gpl-love.com\/es\/wp-json\/wp\/v2\/types\/product"}],"replies":[{"embeddable":true,"href":"https:\/\/gpl-love.com\/es\/wp-json\/wp\/v2\/comments?post=117769"}],"wp:featuredmedia":[{"embeddable":true,"href":"https:\/\/gpl-love.com\/es\/wp-json\/wp\/v2\/media\/167035"}],"wp:attachment":[{"href":"https:\/\/gpl-love.com\/es\/wp-json\/wp\/v2\/media?parent=117769"}],"wp:term":[{"taxonomy":"product_brand","embeddable":true,"href":"https:\/\/gpl-love.com\/es\/wp-json\/wp\/v2\/product_brand?post=117769"},{"taxonomy":"product_cat","embeddable":true,"href":"https:\/\/gpl-love.com\/es\/wp-json\/wp\/v2\/product_cat?post=117769"},{"taxonomy":"product_tag","embeddable":true,"href":"https:\/\/gpl-love.com\/es\/wp-json\/wp\/v2\/product_tag?post=117769"}],"curies":[{"name":"wp","href":"https:\/\/api.w.org\/{rel}","templated":true}]}}