{"id":117767,"date":"2025-06-08T00:00:00","date_gmt":"2025-06-08T05:00:00","guid":{"rendered":"https:\/\/gpl-love.com\/es\/?post_type=product&#038;p=117767"},"modified":"2026-04-10T11:19:30","modified_gmt":"2026-04-10T16:19:30","slug":"ninja-forms-save-progress","status":"publish","type":"product","link":"https:\/\/gpl-love.com\/es\/producto\/ninja-forms-save-progress\/","title":{"rendered":"Ninja Forms Save Progress 3.0.29"},"content":{"rendered":"<h3>Ninja Forms Save Progress Caracteristicas<\/h3>\n<p>La funci\u00f3n Ninja Forms Save Progress es una herramienta incre\u00edblemente robusta que otorga a los usuarios la capacidad de guardar sin problemas su progreso mientras se completan los formularios en l\u00ednea. Esta invaluable capacidad erradica la necesidad de que los usuarios comiencen de nuevo al regresar a sus formularios parcialmente completados en un momento posterior. La practicidad y la utilidad de esta caracter\u00edstica son especialmente prominentes cuando se trata de formularios m\u00e1s largos o m\u00e1s intrincados, ya que los usuarios a menudo requieren descansos o informaci\u00f3n adicional para enviar adecuadamente sus respuestas. Al implementar la funcionalidad de Save Progress, los formularios NinJa contribuyen sin lugar a dudas a una experiencia de llenado de formularios mucho m\u00e1s racionalizada y expediente, lo que finalmente lo hace significativamente m\u00e1s f\u00e1cil de usar y conveniente tanto para los propietarios de sitios web como para los visitantes. En conclusi\u00f3n, la inclusi\u00f3n de esta notable herramienta sin duda mejora la funcionalidad y la eficiencia de cualquier sitio web que se basa en formularios en l\u00ednea como un medio para recopilar informaci\u00f3n pertinente de sus usuarios.<\/p>\n<ul>\n<li>Guardar el progreso de los usuarios en formularios ninja de varias partes<\/li>\n<li>Permita que los usuarios regresen al formulario en un momento posterior y contin\u00faen donde lo dejaron<\/li>\n<li>Eliminar la frustraci\u00f3n de perder datos en formas m\u00e1s largas y m\u00e1s complejas<\/li>\n<li>Integrado sin problemas con formularios ninja, no se requiere instalaci\u00f3n adicional de complementos<\/li>\n<li>Ahorra autom\u00e1ticamente el progreso del usuario a medida que avanzan a trav\u00e9s del formulario, sin necesidad de intervenci\u00f3n manual<\/li>\n<li>Compatible con una variedad de tipos de formulario, que incluyen formularios de contacto, encuestas, formularios de registro y m\u00e1s.<\/li>\n<li>Mejore la experiencia del usuario y aumente las tasas de conversi\u00f3n al dar a los usuarios flexibilidad y tranquilidad al completar formularios largos.<\/li>\n<\/ul>\n","protected":false},"excerpt":{"rendered":"<p>El complemento Ninja Forms Save Progress sirve como una herramienta indispensable para sitios web que se ocupan de largos o intrincados env\u00edos de usuarios, ya que permite la recopilaci\u00f3n de dicha informaci\u00f3n sin ninguna molestia. Al utilizar este complemento, los usuarios reciben la comodidad de guardar su progreso durante el proceso de presentaci\u00f3n, asegurando que sus esfuerzos no sean en vano y eliminen la necesidad de comenzar de nuevo. La implementaci\u00f3n de esta caracter\u00edstica simplemente requiere algunos clics sin esfuerzo, otorgando a sus usuarios la capacidad de detener temporalmente su finalizaci\u00f3n de formulario y volver a ella en un momento posterior, todo mientras salvaguarda sus respuestas previamente ingresadas. Este notable atributo demuestra ser muy ventajoso cuando se trata de encuestas, formularios de solicitud o cualquier otro tipo de env\u00edo que requiera grandes cantidades de entrada. Diga adi\u00f3s a la incertidumbre y la duda, ya que los formularios Ninja guarda el complemento de progreso infunden confianza dentro de sus usuarios, garantizando la preservaci\u00f3n de su arduo trabajo y permiti\u00e9ndoles completar la tarea a su conveniencia y ritmo.<\/p>\n","protected":false},"featured_media":167032,"comment_status":"open","ping_status":"open","template":"","meta":[],"product_brand":[2509],"product_cat":[1214,1206,1211],"product_tag":[1338],"class_list":{"0":"post-117767","1":"product","2":"type-product","3":"status-publish","4":"has-post-thumbnail","6":"product_brand-ninja-forms","7":"product_cat-personalizacion","8":"product_cat-plugins","9":"product_cat-wordpress-plugins","10":"product_tag-ninja-forms","11":"member-discount","12":"discount-restricted","14":"first","15":"instock","16":"sale","17":"downloadable","18":"virtual","19":"sold-individually","20":"purchasable","21":"product-type-simple"},"_links":{"self":[{"href":"https:\/\/gpl-love.com\/es\/wp-json\/wp\/v2\/product\/117767","targetHints":{"allow":["GET"]}}],"collection":[{"href":"https:\/\/gpl-love.com\/es\/wp-json\/wp\/v2\/product"}],"about":[{"href":"https:\/\/gpl-love.com\/es\/wp-json\/wp\/v2\/types\/product"}],"replies":[{"embeddable":true,"href":"https:\/\/gpl-love.com\/es\/wp-json\/wp\/v2\/comments?post=117767"}],"wp:featuredmedia":[{"embeddable":true,"href":"https:\/\/gpl-love.com\/es\/wp-json\/wp\/v2\/media\/167032"}],"wp:attachment":[{"href":"https:\/\/gpl-love.com\/es\/wp-json\/wp\/v2\/media?parent=117767"}],"wp:term":[{"taxonomy":"product_brand","embeddable":true,"href":"https:\/\/gpl-love.com\/es\/wp-json\/wp\/v2\/product_brand?post=117767"},{"taxonomy":"product_cat","embeddable":true,"href":"https:\/\/gpl-love.com\/es\/wp-json\/wp\/v2\/product_cat?post=117767"},{"taxonomy":"product_tag","embeddable":true,"href":"https:\/\/gpl-love.com\/es\/wp-json\/wp\/v2\/product_tag?post=117767"}],"curies":[{"name":"wp","href":"https:\/\/api.w.org\/{rel}","templated":true}]}}