{"id":117765,"date":"2025-06-08T00:00:00","date_gmt":"2025-06-08T05:00:00","guid":{"rendered":"https:\/\/gpl-love.com\/es\/?post_type=product&#038;p=117765"},"modified":"2026-04-10T11:19:29","modified_gmt":"2026-04-10T16:19:29","slug":"ninja-forms-salesforce-crm","status":"publish","type":"product","link":"https:\/\/gpl-love.com\/es\/producto\/ninja-forms-salesforce-crm\/","title":{"rendered":"Ninja Forms SalesForce CRM 3.3.4"},"content":{"rendered":"<h3>Ninja Forms SalesForce CRM Caracteristicas<\/h3>\n<p>Ninja Forms Salesforce CRM ofrece una soluci\u00f3n robusta y potente para mejorar el flujo de trabajo comercial a trav\u00e9s de la integraci\u00f3n perfecta de formularios ninja y Salesforce CRM. Al emplear esta herramienta, las empresas pueden recopilar datos sin esfuerzo de los visitantes de su sitio web y transferirlos autom\u00e1ticamente a su Salesforce CRM. En consecuencia, se elimina la necesidad de la entrada de datos manuales, reduciendo as\u00ed la aparici\u00f3n de errores humanos. Adem\u00e1s, Ninja Forms Salesforce CRM proporciona a las empresas la capacidad de generar formularios y campos personalizados, que pueden mapear de manera efectiva a su Salesforce CRM. Esta caracter\u00edstica garantiza que los datos recopilados son precisos, pertinentes y f\u00e1cilmente procesables. En esencia, Ninja Forms Salesforce CRM es una herramienta indispensable para las empresas que buscan optimizar la utilizaci\u00f3n del tiempo, mejorar la eficiencia operativa y elevar sus capacidades de gesti\u00f3n de relaciones con el cliente.<\/p>\n<ul>\n<li>Ninja Forms Salesforce CRM es una poderosa herramienta de integraci\u00f3n que le permite conectar sus datos Ninja Forms con su sistema Salesforce CRM.<\/li>\n<li>Con un proceso de configuraci\u00f3n f\u00e1cil y una interfaz intuitiva, puede comenzar a sincronizar r\u00e1pidamente sus env\u00edos de formularios con su cuenta de Salesforce.<\/li>\n<li>Tambi\u00e9n puede elegir qu\u00e9 campos de formulario mapear\u00e1 a los campos de Salesforce, asegurando que se transfieran datos precisos y relevantes.<\/li>\n<li>Esta integraci\u00f3n ayuda a optimizar sus procesos de ventas y marketing al automatizar la generaci\u00f3n de leads y la gesti\u00f3n de datos, ahorr\u00e1ndole tiempo y dinero a largo plazo.<\/li>\n<li>Ninja Forms Salesforce CRM tambi\u00e9n viene con caracter\u00edsticas avanzadas como la capacidad de sincronizar campos personalizados y crear reglas avanzadas para la asignaci\u00f3n de datos.<\/li>\n<li>Adem\u00e1s, con atenci\u00f3n al cliente confiable y actualizaciones regulares, esta integraci\u00f3n es una inversi\u00f3n inteligente para cualquier negocio que busque optimizar su sistema Salesforce CRM.<\/li>\n<\/ul>\n","protected":false},"excerpt":{"rendered":"<p>La integraci\u00f3n de los formularios Ninja con Salesforce CRM proporciona a las empresas una soluci\u00f3n s\u00f3lida para racionalizar la generaci\u00f3n de leads y los procesos de ventas, ofreciendo la capacidad de transferir los datos recopilados a trav\u00e9s de formularios personalizables en sitios web o aplicaciones m\u00f3viles directamente a Salesforce CRM. Al utilizar formularios ninja, las empresas pueden capturar sin esfuerzo y administrar de manera efectiva los clientes potenciales, rastrear las interacciones de los clientes y mejorar la eficiencia de los acuerdos de cierre. Esta integraci\u00f3n elimina la necesidad de entrada de datos manuales, lo que resulta en una mayor productividad y la capacidad de cultivar relaciones m\u00e1s fuertes de los clientes.<\/p>\n","protected":false},"featured_media":167031,"comment_status":"open","ping_status":"open","template":"","meta":[],"product_brand":[2509],"product_cat":[1232,1206,1211],"product_tag":[1338],"class_list":{"0":"post-117765","1":"product","2":"type-product","3":"status-publish","4":"has-post-thumbnail","6":"product_brand-ninja-forms","7":"product_cat-marketing-wordpress-plugins","8":"product_cat-plugins","9":"product_cat-wordpress-plugins","10":"product_tag-ninja-forms","11":"member-discount","12":"discount-restricted","14":"first","15":"instock","16":"sale","17":"downloadable","18":"virtual","19":"sold-individually","20":"purchasable","21":"product-type-simple"},"_links":{"self":[{"href":"https:\/\/gpl-love.com\/es\/wp-json\/wp\/v2\/product\/117765","targetHints":{"allow":["GET"]}}],"collection":[{"href":"https:\/\/gpl-love.com\/es\/wp-json\/wp\/v2\/product"}],"about":[{"href":"https:\/\/gpl-love.com\/es\/wp-json\/wp\/v2\/types\/product"}],"replies":[{"embeddable":true,"href":"https:\/\/gpl-love.com\/es\/wp-json\/wp\/v2\/comments?post=117765"}],"wp:featuredmedia":[{"embeddable":true,"href":"https:\/\/gpl-love.com\/es\/wp-json\/wp\/v2\/media\/167031"}],"wp:attachment":[{"href":"https:\/\/gpl-love.com\/es\/wp-json\/wp\/v2\/media?parent=117765"}],"wp:term":[{"taxonomy":"product_brand","embeddable":true,"href":"https:\/\/gpl-love.com\/es\/wp-json\/wp\/v2\/product_brand?post=117765"},{"taxonomy":"product_cat","embeddable":true,"href":"https:\/\/gpl-love.com\/es\/wp-json\/wp\/v2\/product_cat?post=117765"},{"taxonomy":"product_tag","embeddable":true,"href":"https:\/\/gpl-love.com\/es\/wp-json\/wp\/v2\/product_tag?post=117765"}],"curies":[{"name":"wp","href":"https:\/\/api.w.org\/{rel}","templated":true}]}}