{"id":117763,"date":"2025-06-08T00:00:00","date_gmt":"2025-06-08T05:00:00","guid":{"rendered":"https:\/\/gpl-love.com\/es\/?post_type=product&#038;p=117763"},"modified":"2026-04-10T11:19:29","modified_gmt":"2026-04-10T16:19:29","slug":"ninja-forms-recurly","status":"publish","type":"product","link":"https:\/\/gpl-love.com\/es\/producto\/ninja-forms-recurly\/","title":{"rendered":"Ninja Forms Recurly 3.0.7"},"content":{"rendered":"<h3>Ninja Forms Recurly Caracteristicas<\/h3>\n<p>Los formularios ninja demuestran que es una herramienta incre\u00edblemente potente que le ofrece la capacidad de integrar a la perfecci\u00f3n los pagos recurrentes en su sitio de WordPress. Este notable complemento facilita la creaci\u00f3n de formularios de suscripci\u00f3n altamente personalizables, otorgando as\u00ed a los usuarios la conveniencia de registrarse para una amplia gama de planes de suscripci\u00f3n. Al integrarse efectivamente con Recurly, una plataforma de gesti\u00f3n de suscripci\u00f3n inmensamente popular, este complemento maneja de manera competente todos los aspectos de la facturaci\u00f3n y la facturaci\u00f3n. Adem\u00e1s, cuenta con un amplio apoyo para una amplia gama de modelos de suscripci\u00f3n, que abarca ciclos de facturaci\u00f3n diarios, semanales, mensuales, trimestrales y anuales. Adem\u00e1s, le permite establecer per\u00edodos de prueba y opciones de precios hechas a medida de acuerdo con sus requisitos espec\u00edficos. Adem\u00e1s, este complemento coloca a su disposici\u00f3n una variedad de caracter\u00edsticas de informes s\u00f3lidas que le permiten monitorear diligentemente la actividad de suscripci\u00f3n y la generaci\u00f3n de ingresos. Dadas sus innumerables funcionalidades, Ninja Forms surge recurly como una soluci\u00f3n excepcional para las empresas que buscan capitalizar su contenido, productos o servicios aprovechando los beneficios incomparables de los pagos recurrentes.<\/p>\n<ul>\n<li>Integrar recurly con las formas ninja sin problemas<\/li>\n<li>Cree formularios de suscripci\u00f3n de manera f\u00e1cil y r\u00e1pida utilizando formularios ninja<\/li>\n<li>Permitir que los clientes se registren para pagos recurrentes con Recurly<\/li>\n<li>Personalizar campos y opciones en su formulario de suscripci\u00f3n<\/li>\n<li>Automatizar los pagos de suscripci\u00f3n y la facturaci\u00f3n a trav\u00e9s de Recurly<\/li>\n<li>Administrar y rastrear los pagos de suscripci\u00f3n y los datos del cliente dentro de su tablero de WordPress<\/li>\n<li>Mejore la experiencia de su cliente y aumente los ingresos con pagos recurrentes.<\/li>\n<li>Ofrezca opciones de facturaci\u00f3n flexibles como renovaciones autom\u00e1ticas y cargos prorados.<\/li>\n<li>Reduzca la agitaci\u00f3n siguiendo autom\u00e1ticamente con los clientes que cancelan sus suscripciones.<\/li>\n<li>Utilice poderosas herramientas de informes para rastrear el crecimiento y el rendimiento de los pagos recurrentes.<\/li>\n<\/ul>\n","protected":false},"excerpt":{"rendered":"<p>Ninja Forms Recurly es un complemento inmensamente robusto que le otorga la notable capacidad de incorporar sin problemas pagos recurrentes en su sitio web, revolucionando as\u00ed la forma en que realiza transacciones financieras. Al utilizar este complemento excepcional, puede generar formas personalizadas sin esfuerzo que tengan la capacidad de obtener datos vitales de los clientes y establecer simult\u00e1neamente planes de suscripci\u00f3n recurrentes bien estructurados. Con la implementaci\u00f3n de esta herramienta extraordinaria, puede automatizar convenientemente sus procedimientos de facturaci\u00f3n, facilitando posteriormente la gesti\u00f3n eficiente de las estimadas suscripciones de su clientela, convenientemente logradas desde la comodidad de su propio tablero de WordPress. Este complemento incomparable es excepcionalmente adecuado para empresas de todos los tama\u00f1os, ofreciendo beneficios incomparables, como la racionalizaci\u00f3n de los mecanismos de procesamiento de pagos y el aumento de la generaci\u00f3n de ingresos. \u00a1No pierda tiempo y se embarca en el emocionante viaje de perfeccionar el arte de la facturaci\u00f3n recurrente simplemente sumergi\u00e9ndote en el notable mundo de las formas ninja recurralmente hoy!<\/p>\n","protected":false},"featured_media":167030,"comment_status":"open","ping_status":"open","template":"","meta":[],"product_brand":[2509],"product_cat":[1212,1206,1211],"product_tag":[1338],"class_list":{"0":"post-117763","1":"product","2":"type-product","3":"status-publish","4":"has-post-thumbnail","6":"product_brand-ninja-forms","7":"product_cat-administracion-wordpress-plugins","8":"product_cat-plugins","9":"product_cat-wordpress-plugins","10":"product_tag-ninja-forms","11":"member-discount","12":"discount-restricted","14":"first","15":"instock","16":"sale","17":"downloadable","18":"virtual","19":"sold-individually","20":"purchasable","21":"product-type-simple"},"_links":{"self":[{"href":"https:\/\/gpl-love.com\/es\/wp-json\/wp\/v2\/product\/117763","targetHints":{"allow":["GET"]}}],"collection":[{"href":"https:\/\/gpl-love.com\/es\/wp-json\/wp\/v2\/product"}],"about":[{"href":"https:\/\/gpl-love.com\/es\/wp-json\/wp\/v2\/types\/product"}],"replies":[{"embeddable":true,"href":"https:\/\/gpl-love.com\/es\/wp-json\/wp\/v2\/comments?post=117763"}],"wp:featuredmedia":[{"embeddable":true,"href":"https:\/\/gpl-love.com\/es\/wp-json\/wp\/v2\/media\/167030"}],"wp:attachment":[{"href":"https:\/\/gpl-love.com\/es\/wp-json\/wp\/v2\/media?parent=117763"}],"wp:term":[{"taxonomy":"product_brand","embeddable":true,"href":"https:\/\/gpl-love.com\/es\/wp-json\/wp\/v2\/product_brand?post=117763"},{"taxonomy":"product_cat","embeddable":true,"href":"https:\/\/gpl-love.com\/es\/wp-json\/wp\/v2\/product_cat?post=117763"},{"taxonomy":"product_tag","embeddable":true,"href":"https:\/\/gpl-love.com\/es\/wp-json\/wp\/v2\/product_tag?post=117763"}],"curies":[{"name":"wp","href":"https:\/\/api.w.org\/{rel}","templated":true}]}}