{"id":117761,"date":"2023-02-14T00:00:00","date_gmt":"2023-02-14T05:00:00","guid":{"rendered":"https:\/\/gpl-love.com\/es\/?post_type=product&#038;p=117761"},"modified":"2026-04-10T11:19:25","modified_gmt":"2026-04-10T16:19:25","slug":"ninja-forms-onepagecrm","status":"publish","type":"product","link":"https:\/\/gpl-love.com\/es\/producto\/ninja-forms-onepagecrm\/","title":{"rendered":"Ninja Forms OnePageCRM 3.0.4"},"content":{"rendered":"<h3>Ninja Forms OnePageCRM Caracteristicas<\/h3>\n<p>Ninja Forms OnePagECRM presenta una plataforma de integraci\u00f3n robusta que facilita la conexi\u00f3n perfecta entre sus formularios y la cuenta OnePagECRM. Esta integraci\u00f3n le permite la capacidad de capturar sin esfuerzo informaci\u00f3n valiosa del cliente, rastrear efectivamente los clientes potenciales y ventas, y automatizar eficientemente sus procesos de ventas. Ya sea que su objetivo sea generar clientes potenciales, racionalizar su embudo de ventas o automatizar su proceso de ventas, Ninja Forms OnePageCrm proporciona la soluci\u00f3n integral que busca. Su interfaz directa y f\u00e1cil de usar mejora a\u00fan m\u00e1s la experiencia al simplificar la creaci\u00f3n y gesti\u00f3n de formularios que se integran perfectamente con su cuenta OnePagECRM. Por lo tanto, si aspira a elevar su destreza de ventas a alturas sin precedentes, Ninja Forms OnePagECRM es su mejor opci\u00f3n.<\/p>\n<ul>\n<li>Integraci\u00f3n entre formas ninja y onePageCrm<\/li>\n<li>Recopilar f\u00e1cilmente la informaci\u00f3n del cliente y liderar a trav\u00e9s de formularios ninja<\/li>\n<li>Env\u00ede autom\u00e1ticamente los datos del formulario a OnePagECRM para la gesti\u00f3n de plomo optimizada<\/li>\n<li>Los campos personalizados se pueden mapear entre los formularios ninja y un onePageCrm para obtener informaci\u00f3n de plomo m\u00e1s detallada<\/li>\n<li>Los formularios de m\u00faltiples pasos se pueden usar para calificar mejor los clientes potenciales antes de enviar a OnePagECRM<\/li>\n<li>La l\u00f3gica condicional se puede aplicar a formularios para una recolecci\u00f3n y gesti\u00f3n de plomo m\u00e1s espec\u00edficas<\/li>\n<li>Compatible con versiones gratuitas y pagas de formularios ninja y onepagecrm<\/li>\n<li>No se necesita experiencia t\u00e9cnica o codificaci\u00f3n para configurar y usar<\/li>\n<li>Mejora la eficiencia y la organizaci\u00f3n en los procesos de gesti\u00f3n de leads<\/li>\n<li>Ahorra tiempo y reduce los errores en la entrada de datos manuales.<\/li>\n<\/ul>\n","protected":false},"excerpt":{"rendered":"<p>La integraci\u00f3n altamente eficiente y robusta conocida como Ninja Forms OnePageCRM proporciona a los usuarios la capacidad excepcional para adquirir clientes potenciales y recopilar informaci\u00f3n de contacto de sus formularios de sitio web, todos los cuales pueden transferirse directa y sin problemas a su cuenta OnePagECRM. Esta notable integraci\u00f3n no solo ofrece un enfoque simplificado y simplificado para gestionar eficazmente los clientes potenciales y contactos, sino que tambi\u00e9n faculta a los usuarios para convertir de manera eficiente y r\u00e1pidamente clientes potenciales en ventas rentables. Al aprovechar el poder sin precedentes de las formas ninja OnePagECRM, las empresas pueden ajustar y optimizar efectivamente su proceso de ventas, lo que garantiza niveles elevados de eficiencia, mayor productividad y un resultado final significativamente mejorado.<\/p>\n","protected":false},"featured_media":167025,"comment_status":"open","ping_status":"open","template":"","meta":[],"product_brand":[2509],"product_cat":[1214,1206,1211],"product_tag":[1338],"class_list":{"0":"post-117761","1":"product","2":"type-product","3":"status-publish","4":"has-post-thumbnail","6":"product_brand-ninja-forms","7":"product_cat-personalizacion","8":"product_cat-plugins","9":"product_cat-wordpress-plugins","10":"product_tag-ninja-forms","11":"member-discount","12":"discount-restricted","14":"first","15":"instock","16":"sale","17":"downloadable","18":"virtual","19":"sold-individually","20":"purchasable","21":"product-type-simple"},"_links":{"self":[{"href":"https:\/\/gpl-love.com\/es\/wp-json\/wp\/v2\/product\/117761","targetHints":{"allow":["GET"]}}],"collection":[{"href":"https:\/\/gpl-love.com\/es\/wp-json\/wp\/v2\/product"}],"about":[{"href":"https:\/\/gpl-love.com\/es\/wp-json\/wp\/v2\/types\/product"}],"replies":[{"embeddable":true,"href":"https:\/\/gpl-love.com\/es\/wp-json\/wp\/v2\/comments?post=117761"}],"wp:featuredmedia":[{"embeddable":true,"href":"https:\/\/gpl-love.com\/es\/wp-json\/wp\/v2\/media\/167025"}],"wp:attachment":[{"href":"https:\/\/gpl-love.com\/es\/wp-json\/wp\/v2\/media?parent=117761"}],"wp:term":[{"taxonomy":"product_brand","embeddable":true,"href":"https:\/\/gpl-love.com\/es\/wp-json\/wp\/v2\/product_brand?post=117761"},{"taxonomy":"product_cat","embeddable":true,"href":"https:\/\/gpl-love.com\/es\/wp-json\/wp\/v2\/product_cat?post=117761"},{"taxonomy":"product_tag","embeddable":true,"href":"https:\/\/gpl-love.com\/es\/wp-json\/wp\/v2\/product_tag?post=117761"}],"curies":[{"name":"wp","href":"https:\/\/api.w.org\/{rel}","templated":true}]}}