{"id":117759,"date":"2025-09-16T00:00:00","date_gmt":"2025-09-16T05:00:00","guid":{"rendered":"https:\/\/gpl-love.com\/es\/?post_type=product&#038;p=117759"},"modified":"2026-04-10T11:19:25","modified_gmt":"2026-04-10T16:19:25","slug":"ninja-forms-multipart-forms","status":"publish","type":"product","link":"https:\/\/gpl-love.com\/es\/producto\/ninja-forms-multipart-forms\/","title":{"rendered":"Ninja Forms MultiPart Forms 3.0.27"},"content":{"rendered":"<h3>Ninja Forms MultiPart Forms Caracteristicas<\/h3>\n<p>El complemento Ninja Forms Multipart Forms es una herramienta incre\u00edblemente robusta que mejora la funcionalidad de su sitio web de WordPress al permitirle crear formularios intrincados y de m\u00faltiples pasos. Al aprovechar el poder de los formularios multipart, tiene la capacidad de dividir sus formularios en m\u00faltiples secciones, lo que finalmente facilita la navegaci\u00f3n del usuario y mejora el proceso de finalizaci\u00f3n. Adem\u00e1s, este complemento cuenta con una impresionante variedad de tipos de campo de formulario y opciones de personalizaci\u00f3n que lo capacitan a las formas distintivas y personalizadas que atienden espec\u00edficamente a sus requisitos \u00fanicos. Adem\u00e1s, la naturaleza f\u00e1cil de usar de Ninja Forms Forms multipart junto con sus capacidades de integraci\u00f3n perfecta con otros complementos lo convierte en una soluci\u00f3n ideal para las personas que desean crear formas sofisticadas sin la necesidad de poseer la experiencia en codificaci\u00f3n. Con la utilizaci\u00f3n del complemento de formularios multipart de Ninja Forms, puede optimizar su proceso de creaci\u00f3n de formularios, mejorar la experiencia del usuario y capturar eficientemente datos invaluables.<\/p>\n<ul>\n<li>Cree m\u00faltiples formularios con solo un complemento.<\/li>\n<li>Divida formas m\u00e1s largas en secciones m\u00e1s peque\u00f1as y m\u00e1s manejables.<\/li>\n<li>Personalice el aspecto y la sensaci\u00f3n de cada secci\u00f3n y forma.<\/li>\n<li>Use la l\u00f3gica condicional para mostrar diferentes secciones de formularios basados \u200b\u200ben la entrada del usuario.<\/li>\n<li>Agregue y elimine f\u00e1cilmente los campos de formulario seg\u00fan sea necesario.<\/li>\n<li>Rastree el progreso del usuario a trav\u00e9s del formulario con barras de progreso.<\/li>\n<li>Personalice los mensajes de env\u00edo del formulario y redirige URL.<\/li>\n<li>Use AJAX para enviar datos de formulario sin actualizar la p\u00e1gina.<\/li>\n<li>Todos los formularios son compatibles con dispositivos m\u00f3viles.<\/li>\n<li>Reciba notificaciones por correo electr\u00f3nico cuando se env\u00eden los formularios.<\/li>\n<li>Integre con el popular marketing por correo electr\u00f3nico y las herramientas CRM como MailChimp y Hubspot.<\/li>\n<li>Los env\u00edos de formularios programados le permiten controlar cu\u00e1ndo hay formularios disponibles para el env\u00edo del usuario.<\/li>\n<\/ul>\n","protected":false},"excerpt":{"rendered":"<p>Ninja Forms Forms multipart presenta a los usuarios la oportunidad de generar sin esfuerzo formularios intrincados y de varias p\u00e1ginas. Este complemento notablemente influyente capacita a las personas para desmontar formas extensas en segmentos m\u00e1s compactos y controlables, facilitando as\u00ed un proceso m\u00e1s suave para que los usuarios completen y env\u00eden su informaci\u00f3n pertinente. La utilizaci\u00f3n de plantillas personalizables y un formulario de formulario de arrastre simplista de arrastre y drogadictos agilizan a\u00fan m\u00e1s la creaci\u00f3n de formas de varias partes que se adaptan precisamente para cumplir con los requisitos \u00fanicos. Al emplear formularios Ninja Formularios multipart, se puede garantizar un encuentro ininterrumpido y f\u00e1cil de usar al tiempo que acumula simult\u00e1neamente todos los datos requeridos.<\/p>\n","protected":false},"featured_media":167024,"comment_status":"open","ping_status":"open","template":"","meta":[],"product_brand":[2509],"product_cat":[1214,1206,1211],"product_tag":[1338],"class_list":{"0":"post-117759","1":"product","2":"type-product","3":"status-publish","4":"has-post-thumbnail","6":"product_brand-ninja-forms","7":"product_cat-personalizacion","8":"product_cat-plugins","9":"product_cat-wordpress-plugins","10":"product_tag-ninja-forms","11":"member-discount","12":"discount-restricted","14":"first","15":"instock","16":"sale","17":"downloadable","18":"virtual","19":"sold-individually","20":"purchasable","21":"product-type-simple"},"_links":{"self":[{"href":"https:\/\/gpl-love.com\/es\/wp-json\/wp\/v2\/product\/117759","targetHints":{"allow":["GET"]}}],"collection":[{"href":"https:\/\/gpl-love.com\/es\/wp-json\/wp\/v2\/product"}],"about":[{"href":"https:\/\/gpl-love.com\/es\/wp-json\/wp\/v2\/types\/product"}],"replies":[{"embeddable":true,"href":"https:\/\/gpl-love.com\/es\/wp-json\/wp\/v2\/comments?post=117759"}],"wp:featuredmedia":[{"embeddable":true,"href":"https:\/\/gpl-love.com\/es\/wp-json\/wp\/v2\/media\/167024"}],"wp:attachment":[{"href":"https:\/\/gpl-love.com\/es\/wp-json\/wp\/v2\/media?parent=117759"}],"wp:term":[{"taxonomy":"product_brand","embeddable":true,"href":"https:\/\/gpl-love.com\/es\/wp-json\/wp\/v2\/product_brand?post=117759"},{"taxonomy":"product_cat","embeddable":true,"href":"https:\/\/gpl-love.com\/es\/wp-json\/wp\/v2\/product_cat?post=117759"},{"taxonomy":"product_tag","embeddable":true,"href":"https:\/\/gpl-love.com\/es\/wp-json\/wp\/v2\/product_tag?post=117759"}],"curies":[{"name":"wp","href":"https:\/\/api.w.org\/{rel}","templated":true}]}}