{"id":117757,"date":"2021-11-26T00:00:00","date_gmt":"2021-11-26T05:00:00","guid":{"rendered":"https:\/\/gpl-love.com\/es\/producto\/ninja-forms-mailpoet\/"},"modified":"2026-03-09T07:56:22","modified_gmt":"2026-03-09T12:56:22","slug":"ninja-forms-mailpoet","status":"publish","type":"product","link":"https:\/\/gpl-love.com\/es\/producto\/ninja-forms-mailpoet\/","title":{"rendered":"Ninja Forms MailPoet 3.0.1"},"content":{"rendered":"<h3>Ninja Forms MailPoet Caracteristicas<\/h3>\n<p>Ninja Forms Mailpoet es un complemento extremadamente robusto y din\u00e1mico que ofrece a los usuarios la incre\u00edble capacidad de integrar sin problemas y sin esfuerzo su campa\u00f1a de marketing por correo electr\u00f3nico con el constructor de formulario WordPress altamente popular y ampliamente utilizado conocido como formularios ninja. A trav\u00e9s de la utilizaci\u00f3n de este complemento excepcional, a los usuarios se les otorga la oportunidad de crear formularios y formularios de suscripci\u00f3n sin esfuerzo y eficiente que sean totalmente personalizables y perfectamente integrados con Mailpoet. Como resultado de esta integraci\u00f3n impecable, los usuarios est\u00e1n facultados para construir y desarrollar sin esfuerzo su lista de correo electr\u00f3nico y conectarse sin esfuerzo y involucrar a sus estimados suscriptores a trav\u00e9s del medio innovador y altamente efectivo de campa\u00f1as de marketing por correo electr\u00f3nico automatizadas. Adem\u00e1s, Ninja Forms Mailpoet tambi\u00e9n proporciona a los usuarios una gran cantidad de opciones de personalizaci\u00f3n avanzada, incluida la notable capacidad de segmentar de manera eficiente a los suscriptores y rastrear con precisi\u00f3n y monitorear el rendimiento y la eficacia de sus campa\u00f1as de correo electr\u00f3nico. En consecuencia, este complemento extraordinario sirve como una herramienta absolutamente indispensable y vital para cualquier sitio web de WordPress que est\u00e9 realmente comprometido e invertido en maximizar y optimizar sus esfuerzos e iniciativas de marketing por correo electr\u00f3nico.<\/p>\n<ul>\n<li>Integre perfectamente sus formularios ninja con Mailpoet en solo unos pocos clics<\/li>\n<li>Agregue autom\u00e1ticamente nuevos suscriptores a su lista de correo de Mailpoet con cada env\u00edo de formulario<\/li>\n<li>Personalice los mensajes de confirmaci\u00f3n de suscripci\u00f3n para una experiencia m\u00e1s personalizada<\/li>\n<li>Use opciones de orientaci\u00f3n avanzada para enviar boletines a segmentos espec\u00edficos de su lista de correo<\/li>\n<li>Administrar y organizar f\u00e1cilmente a sus suscriptores con la interfaz f\u00e1cil de usar Mailpoet<\/li>\n<li>Mant\u00e9ngase cumpliendo con las regulaciones de GDPR al habilitar la funci\u00f3n de doble opci\u00f3n de Mailpoet<\/li>\n<li>Automatice sus campa\u00f1as de correo electr\u00f3nico y ahorre tiempo con las funciones de automatizaci\u00f3n de Mailpoet<\/li>\n<li>Reciba an\u00e1lisis e informaci\u00f3n sobre sus campa\u00f1as para rastrear las tasas de apertura, las tasas de clics y m\u00e1s.<\/li>\n<\/ul>\n","protected":false},"excerpt":{"rendered":"<p>Ninja Forms Mailpoet es un complemento excepcionalmente eficaz que combina perfectamente la funcionalidad de los formularios ninja con la plataforma de marketing de correo electr\u00f3nico inmensamente prevalente, Mailpoet. Por medio de esta integraci\u00f3n perfecta, est\u00e1 dotado de la capacidad incomparable para recopilar clientes potenciales a trav\u00e9s de formularios personalizados de su sitio web y, posteriormente, de la manera m\u00e1s conveniente y automatizada, seg\u00fan Append, lo que lleva a sus estimadas listas de correo electr\u00f3nico de Mailpoet. Adem\u00e1s, debido a la inclusi\u00f3n de un conjunto de an\u00e1lisis de an\u00e1lisis e informes meticulosamente elaborados, se le brinda la notable oportunidad de monitorear y evaluar meticulosamente el \u00e9xito rotundo de sus campa\u00f1as meticulosamente elaboradas, lo que le permite optimizar y mejorar su estrategia general de marketing por correo electr\u00f3nico. Por lo tanto, se puede deducir inequ\u00edvocamente que los formularios ninja Mailpoet representan la soluci\u00f3n por excelencia para empresas y establecimientos en todos los \u00e1mbitos de la industria y el comercio que buscan ardientemente aumentar y refinar sus respectivos esfuerzos de marketing por correo electr\u00f3nico.<\/p>\n","protected":false},"featured_media":167023,"comment_status":"open","ping_status":"open","template":"","meta":[],"product_brand":[2509],"product_cat":[1232,1206,1211],"product_tag":[1338],"class_list":{"0":"post-117757","1":"product","2":"type-product","3":"status-publish","4":"has-post-thumbnail","6":"product_brand-ninja-forms","7":"product_cat-marketing-wordpress-plugins","8":"product_cat-plugins","9":"product_cat-wordpress-plugins","10":"product_tag-ninja-forms","11":"member-discount","12":"discount-restricted","14":"first","15":"instock","16":"sale","17":"downloadable","18":"virtual","19":"sold-individually","20":"purchasable","21":"product-type-simple"},"_links":{"self":[{"href":"https:\/\/gpl-love.com\/es\/wp-json\/wp\/v2\/product\/117757","targetHints":{"allow":["GET"]}}],"collection":[{"href":"https:\/\/gpl-love.com\/es\/wp-json\/wp\/v2\/product"}],"about":[{"href":"https:\/\/gpl-love.com\/es\/wp-json\/wp\/v2\/types\/product"}],"replies":[{"embeddable":true,"href":"https:\/\/gpl-love.com\/es\/wp-json\/wp\/v2\/comments?post=117757"}],"wp:featuredmedia":[{"embeddable":true,"href":"https:\/\/gpl-love.com\/es\/wp-json\/wp\/v2\/media\/167023"}],"wp:attachment":[{"href":"https:\/\/gpl-love.com\/es\/wp-json\/wp\/v2\/media?parent=117757"}],"wp:term":[{"taxonomy":"product_brand","embeddable":true,"href":"https:\/\/gpl-love.com\/es\/wp-json\/wp\/v2\/product_brand?post=117757"},{"taxonomy":"product_cat","embeddable":true,"href":"https:\/\/gpl-love.com\/es\/wp-json\/wp\/v2\/product_cat?post=117757"},{"taxonomy":"product_tag","embeddable":true,"href":"https:\/\/gpl-love.com\/es\/wp-json\/wp\/v2\/product_tag?post=117757"}],"curies":[{"name":"wp","href":"https:\/\/api.w.org\/{rel}","templated":true}]}}