{"id":117755,"date":"2023-03-09T00:00:00","date_gmt":"2023-03-09T05:00:00","guid":{"rendered":"https:\/\/gpl-love.com\/es\/?post_type=product&#038;p=117755"},"modified":"2026-04-10T11:19:24","modified_gmt":"2026-04-10T16:19:24","slug":"ninja-forms-mailchimp","status":"publish","type":"product","link":"https:\/\/gpl-love.com\/es\/producto\/ninja-forms-mailchimp\/","title":{"rendered":"Ninja Forms MailChimp 3.3.6"},"content":{"rendered":"<h3>Ninja Forms MailChimp Caracteristicas<\/h3>\n<p>Ninja Forms MailChimp es una integraci\u00f3n muy s\u00f3lida que facilita la conexi\u00f3n perfecta entre su sitio de WordPress y la plataforma de marketing por correo electr\u00f3nico ampliamente aclamada, MailChimp. Esta herramienta ADEPT garantiza un proceso sin problemas de construir formas y encuestas personalizadas, monitorear el comportamiento del usuario e dise\u00f1ar campa\u00f1as enfocadas que son fundamentales para aumentar el crecimiento de su negocio. Independientemente de si su objetivo es escalar la cantidad de registros, elevar la participaci\u00f3n del usuario o impulsar las ventas, los formularios ninja le capacitan una variedad de recursos que son indispensables para lograr estos objetivos. Por lo tanto, si est\u00e1 preparado para elevar la eficacia de sus esfuerzos de marketing por correo electr\u00f3nico a alturas sin precedentes, \u00a1no hay mejor momento que hoy para darles un giro a los formularios ninja!<\/p>\n<ul>\n<li>Integraci\u00f3n perfecta de formularios ninja con MailChimp para una f\u00e1cil gesti\u00f3n de la lista de correo electr\u00f3nico<\/li>\n<li>Automatice sus esfuerzos de marketing por correo electr\u00f3nico con facilidad<\/li>\n<li>Cree formularios personalizados y examine a su audiencia con formularios ninja<\/li>\n<li>Use campos personalizados en sus formularios para clasificar mejor a sus suscriptores y adaptar sus mensajes<\/li>\n<li>Enviar campa\u00f1as espec\u00edficas a grupos espec\u00edficos dentro de su audiencia<\/li>\n<li>Rastrear f\u00e1cilmente el rendimiento de la campa\u00f1a y tomar decisiones basadas en datos<\/li>\n<li>Mejorar los esfuerzos de generaci\u00f3n de leads capturando la informaci\u00f3n de contacto a trav\u00e9s de formularios directamente conectados a MailChimp<\/li>\n<li>Utilice integraciones con otras herramientas de marketing como las redes sociales, Google Analytics y m\u00e1s.<\/li>\n<\/ul>\n","protected":false},"excerpt":{"rendered":"<p>Ninja Forms MailChimp, la herramienta formidable en cuesti\u00f3n, fusiona perfectamente el complemento de formulario de WordPress ampliamente utilizado, formularios ninja, con la famosa plataforma de marketing por correo electr\u00f3nico, MailChimp. Esta integraci\u00f3n perfecta brinda a los usuarios la notable capacidad de adaptar y automatizar las iniciativas de generaci\u00f3n de leads y las campa\u00f1as de marketing por correo electr\u00f3nico. En consecuencia, esto garantiza un enfoque eficiente y cohesivo para la conversi\u00f3n de una clientela potencial en clientes dedicados. Las caracter\u00edsticas integrales ofrecidas por los formularios Ninja MailChimp permiten a los usuarios crear y enviar campa\u00f1as de correo electr\u00f3nico espec\u00edficamente dirigidas espec\u00edficamente, capturar y administrar de manera eficiente, y monitorear meticulosamente sus triunfos a trav\u00e9s de intrincados datos anal\u00edticos. Independientemente de la competencia de uno en el \u00e1mbito del marketing, ya sea un profesional experimentado o un novato que se embarca en su viaje, la indispensabilidad de Ninja Forms MailChimp como una herramienta dise\u00f1ada para aumentar la presencia en l\u00ednea y las tasas de conversi\u00f3n de refuerzo no pueden exagerarse.<\/p>\n","protected":false},"featured_media":167022,"comment_status":"open","ping_status":"open","template":"","meta":[],"product_brand":[2509],"product_cat":[1232,1206,1211],"product_tag":[1338],"class_list":{"0":"post-117755","1":"product","2":"type-product","3":"status-publish","4":"has-post-thumbnail","6":"product_brand-ninja-forms","7":"product_cat-marketing-wordpress-plugins","8":"product_cat-plugins","9":"product_cat-wordpress-plugins","10":"product_tag-ninja-forms","11":"member-discount","12":"discount-restricted","14":"first","15":"instock","16":"sale","17":"downloadable","18":"virtual","19":"sold-individually","20":"purchasable","21":"product-type-simple"},"_links":{"self":[{"href":"https:\/\/gpl-love.com\/es\/wp-json\/wp\/v2\/product\/117755","targetHints":{"allow":["GET"]}}],"collection":[{"href":"https:\/\/gpl-love.com\/es\/wp-json\/wp\/v2\/product"}],"about":[{"href":"https:\/\/gpl-love.com\/es\/wp-json\/wp\/v2\/types\/product"}],"replies":[{"embeddable":true,"href":"https:\/\/gpl-love.com\/es\/wp-json\/wp\/v2\/comments?post=117755"}],"wp:featuredmedia":[{"embeddable":true,"href":"https:\/\/gpl-love.com\/es\/wp-json\/wp\/v2\/media\/167022"}],"wp:attachment":[{"href":"https:\/\/gpl-love.com\/es\/wp-json\/wp\/v2\/media?parent=117755"}],"wp:term":[{"taxonomy":"product_brand","embeddable":true,"href":"https:\/\/gpl-love.com\/es\/wp-json\/wp\/v2\/product_brand?post=117755"},{"taxonomy":"product_cat","embeddable":true,"href":"https:\/\/gpl-love.com\/es\/wp-json\/wp\/v2\/product_cat?post=117755"},{"taxonomy":"product_tag","embeddable":true,"href":"https:\/\/gpl-love.com\/es\/wp-json\/wp\/v2\/product_tag?post=117755"}],"curies":[{"name":"wp","href":"https:\/\/api.w.org\/{rel}","templated":true}]}}