{"id":117753,"date":"2024-06-12T00:00:00","date_gmt":"2024-06-12T05:00:00","guid":{"rendered":"https:\/\/gpl-love.com\/es\/?post_type=product&#038;p=117753"},"modified":"2026-04-10T11:19:23","modified_gmt":"2026-04-10T16:19:23","slug":"ninja-forms-layout-y-styles","status":"publish","type":"product","link":"https:\/\/gpl-love.com\/es\/producto\/ninja-forms-layout-y-styles\/","title":{"rendered":"Ninja Forms Layout y Styles 3.0.30"},"content":{"rendered":"<h3>Ninja Forms Layout y Styles Caracteristicas<\/h3>\n<p>El dise\u00f1o y los estilos de Ninja Forms se presenta como una herramienta muy potente e influyente, lo que permite a los usuarios personalizar sin esfuerzo y competencia la apariencia y el ambiente de sus formas. Esta herramienta abarca un espectro extenso de dise\u00f1os de formulario predise\u00f1ados, otorgando a los usuarios la libertad de optar por dise\u00f1os que se alineen armoniosamente con el estilo de su sitio web. Adem\u00e1s, los usuarios poseen la opci\u00f3n de elaborar sus propios dise\u00f1os personalizados, aumentando a\u00fan m\u00e1s el nivel de personalizaci\u00f3n y profesionalismo alcanzado. Adem\u00e1s de sus caracter\u00edsticas de dise\u00f1o, el dise\u00f1o y los estilos de Forms Ninja proporcionan una variedad de opciones de estilo, lo que brinda a los usuarios la oportunidad de profundizar a\u00fan m\u00e1s en el \u00e1mbito de la personalizaci\u00f3n. Estas opciones de estilo abarcan desde la alteraci\u00f3n de la fuente y el color de texto hasta la integraci\u00f3n perfecta de CSS personalizado. Adoptar las posibilidades ofrecidas por esta herramienta din\u00e1mica, los usuarios pueden crear formas sin esfuerzo que exuden la excelencia est\u00e9tica al tiempo que funcionan con la mayor eficiencia. En consecuencia, los usuarios est\u00e1n equipados con los medios para recopilar informaci\u00f3n del usuario sin esfuerzo, asegurando un proceso sin costuras y sin fricci\u00f3n.<\/p>\n<ul>\n<li>Dise\u00f1os y estilos de formularios ninja personalizables<\/li>\n<li>Interfaz de arrastrar y soltar f\u00e1cilmente de usuario<\/li>\n<li>Admite estilos de forma ilimitados<\/li>\n<li>Plantillas preconstruidas disponibles para una configuraci\u00f3n r\u00e1pida<\/li>\n<li>Opciones de personalizaci\u00f3n avanzada disponibles para desarrolladores<\/li>\n<li>Compatible con todos los complementos y extensiones de Ninja Forms<\/li>\n<li>Dise\u00f1o totalmente receptivo para una experiencia de usuario perfecta en cualquier dispositivo<\/li>\n<li>Soporte incorporado para fuentes populares y paletas de colores<\/li>\n<li>Integraci\u00f3n perfecta con plataformas CMS populares como WordPress y Joomla<\/li>\n<li>Incluye un conjunto completo de documentaci\u00f3n y tutoriales para una f\u00e1cil configuraci\u00f3n e implementaci\u00f3n.<\/li>\n<\/ul>\n","protected":false},"excerpt":{"rendered":"<p>Eleve la calidad de sus formas ninja integrando perfectamente nuestro dise\u00f1o avanzado y complemento de estilos, lo que le permite dise\u00f1ar obras maestras extraordinarias y cautivadoras. Elabore las plantillas personalizadas para alinearse perfectamente con su identidad de marca \u00fanica y dejar sin esfuerzo un impacto memorable en su estimada clientela. Se despiden de las formas mundanas y de los molinos y adopta una amalgamaci\u00f3n encantadora de im\u00e1genes cautivadoras y una funcionalidad excepcional que exige inequ\u00edvocamente atenci\u00f3n e impulse un aumento exponencial en las conversiones.<\/p>\n","protected":false},"featured_media":167020,"comment_status":"open","ping_status":"open","template":"","meta":[],"product_brand":[2509],"product_cat":[1214,1206,1211],"product_tag":[1338],"class_list":{"0":"post-117753","1":"product","2":"type-product","3":"status-publish","4":"has-post-thumbnail","6":"product_brand-ninja-forms","7":"product_cat-personalizacion","8":"product_cat-plugins","9":"product_cat-wordpress-plugins","10":"product_tag-ninja-forms","11":"member-discount","12":"discount-restricted","14":"first","15":"instock","16":"sale","17":"downloadable","18":"virtual","19":"sold-individually","20":"purchasable","21":"product-type-simple"},"_links":{"self":[{"href":"https:\/\/gpl-love.com\/es\/wp-json\/wp\/v2\/product\/117753","targetHints":{"allow":["GET"]}}],"collection":[{"href":"https:\/\/gpl-love.com\/es\/wp-json\/wp\/v2\/product"}],"about":[{"href":"https:\/\/gpl-love.com\/es\/wp-json\/wp\/v2\/types\/product"}],"replies":[{"embeddable":true,"href":"https:\/\/gpl-love.com\/es\/wp-json\/wp\/v2\/comments?post=117753"}],"wp:featuredmedia":[{"embeddable":true,"href":"https:\/\/gpl-love.com\/es\/wp-json\/wp\/v2\/media\/167020"}],"wp:attachment":[{"href":"https:\/\/gpl-love.com\/es\/wp-json\/wp\/v2\/media?parent=117753"}],"wp:term":[{"taxonomy":"product_brand","embeddable":true,"href":"https:\/\/gpl-love.com\/es\/wp-json\/wp\/v2\/product_brand?post=117753"},{"taxonomy":"product_cat","embeddable":true,"href":"https:\/\/gpl-love.com\/es\/wp-json\/wp\/v2\/product_cat?post=117753"},{"taxonomy":"product_tag","embeddable":true,"href":"https:\/\/gpl-love.com\/es\/wp-json\/wp\/v2\/product_tag?post=117753"}],"curies":[{"name":"wp","href":"https:\/\/api.w.org\/{rel}","templated":true}]}}