{"id":117751,"date":"2025-06-08T00:00:00","date_gmt":"2025-06-08T05:00:00","guid":{"rendered":"https:\/\/gpl-love.com\/es\/?post_type=product&#038;p=117751"},"modified":"2026-04-10T11:19:20","modified_gmt":"2026-04-10T16:19:20","slug":"ninja-forms-help-scout","status":"publish","type":"product","link":"https:\/\/gpl-love.com\/es\/producto\/ninja-forms-help-scout\/","title":{"rendered":"Ninja Forms Help Scout 3.1.4"},"content":{"rendered":"<h3>Ninja Forms Help Scout Caracteristicas<\/h3>\n<p>La integraci\u00f3n de los formularios ninja y Help Scout ofrece una gran cantidad de beneficios, por lo que es una herramienta poderosa para una integraci\u00f3n perfecta entre estas dos plataformas ampliamente utilizadas. Al permitir a los usuarios crear boletos de Help Scout sin esfuerzo directamente de sus env\u00edos de formularios Ninja, facilita un proceso simplificado para abordar las consultas de los clientes y brindar soporte. Adem\u00e1s, los formularios Ninja ayudan a Scout permiten a los usuarios mapear convenientemente formar campos para ayudar a explorar los campos de boletos, automatizando la poblaci\u00f3n de informaci\u00f3n del cliente en el boleto. En consecuencia, esto minimiza la necesidad de entrada manual de datos, reduciendo as\u00ed el potencial de error humano. Como tal, esta integraci\u00f3n es un activo indispensable para cualquier negocio que busque elevar su experiencia de atenci\u00f3n al cliente y reforzar la eficiencia operativa general.<\/p>\n<ul>\n<li>Syncs Ninja Forms Env\u00edos con la plataforma de atenci\u00f3n al cliente de Help Scout<\/li>\n<li>Crea autom\u00e1ticamente las conversaciones de Scout para cada env\u00edo de formulario<\/li>\n<li>Env\u00eda datos de env\u00edo del formulario directamente para ayudar a los boletos de Scouts<\/li>\n<li>Permite un f\u00e1cil seguimiento y gesti\u00f3n de consultas de atenci\u00f3n al cliente<\/li>\n<li>Elimina la necesidad de entrada de datos manuales y reduce el riesgo de error<\/li>\n<li>Mapeo personalizable de campos de formulario para ayudar a explorar los campos de boletos<\/li>\n<li>Mejora la experiencia del cliente al habilitar el manejo r\u00e1pido y eficiente de las solicitudes de soporte<\/li>\n<li>Compatible con todas las versiones de los formularios ninja y ayudar a explorar<\/li>\n<li>Interfaz f\u00e1cil de usar y proceso de instalaci\u00f3n f\u00e1cil<\/li>\n<li>Ahorra tiempo y l\u00ednea de l\u00ednea de flujo de trabajo de atenci\u00f3n al cliente<\/li>\n<\/ul>\n","protected":false},"excerpt":{"rendered":"<p>Al utilizar los poderosos formularios Ninja ayudan a la integraci\u00f3n de exploraci\u00f3n, los usuarios pueden manejar y monitorear eficientemente las consultas de atenci\u00f3n al cliente con la m\u00e1xima facilidad. Esta notable integraci\u00f3n facilita la creaci\u00f3n de las conversaciones de Help Scout directamente de las presentaciones de los formularios Ninja, asegurando as\u00ed una experiencia de atenci\u00f3n al cliente sin problemas y sin problemas. Ac\u00e9tate a la onerosa tarea de copiar y pegar tediosamente informaci\u00f3n entre plataformas y, en cambio, optimizar y racionalizar su proceso de soporte integrando formularios ninja con Help Scout.<\/p>\n","protected":false},"featured_media":167014,"comment_status":"open","ping_status":"open","template":"","meta":[],"product_brand":[2509],"product_cat":[1212,1206,1211],"product_tag":[1338],"class_list":{"0":"post-117751","1":"product","2":"type-product","3":"status-publish","4":"has-post-thumbnail","6":"product_brand-ninja-forms","7":"product_cat-administracion-wordpress-plugins","8":"product_cat-plugins","9":"product_cat-wordpress-plugins","10":"product_tag-ninja-forms","11":"member-discount","12":"discount-restricted","14":"first","15":"instock","16":"sale","17":"downloadable","18":"virtual","19":"sold-individually","20":"purchasable","21":"product-type-simple"},"_links":{"self":[{"href":"https:\/\/gpl-love.com\/es\/wp-json\/wp\/v2\/product\/117751","targetHints":{"allow":["GET"]}}],"collection":[{"href":"https:\/\/gpl-love.com\/es\/wp-json\/wp\/v2\/product"}],"about":[{"href":"https:\/\/gpl-love.com\/es\/wp-json\/wp\/v2\/types\/product"}],"replies":[{"embeddable":true,"href":"https:\/\/gpl-love.com\/es\/wp-json\/wp\/v2\/comments?post=117751"}],"wp:featuredmedia":[{"embeddable":true,"href":"https:\/\/gpl-love.com\/es\/wp-json\/wp\/v2\/media\/167014"}],"wp:attachment":[{"href":"https:\/\/gpl-love.com\/es\/wp-json\/wp\/v2\/media?parent=117751"}],"wp:term":[{"taxonomy":"product_brand","embeddable":true,"href":"https:\/\/gpl-love.com\/es\/wp-json\/wp\/v2\/product_brand?post=117751"},{"taxonomy":"product_cat","embeddable":true,"href":"https:\/\/gpl-love.com\/es\/wp-json\/wp\/v2\/product_cat?post=117751"},{"taxonomy":"product_tag","embeddable":true,"href":"https:\/\/gpl-love.com\/es\/wp-json\/wp\/v2\/product_tag?post=117751"}],"curies":[{"name":"wp","href":"https:\/\/api.w.org\/{rel}","templated":true}]}}