{"id":117749,"date":"2021-10-11T00:00:00","date_gmt":"2021-10-11T05:00:00","guid":{"rendered":"https:\/\/gpl-love.com\/es\/?post_type=product&#038;p=117749"},"modified":"2026-03-09T07:56:09","modified_gmt":"2026-03-09T12:56:09","slug":"ninja-forms-getresponse","status":"publish","type":"product","link":"https:\/\/gpl-love.com\/es\/producto\/ninja-forms-getresponse\/","title":{"rendered":"Ninja Forms GetResponse 1.2.1"},"content":{"rendered":"<h3>Ninja Forms GetResponse Caracteristicas<\/h3>\n<p>Ninja Forms GetResponse es una herramienta de marketing incre\u00edblemente robusta y efectiva, que proporciona a las empresas los medios para administrar eficientemente sus campa\u00f1as de generaci\u00f3n de leads y marketing por correo electr\u00f3nico. Este notable complemento permite a los usuarios generar formas personalizables sin esfuerzo que se integran sin problemas con GetResponse, una plataforma de marketing de correo electr\u00f3nico de renombre y ampliamente utilizado. Sin limitarse a un tipo de forma singular, el complemento atiende a las diversas necesidades de las empresas al ofrecer una variedad de opciones, incluidos los formularios de registro, los formularios de contacto y los formularios de retroalimentaci\u00f3n. Esta impresionante variedad garantiza la m\u00e1xima flexibilidad y facilidad de uso para los usuarios. Adem\u00e1s, una de las caracter\u00edsticas destacadas de este complemento es su excepcional facilidad de uso, ya que elimina por completo la necesidad de la experiencia en codificaci\u00f3n. Esta caracter\u00edstica de empoderamiento permite a los usuarios crear, administrar y analizar sin esfuerzo sus formas y campa\u00f1as. En \u00faltima instancia, los formularios Ninja GetResponse es la soluci\u00f3n por excelencia para las empresas que buscan optimizar sus esfuerzos de generaci\u00f3n de leads y marketing por correo electr\u00f3nico, todo mientras mantiene un enfoque notablemente f\u00e1cil de usar.<\/p>\n<ul>\n<li>Integraci\u00f3n perfecta entre los formularios ninja y la resistencia<\/li>\n<li>Capacidad para agregar autom\u00e1ticamente los env\u00edos de formularios a las listas de GetResponse<\/li>\n<li>Campos personalizables para mapear los datos de formularios ninja a los campos correspondientes en GetResponse<\/li>\n<li>Opci\u00f3n para configurar la Opt-In doble para la verificaci\u00f3n adicional de la direcci\u00f3n de correo electr\u00f3nico<\/li>\n<li>Soporte para m\u00faltiples listas y segmentos dentro de GetResponse<\/li>\n<li>Sincronizaci\u00f3n en tiempo real de datos para informaci\u00f3n de contacto actualizada<\/li>\n<li>Interfaz f\u00e1cil de usar para f\u00e1cil configuraci\u00f3n y gesti\u00f3n<\/li>\n<li>Compatibilidad con versiones gratuitas y pagas de formularios ninja y getResponse<\/li>\n<li>Capacidad para usar la l\u00f3gica condicional para refinar a\u00fan m\u00e1s los env\u00edos de formularios agregados a GetResponse<\/li>\n<li>Actualizaciones regulares y mejora de las caracter\u00edsticas de los formularios ninja y los equipos de GetResponse<\/li>\n<\/ul>\n","protected":false},"excerpt":{"rendered":"<p>Ninja Forms GetResponse, una herramienta de marketing muy robusta, ofrece a las empresas la notable capacidad de integrar a la perfecci\u00f3n sus formularios de sitio web con su cuenta GetResponse. Este producto excepcional no solo permite a las empresas expandir r\u00e1pidamente y sin esfuerzo su lista de correo electr\u00f3nico, sino que tambi\u00e9n facilita la automatizaci\u00f3n de suscripciones de suscriptores a trav\u00e9s de sus formularios de sitio web, junto con el despacho autom\u00e1tico de correos electr\u00f3nicos espec\u00edficos a suscriptores, teniendo en cuenta su nivel de compromiso de compromiso . Adem\u00e1s, Ninja Forms GetResponse proporciona a las empresas invaluables informaci\u00f3n de datos para optimizar sus campa\u00f1as de correo electr\u00f3nico y mejorar sus estrategias de marketing generales. Con su interfaz f\u00e1cil de usar y sus caracter\u00edsticas de vanguardia, los formularios Ninja GetResponse surgen indudablemente como una herramienta indispensable para cualquier negocio que se esfuerce por amplificar sus esfuerzos de marketing por correo electr\u00f3nico.<\/p>\n","protected":false},"featured_media":167013,"comment_status":"open","ping_status":"open","template":"","meta":[],"product_brand":[2509],"product_cat":[1232,1206,1211],"product_tag":[1338],"class_list":{"0":"post-117749","1":"product","2":"type-product","3":"status-publish","4":"has-post-thumbnail","6":"product_brand-ninja-forms","7":"product_cat-marketing-wordpress-plugins","8":"product_cat-plugins","9":"product_cat-wordpress-plugins","10":"product_tag-ninja-forms","11":"member-discount","12":"discount-restricted","14":"first","15":"instock","16":"sale","17":"downloadable","18":"virtual","19":"sold-individually","20":"purchasable","21":"product-type-simple"},"_links":{"self":[{"href":"https:\/\/gpl-love.com\/es\/wp-json\/wp\/v2\/product\/117749","targetHints":{"allow":["GET"]}}],"collection":[{"href":"https:\/\/gpl-love.com\/es\/wp-json\/wp\/v2\/product"}],"about":[{"href":"https:\/\/gpl-love.com\/es\/wp-json\/wp\/v2\/types\/product"}],"replies":[{"embeddable":true,"href":"https:\/\/gpl-love.com\/es\/wp-json\/wp\/v2\/comments?post=117749"}],"wp:featuredmedia":[{"embeddable":true,"href":"https:\/\/gpl-love.com\/es\/wp-json\/wp\/v2\/media\/167013"}],"wp:attachment":[{"href":"https:\/\/gpl-love.com\/es\/wp-json\/wp\/v2\/media?parent=117749"}],"wp:term":[{"taxonomy":"product_brand","embeddable":true,"href":"https:\/\/gpl-love.com\/es\/wp-json\/wp\/v2\/product_brand?post=117749"},{"taxonomy":"product_cat","embeddable":true,"href":"https:\/\/gpl-love.com\/es\/wp-json\/wp\/v2\/product_cat?post=117749"},{"taxonomy":"product_tag","embeddable":true,"href":"https:\/\/gpl-love.com\/es\/wp-json\/wp\/v2\/product_tag?post=117749"}],"curies":[{"name":"wp","href":"https:\/\/api.w.org\/{rel}","templated":true}]}}