{"id":117747,"date":"2021-10-11T00:00:00","date_gmt":"2021-10-11T05:00:00","guid":{"rendered":"https:\/\/gpl-love.com\/es\/?post_type=product&#038;p=117747"},"modified":"2026-03-09T07:56:06","modified_gmt":"2026-03-09T12:56:06","slug":"ninja-forms-freshbooks","status":"publish","type":"product","link":"https:\/\/gpl-love.com\/es\/producto\/ninja-forms-freshbooks\/","title":{"rendered":"Ninja Forms FreshBooks 1.0.1"},"content":{"rendered":"<h3>Ninja Forms FreshBooks Caracteristicas<\/h3>\n<p>La integraci\u00f3n entre los formularios Ninja y FreshBooks ofrece a los usuarios un medio notablemente suave y sin esfuerzo para vincular sus formularios de contacto de WordPress a su cuenta FreshBooks, lo que permite una transferencia perfecta de informaci\u00f3n del cliente. Al aprovechar esta integraci\u00f3n, los usuarios pueden generar sin esfuerzo formularios personalizados que recopilan eficientemente los datos del cliente y los env\u00edan r\u00e1pidamente a su cuenta de FreshBooks. Como resultado, esta integraci\u00f3n optimiza efectivamente los procedimientos de facturaci\u00f3n y gesti\u00f3n del cliente, lo que resulta en un ahorro significativo de tiempo y una mayor productividad. Adem\u00e1s, esta integraci\u00f3n permite un seguimiento conveniente de la facturaci\u00f3n y los datos financieros, lo que garantiza pr\u00e1cticas impecables y eficientes de mantenimiento de registros. En consecuencia, el Ninja Forms FreshBooks Integration surge como una herramienta excepcionalmente invaluable para empresas y trabajadores independientes, ya que simplifica y simplifica de manera efectiva sus procesos de facturaci\u00f3n y facturaci\u00f3n.<\/p>\n<ul>\n<li>Integraci\u00f3n perfecta entre formularios ninja y Freshbooks<\/li>\n<li>Transferencia autom\u00e1tica de env\u00edos de formularios a FreshBooks<\/li>\n<li>Capacidad para mapear los campos de formulario espec\u00edficos a los campos de FreshBooks correspondientes<\/li>\n<li>Opci\u00f3n para crear nuevos clientes y facturas en FreshBooks directamente de los formularios ninja<\/li>\n<li>Ahorra tiempo y reduce los errores de entrada de datos manuales<\/li>\n<li>Compatible con formularios ninja y planes pagados<\/li>\n<li>No se requieren habilidades t\u00e9cnicas o de codificaci\u00f3n para configurar la integraci\u00f3n<\/li>\n<li>Proporciona una forma simplificada y eficiente de administrar la informaci\u00f3n del cliente y de pago<\/li>\n<\/ul>\n","protected":false},"excerpt":{"rendered":"<p>La integraci\u00f3n entre los formularios Ninja y FreshBooks sirve como una herramienta incre\u00edblemente robusta, otorga a los usuarios la capacidad de establecer sin esfuerzo una conexi\u00f3n entre sus formularios web y la cuenta de FreshBooks. Mediante esta integraci\u00f3n, los usuarios pueden recopilar f\u00e1cilmente informaci\u00f3n extensa del cliente, generar facturas sin esfuerzo y monitorear diligentemente los pagos, todo sin tener que navegar lejos de su tablero de formularios ninja. \u00a1D\u00e9jate despedir al tedioso proceso de ingresar datos manualmente y dar la bienvenida a un flujo de trabajo m\u00e1s eficiente y bien organizado!<\/p>\n","protected":false},"featured_media":167011,"comment_status":"open","ping_status":"open","template":"","meta":[],"product_brand":[2509],"product_cat":[1212,1206,1211],"product_tag":[1338],"class_list":{"0":"post-117747","1":"product","2":"type-product","3":"status-publish","4":"has-post-thumbnail","6":"product_brand-ninja-forms","7":"product_cat-administracion-wordpress-plugins","8":"product_cat-plugins","9":"product_cat-wordpress-plugins","10":"product_tag-ninja-forms","11":"member-discount","12":"discount-restricted","14":"first","15":"instock","16":"sale","17":"downloadable","18":"virtual","19":"sold-individually","20":"purchasable","21":"product-type-simple"},"_links":{"self":[{"href":"https:\/\/gpl-love.com\/es\/wp-json\/wp\/v2\/product\/117747","targetHints":{"allow":["GET"]}}],"collection":[{"href":"https:\/\/gpl-love.com\/es\/wp-json\/wp\/v2\/product"}],"about":[{"href":"https:\/\/gpl-love.com\/es\/wp-json\/wp\/v2\/types\/product"}],"replies":[{"embeddable":true,"href":"https:\/\/gpl-love.com\/es\/wp-json\/wp\/v2\/comments?post=117747"}],"wp:featuredmedia":[{"embeddable":true,"href":"https:\/\/gpl-love.com\/es\/wp-json\/wp\/v2\/media\/167011"}],"wp:attachment":[{"href":"https:\/\/gpl-love.com\/es\/wp-json\/wp\/v2\/media?parent=117747"}],"wp:term":[{"taxonomy":"product_brand","embeddable":true,"href":"https:\/\/gpl-love.com\/es\/wp-json\/wp\/v2\/product_brand?post=117747"},{"taxonomy":"product_cat","embeddable":true,"href":"https:\/\/gpl-love.com\/es\/wp-json\/wp\/v2\/product_cat?post=117747"},{"taxonomy":"product_tag","embeddable":true,"href":"https:\/\/gpl-love.com\/es\/wp-json\/wp\/v2\/product_tag?post=117747"}],"curies":[{"name":"wp","href":"https:\/\/api.w.org\/{rel}","templated":true}]}}