{"id":117745,"date":"2026-03-20T00:00:00","date_gmt":"2026-03-20T05:00:00","guid":{"rendered":"https:\/\/gpl-love.com\/es\/?post_type=product&#038;p=117745"},"modified":"2026-04-10T11:19:18","modified_gmt":"2026-04-10T16:19:18","slug":"ninja-forms-file-uploads","status":"publish","type":"product","link":"https:\/\/gpl-love.com\/es\/producto\/ninja-forms-file-uploads\/","title":{"rendered":"Ninja Forms File Uploads 3.3.27"},"content":{"rendered":"<h3>Ninja Forms File Uploads Caracteristicas<\/h3>\n<p>Ninja Forms File Supars es un software inmensamente poderoso que ofrece a los usuarios la capacidad conveniente de cargar y administrar efectivamente los archivos a trav\u00e9s de sus formularios de sitio web. Al emplear su caracter\u00edstica de arrastrar y soltar notablemente f\u00e1cil de usar, las personas pueden incorporar convenientemente los campos de carga de archivos en sus formularios, personaliz\u00e1ndolos posteriormente para satisfacer sus requisitos \u00fanicos, al tiempo que imponen restricciones al tama\u00f1o y el formato de los archivos que se pueden cargar . Este software en particular es excepcionalmente adecuado para empresas o personas que requieren la recopilaci\u00f3n de documentos, im\u00e1genes o cualquier otro tipo de archivo concebible de sus estimados visitantes del sitio web. El proceso de instalaci\u00f3n para las cargas de archivos Ninja Forms es una brisa absoluta, y se integra armoniosamente con una amplia gama de complementos de WordPress altamente buscados, lo que culmin\u00f3 con una adici\u00f3n invaluable a cualquier sitio web. Participando de una manera altamente intuitiva y sin complicaciones, este software permite a los usuarios administrar sus archivos de manera competente, optimizando as\u00ed su flujo de trabajo con notable eficacia.<\/p>\n<ul>\n<li>Integre perfectamente la carga de archivos en sus flujos de trabajo de Ninja Forms<\/li>\n<li>Permitir a los usuarios cargar f\u00e1cilmente documentos, im\u00e1genes y archivos multimedia a trav\u00e9s de sus formularios<\/li>\n<li>Elija entre una variedad de tipos de archivos y ajuste los l\u00edmites de carga para satisfacer sus necesidades<\/li>\n<li>Obtenga una mejor organizaci\u00f3n y gesti\u00f3n de archivos enviados con nuestro sistema de administraci\u00f3n incorporado<\/li>\n<li>Reciba notificaciones por correo electr\u00f3nico cuando los archivos se han cargado a trav\u00e9s de sus formularios<\/li>\n<li>Mantenga a los usuarios informados con barras din\u00e1micas de progreso que muestran progreso de carga en tiempo real<\/li>\n<li>Configure las reglas l\u00f3gicas condicionales para las cargas de archivos para garantizar que solo se env\u00eden los archivos necesarios<\/li>\n<li>Ahorre tiempo automatizando su proceso de carga de archivos con nuestro complemento eficiente.<\/li>\n<\/ul>\n","protected":false},"excerpt":{"rendered":"<p>Ninja Forms File Cargas presenta una herramienta formidable que facilita la integraci\u00f3n perfecta de la funcionalidad de carga de archivos en sus formularios Ninja. Ofreciendo la notable capacidad de cargar m\u00faltiples archivos simult\u00e1neamente y especificar los tipos y tama\u00f1os de archivos deseados, este complemento resulta excepcionalmente ventajoso tanto para las empresas como para las personas que buscan recopilar documentos vitales, im\u00e1genes o cualquier otro activo digital de su estimado clientele o clientes valorados. Independientemente de si aspira a crear un formulario de contacto simplista o una aplicaci\u00f3n intrincadamente detallada, el archivo Ninja Forms se carga sin esfuerzo facilita sin esfuerzo la captura, el almacenamiento y la administraci\u00f3n de sus archivos. Adem\u00e1s, su interfaz f\u00e1cil de usar y sus opciones personalizables permiten la adaptaci\u00f3n sin esfuerzo del complemento para alinearse impecablemente con sus requisitos y preferencias \u00fanicas.<\/p>\n","protected":false},"featured_media":167009,"comment_status":"open","ping_status":"open","template":"","meta":[],"product_brand":[2509],"product_cat":[1214,1206,1211],"product_tag":[1338],"class_list":{"0":"post-117745","1":"product","2":"type-product","3":"status-publish","4":"has-post-thumbnail","6":"product_brand-ninja-forms","7":"product_cat-personalizacion","8":"product_cat-plugins","9":"product_cat-wordpress-plugins","10":"product_tag-ninja-forms","11":"member-discount","12":"discount-restricted","14":"first","15":"instock","16":"sale","17":"downloadable","18":"virtual","19":"sold-individually","20":"purchasable","21":"product-type-simple"},"_links":{"self":[{"href":"https:\/\/gpl-love.com\/es\/wp-json\/wp\/v2\/product\/117745","targetHints":{"allow":["GET"]}}],"collection":[{"href":"https:\/\/gpl-love.com\/es\/wp-json\/wp\/v2\/product"}],"about":[{"href":"https:\/\/gpl-love.com\/es\/wp-json\/wp\/v2\/types\/product"}],"replies":[{"embeddable":true,"href":"https:\/\/gpl-love.com\/es\/wp-json\/wp\/v2\/comments?post=117745"}],"wp:featuredmedia":[{"embeddable":true,"href":"https:\/\/gpl-love.com\/es\/wp-json\/wp\/v2\/media\/167009"}],"wp:attachment":[{"href":"https:\/\/gpl-love.com\/es\/wp-json\/wp\/v2\/media?parent=117745"}],"wp:term":[{"taxonomy":"product_brand","embeddable":true,"href":"https:\/\/gpl-love.com\/es\/wp-json\/wp\/v2\/product_brand?post=117745"},{"taxonomy":"product_cat","embeddable":true,"href":"https:\/\/gpl-love.com\/es\/wp-json\/wp\/v2\/product_cat?post=117745"},{"taxonomy":"product_tag","embeddable":true,"href":"https:\/\/gpl-love.com\/es\/wp-json\/wp\/v2\/product_tag?post=117745"}],"curies":[{"name":"wp","href":"https:\/\/api.w.org\/{rel}","templated":true}]}}