{"id":117743,"date":"2024-03-13T00:00:00","date_gmt":"2024-03-13T05:00:00","guid":{"rendered":"https:\/\/gpl-love.com\/es\/?post_type=product&#038;p=117743"},"modified":"2026-04-10T11:19:17","modified_gmt":"2026-04-10T16:19:17","slug":"ninja-forms-excel-export","status":"publish","type":"product","link":"https:\/\/gpl-love.com\/es\/producto\/ninja-forms-excel-export\/","title":{"rendered":"Ninja Forms Excel Export 3.3.5"},"content":{"rendered":"<h3>Ninja Forms Excel Export Caracteristicas<\/h3>\n<p>El complemento Ninja Forms Excel Export es una herramienta extremadamente potente que otorga a los usuarios la capacidad de exportar eficientemente sus presentaciones de formulario directamente a las hojas de c\u00e1lculo de Excel. Al utilizar este complemento notable, los usuarios pueden manipular y analizar sin esfuerzo sus datos de formulario a trav\u00e9s de la utilizaci\u00f3n de su software de hoja de c\u00e1lculo preferido, como Microsoft Excel o Google Sheets. El complemento cuenta con una interfaz f\u00e1cil de usar y sin complicaciones, lo que permite a los usuarios personalizar los datos exportados, los campos de formularios espec\u00edficos de selecci\u00f3n de mano y establecer filtros de rango de fechas. Las empresas y organizaciones que requieren el procesamiento y la gesti\u00f3n de cantidades sustanciales de datos derivadas de sus formularios en l\u00ednea sin duda encontrar\u00edan que las formas Ninja Excel Excel es una elecci\u00f3n excepcional. Este complemento sirve para ahorrar tiempo y esfuerzo, al tiempo que aumenta la precisi\u00f3n de los datos y facilita las capacidades de toma de decisiones superiores.<\/p>\n<ul>\n<li>Exporte sin problemas sus datos Ninja Forms para Excel Formatear para un f\u00e1cil an\u00e1lisis y distribuci\u00f3n.<\/li>\n<li>Elija el formulario espec\u00edfico y el rango de fechas para exportar desde su tablero de formularios ninja con solo unos pocos clics.<\/li>\n<li>Personalice f\u00e1cilmente los datos que se exportan seleccionando campos espec\u00edficos o opciones de clasificaci\u00f3n.<\/li>\n<li>Los archivos de Excel exportados se pueden abrir y editar con cualquier software de hoja de c\u00e1lculo est\u00e1ndar, como Microsoft Excel o Google Sheets.<\/li>\n<li>Elimine la entrada de datos manuales automatizando el proceso de exportaci\u00f3n y ahorrando un tiempo valioso.<\/li>\n<li>Mantenga a su equipo en la misma p\u00e1gina con exportaciones automatizadas que se pueden programar a intervalos regulares.<\/li>\n<li>Mejore la precisi\u00f3n de los datos exportando directamente de formularios ninja, asegurando que todas las entradas sean capturadas y contabilizadas.<\/li>\n<li>La documentaci\u00f3n integral y el equipo de soporte dedicado aseguran que pueda aprovechar al m\u00e1ximo sus formularios ninja Excel Export.<\/li>\n<\/ul>\n","protected":false},"excerpt":{"rendered":"<p>Ninja Forms Excel Export es una herramienta incre\u00edblemente eficiente y que le ahorra tiempo que le otorga la capacidad de exportar perfectamente y directamente todas sus presentaciones de formulario en una hoja de c\u00e1lculo de Excel de f\u00e1cil acceso e integral. Al utilizar solo unos pocos clics simples, puede transferir sin esfuerzo todos sus valiosos datos de su cuenta de formularios ninja directamente a Excel, facilitando as\u00ed el proceso de an\u00e1lisis, organizaci\u00f3n y compartir su informaci\u00f3n crucial. Este complemento de exportaci\u00f3n excepcional ha sido elaborado y dise\u00f1ado por expertos con la intenci\u00f3n de optimizar y optimizar significativamente sus intrincados procedimientos de gesti\u00f3n de datos. Como resultado, se le otorgar\u00e1 una gran cantidad de tiempo adicional para dedicar a cultivar el crecimiento y la prosperidad de su estimado asunto. Independientemente de la escala o la magnitud de su empresa, ya sea que sea el propietario de una startup diminuta o la mente maestra detr\u00e1s de un conglomerado corporativo colosal, est\u00e1 de manera poco clara que Ninja Forms Excel Export representa la resoluci\u00f3n final y \u00f3ptima para aquellos que desean simplificar para simplificar y mejorar la eficiencia de sus intrincadas tareas de gesti\u00f3n de datos.<\/p>\n","protected":false},"featured_media":167008,"comment_status":"open","ping_status":"open","template":"","meta":[],"product_brand":[2509],"product_cat":[1214,1206,1211],"product_tag":[1338],"class_list":{"0":"post-117743","1":"product","2":"type-product","3":"status-publish","4":"has-post-thumbnail","6":"product_brand-ninja-forms","7":"product_cat-personalizacion","8":"product_cat-plugins","9":"product_cat-wordpress-plugins","10":"product_tag-ninja-forms","11":"member-discount","12":"discount-restricted","14":"first","15":"instock","16":"sale","17":"downloadable","18":"virtual","19":"sold-individually","20":"purchasable","21":"product-type-simple"},"_links":{"self":[{"href":"https:\/\/gpl-love.com\/es\/wp-json\/wp\/v2\/product\/117743","targetHints":{"allow":["GET"]}}],"collection":[{"href":"https:\/\/gpl-love.com\/es\/wp-json\/wp\/v2\/product"}],"about":[{"href":"https:\/\/gpl-love.com\/es\/wp-json\/wp\/v2\/types\/product"}],"replies":[{"embeddable":true,"href":"https:\/\/gpl-love.com\/es\/wp-json\/wp\/v2\/comments?post=117743"}],"wp:featuredmedia":[{"embeddable":true,"href":"https:\/\/gpl-love.com\/es\/wp-json\/wp\/v2\/media\/167008"}],"wp:attachment":[{"href":"https:\/\/gpl-love.com\/es\/wp-json\/wp\/v2\/media?parent=117743"}],"wp:term":[{"taxonomy":"product_brand","embeddable":true,"href":"https:\/\/gpl-love.com\/es\/wp-json\/wp\/v2\/product_brand?post=117743"},{"taxonomy":"product_cat","embeddable":true,"href":"https:\/\/gpl-love.com\/es\/wp-json\/wp\/v2\/product_cat?post=117743"},{"taxonomy":"product_tag","embeddable":true,"href":"https:\/\/gpl-love.com\/es\/wp-json\/wp\/v2\/product_tag?post=117743"}],"curies":[{"name":"wp","href":"https:\/\/api.w.org\/{rel}","templated":true}]}}