{"id":117741,"date":"2026-03-08T00:00:00","date_gmt":"2026-03-08T05:00:00","guid":{"rendered":"https:\/\/gpl-love.com\/es\/?post_type=product&#038;p=117741"},"modified":"2026-04-10T11:19:16","modified_gmt":"2026-04-10T16:19:16","slug":"ninja-forms-emma","status":"publish","type":"product","link":"https:\/\/gpl-love.com\/es\/producto\/ninja-forms-emma\/","title":{"rendered":"Ninja Forms Emma 3.0.5"},"content":{"rendered":"<h3>Ninja Forms Emma Caracteristicas<\/h3>\n<p>Ninja Forms Emma sirve como una herramienta robusta dise\u00f1ada expl\u00edcitamente para optimizar y facilitar el proceso de integrar sin problemas los formularios en su sitio web con Emma, \u200b\u200buna plataforma de marketing por correo electr\u00f3nico de gran prestigio que se ubica entre las mejores de la industria. Al aprovechar las capacidades de los formularios Ninja Emma, \u200b\u200bpuede generar sin esfuerzo formularios personalizados para las personas que visitan su sitio web, otorg\u00e1ndoles la oportunidad de proporcionar respuestas que se sincronizar\u00e1n autom\u00e1ticamente con su cuenta de EMMA. Esta integraci\u00f3n perfecta le permite forjar campa\u00f1as de marketing por correo electr\u00f3nico impactantes capitalizando los datos que acumula, todo mientras se deleita en la conveniencia de automatizar todo el proceso. Proporcionar una interfaz que sea f\u00e1cil de usar y accesible, una configuraci\u00f3n que es refrescantemente sencilla, y una gran cantidad de opciones de personalizaci\u00f3n que le brindan la capacidad de adaptar sus formularios a una camiseta, Ninja Forms Emma asegura que sus formas se alineen idealmente con sus \u00fanicos requisitos. Ya sea que su objetivo sea generar clientes potenciales que impulsen su negocio hacia adelante o realizar encuestas que obtengan informaci\u00f3n valiosa de su audiencia, Ninja Forms Emma est\u00e1 lista para proporcionarle una soluci\u00f3n efectiva y eficiente que garantice el logro de sus objetivos.<\/p>\n<ul>\n<li>Integraci\u00f3n perfecta entre formularios ninja y la plataforma de marketing por correo electr\u00f3nico de Emma<\/li>\n<li>Agregue f\u00e1cilmente nuevos contactos a Emma directamente desde los formularios ninja<\/li>\n<li>Sincronizaci\u00f3n autom\u00e1tica de env\u00edos de formulario con listas de contactos de Emma<\/li>\n<li>Formularios de opci\u00f3n personalizables para hacer crecer listas de correo electr\u00f3nico<\/li>\n<li>Capacidad para configurar los seguimientos autom\u00e1ticos de correo electr\u00f3nico y los desencadenantes basados \u200b\u200ben env\u00edos de formularios<\/li>\n<li>Informes y an\u00e1lisis completos en campa\u00f1as de bolet\u00edn<\/li>\n<li>Opciones de segmentaci\u00f3n robustas para adaptar campa\u00f1as de correo electr\u00f3nico a audiencias espec\u00edficas<\/li>\n<li>Interfaz de arrastrar y soltar f\u00e1cilmente por el usuario para dise\u00f1ar campa\u00f1as de correo electr\u00f3nico<\/li>\n<li>Plantillas de correo electr\u00f3nico que responden a dispositivos m\u00f3viles para garantizar una visualizaci\u00f3n \u00f3ptima en todos los dispositivos<\/li>\n<li>Flujos de automatizaci\u00f3n de correo electr\u00f3nico avanzados para ahorrar tiempo y optimizar los esfuerzos de marketing.<\/li>\n<\/ul>\n","protected":false},"excerpt":{"rendered":"<p>Ninja Forms Emma, \u200b\u200bun constructor de formularios avanzado, ofrece una experiencia perfecta en el dise\u00f1o y personalizaci\u00f3n de formas intrincadas sin esfuerzo. Emma viene equipada con una gran cantidad de caracter\u00edsticas como la capacidad de crear formularios de varias p\u00e1ginas, implementar la l\u00f3gica condicional y realizar c\u00e1lculos. Su editor de arrastre y ca\u00edda f\u00e1cil de usar le permite agregar, eliminar y reorganizar los campos de formulario sin esfuerzo de acuerdo con sus necesidades espec\u00edficas. Adem\u00e1s, Emma se integra perfectamente con el servicio de marketing por correo electr\u00f3nico de Emma, \u200b\u200blo que le permite enviar correos electr\u00f3nicos automatizados, boletines y campa\u00f1as dirigidas a sus estimados clientes. Al utilizar las formas ninja Emma, \u200b\u200bobtienes el poder de crear formas cautivadoras e interactivas que poseen el potencial para impulsar las conversiones y impulsar el crecimiento de tu estimado negocio.<\/p>\n","protected":false},"featured_media":167007,"comment_status":"open","ping_status":"open","template":"","meta":[],"product_brand":[2509],"product_cat":[1214,1206,1211],"product_tag":[1338],"class_list":{"0":"post-117741","1":"product","2":"type-product","3":"status-publish","4":"has-post-thumbnail","6":"product_brand-ninja-forms","7":"product_cat-personalizacion","8":"product_cat-plugins","9":"product_cat-wordpress-plugins","10":"product_tag-ninja-forms","11":"member-discount","12":"discount-restricted","14":"first","15":"instock","16":"sale","17":"downloadable","18":"virtual","19":"sold-individually","20":"purchasable","21":"product-type-simple"},"_links":{"self":[{"href":"https:\/\/gpl-love.com\/es\/wp-json\/wp\/v2\/product\/117741","targetHints":{"allow":["GET"]}}],"collection":[{"href":"https:\/\/gpl-love.com\/es\/wp-json\/wp\/v2\/product"}],"about":[{"href":"https:\/\/gpl-love.com\/es\/wp-json\/wp\/v2\/types\/product"}],"replies":[{"embeddable":true,"href":"https:\/\/gpl-love.com\/es\/wp-json\/wp\/v2\/comments?post=117741"}],"wp:featuredmedia":[{"embeddable":true,"href":"https:\/\/gpl-love.com\/es\/wp-json\/wp\/v2\/media\/167007"}],"wp:attachment":[{"href":"https:\/\/gpl-love.com\/es\/wp-json\/wp\/v2\/media?parent=117741"}],"wp:term":[{"taxonomy":"product_brand","embeddable":true,"href":"https:\/\/gpl-love.com\/es\/wp-json\/wp\/v2\/product_brand?post=117741"},{"taxonomy":"product_cat","embeddable":true,"href":"https:\/\/gpl-love.com\/es\/wp-json\/wp\/v2\/product_cat?post=117741"},{"taxonomy":"product_tag","embeddable":true,"href":"https:\/\/gpl-love.com\/es\/wp-json\/wp\/v2\/product_tag?post=117741"}],"curies":[{"name":"wp","href":"https:\/\/api.w.org\/{rel}","templated":true}]}}