{"id":117739,"date":"2026-02-24T00:00:00","date_gmt":"2026-02-24T05:00:00","guid":{"rendered":"https:\/\/gpl-love.com\/es\/producto\/ninja-forms-emailoctopus\/"},"modified":"2026-04-10T11:19:16","modified_gmt":"2026-04-10T16:19:16","slug":"ninja-forms-emailoctopus","status":"publish","type":"product","link":"https:\/\/gpl-love.com\/es\/producto\/ninja-forms-emailoctopus\/","title":{"rendered":"Ninja Forms EmailOctopus 3.0.3"},"content":{"rendered":"<h3>Ninja Forms EmailOctopus Caracteristicas<\/h3>\n<p>La integraci\u00f3n entre los formularios Ninja y el correo electr\u00f3nicoctopus es una herramienta excepcionalmente robusta y potente que cierra sin problemas la brecha entre estas dos plataformas. Empodera a los usuarios administrar y automatizar sin esfuerzo sus campa\u00f1as de correo electr\u00f3nico, crear extensas listas de suscriptores y monitorear de cerca el rendimiento de sus correos electr\u00f3nicos, todo dentro de la interfaz Ninja Forms intuitiva y f\u00e1cil de usar. Al proporcionar la flexibilidad para personalizar los formularios y los correos electr\u00f3nicos, esta integraci\u00f3n permite la creaci\u00f3n de campa\u00f1as \u00fanicas y cautivadoras que se alinean perfectamente con la marca y la mensajer\u00eda del usuario. Adem\u00e1s, la inclusi\u00f3n de flujos de trabajo automatizados optimiza a\u00fan m\u00e1s el proceso de entregar mensajes espec\u00edficos a los suscriptores, liberando tiempo y recursos valiosos que pueden redirigirse hacia el crecimiento y la expansi\u00f3n del negocio del usuario. Independientemente de si uno se identifica como vendedor, blogger o propietario de negocios, la integraci\u00f3n de correo electr\u00f3nico de Ninja Forms es un activo indispensable que hace que el marketing por correo electr\u00f3nico sea un esfuerzo sin problemas y altamente efectivo.<\/p>\n<ul>\n<li>-Effortamente integre sus esfuerzos de marketing por correo electr\u00f3nico con su sitio web<\/li>\n<li>-No necesita exportar e importar manuales de listas de correo electr\u00f3nico<\/li>\n<li>-Autom\u00e1ticamente, agregue nuevos env\u00edos de formulario a su lista de correo electr\u00f3nico de correo electr\u00f3nicoctopus<\/li>\n<li>-Option para personalizar las plantillas de correo electr\u00f3nico para mayor personalizaci\u00f3n<\/li>\n<li>-Save el tiempo y racionalice su estrategia de marketing<\/li>\n<li>-Caraturas avanzadas, como campos personalizados y l\u00f3gica condicional, disponibles para una orientaci\u00f3n mejorada<\/li>\n<li>-El dise\u00f1o respondedor asegura que sus formularios se vean bien en cualquier dispositivo<\/li>\n<li>-La interfaz amigable para el usuario minimiza la curva de aprendizaje para principiantes<\/li>\n<li>-Engree a la perfecci\u00f3n con formularios ninja para una f\u00e1cil instalaci\u00f3n y uso<\/li>\n<li>-Profesional Soporte y documentaci\u00f3n disponible para la resoluci\u00f3n de problemas y asistencia.<\/li>\n<\/ul>\n","protected":false},"excerpt":{"rendered":"<p>Ninja Forms emailoctopus es una integraci\u00f3n incre\u00edblemente robusta que ofrece una conexi\u00f3n perfecta entre sus formularios ninja y la plataforma de marketing de correo electr\u00f3nico de correo electr\u00f3nicoctopus, lo que le permite consolidar sin esfuerzo sus esfuerzos. Al utilizar esta integraci\u00f3n, tiene la capacidad no solo de acumular clientes potenciales y obtener comentarios valiosos, sino tambi\u00e9n aceptar pagos directamente a trav\u00e9s de sus formularios. Adem\u00e1s de eso, todos estos contactos se pueden canalizar autom\u00e1ticamente y agregarse a sus listas de correo electr\u00f3nico, las campa\u00f1as de correo electr\u00f3nico permanecen constantemente actuales y dirigidas con precisi\u00f3n a la audiencia apropiada. Gracias a la comodidad incomparable que ofrece los formularios Ninja, el correo electr\u00f3nico, la administraci\u00f3n de sus formularios y la implementaci\u00f3n de sus iniciativas de marketing por correo electr\u00f3nico nunca se han simplificado y sin complicaciones.<\/p>\n","protected":false},"featured_media":167006,"comment_status":"open","ping_status":"open","template":"","meta":[],"product_brand":[2509],"product_cat":[1232,1206,1211],"product_tag":[1338],"class_list":{"0":"post-117739","1":"product","2":"type-product","3":"status-publish","4":"has-post-thumbnail","6":"product_brand-ninja-forms","7":"product_cat-marketing-wordpress-plugins","8":"product_cat-plugins","9":"product_cat-wordpress-plugins","10":"product_tag-ninja-forms","11":"member-discount","12":"discount-restricted","14":"first","15":"instock","16":"sale","17":"downloadable","18":"virtual","19":"sold-individually","20":"purchasable","21":"product-type-simple"},"_links":{"self":[{"href":"https:\/\/gpl-love.com\/es\/wp-json\/wp\/v2\/product\/117739","targetHints":{"allow":["GET"]}}],"collection":[{"href":"https:\/\/gpl-love.com\/es\/wp-json\/wp\/v2\/product"}],"about":[{"href":"https:\/\/gpl-love.com\/es\/wp-json\/wp\/v2\/types\/product"}],"replies":[{"embeddable":true,"href":"https:\/\/gpl-love.com\/es\/wp-json\/wp\/v2\/comments?post=117739"}],"wp:featuredmedia":[{"embeddable":true,"href":"https:\/\/gpl-love.com\/es\/wp-json\/wp\/v2\/media\/167006"}],"wp:attachment":[{"href":"https:\/\/gpl-love.com\/es\/wp-json\/wp\/v2\/media?parent=117739"}],"wp:term":[{"taxonomy":"product_brand","embeddable":true,"href":"https:\/\/gpl-love.com\/es\/wp-json\/wp\/v2\/product_brand?post=117739"},{"taxonomy":"product_cat","embeddable":true,"href":"https:\/\/gpl-love.com\/es\/wp-json\/wp\/v2\/product_cat?post=117739"},{"taxonomy":"product_tag","embeddable":true,"href":"https:\/\/gpl-love.com\/es\/wp-json\/wp\/v2\/product_tag?post=117739"}],"curies":[{"name":"wp","href":"https:\/\/api.w.org\/{rel}","templated":true}]}}