{"id":117737,"date":"2023-02-14T00:00:00","date_gmt":"2023-02-14T05:00:00","guid":{"rendered":"https:\/\/gpl-love.com\/es\/?post_type=product&#038;p=117737"},"modified":"2026-04-10T11:19:15","modified_gmt":"2026-04-10T16:19:15","slug":"ninja-forms-elavon","status":"publish","type":"product","link":"https:\/\/gpl-love.com\/es\/producto\/ninja-forms-elavon\/","title":{"rendered":"Ninja Forms Elavon 3.1.2"},"content":{"rendered":"<h3>Ninja Forms Elavon Caracteristicas<\/h3>\n<p>Ninja Forms Elavon, un complemento muy robusto para WordPress, sirve como una herramienta de integraci\u00f3n de pasarela excepcional, lo que permite a los usuarios aceptar pagos con tarjeta de cr\u00e9dito de forma segura y sin problemas en sus sitios web. La integraci\u00f3n de este complemento con formularios ninja ofrece a los usuarios la conveniencia de dise\u00f1ar formas de pago personalizadas sin esfuerzo y recaudar sin esfuerzo pagos de sus estimados clientes. Al confiar a Elavon como procesador de pago, los usuarios pueden confiar con confianza en la m\u00e1xima seguridad y confiabilidad de sus transacciones. Adem\u00e1s, el complemento implica caracter\u00edsticas completas de informes y an\u00e1lisis, lo que permite a las empresas monitorear de manera efectiva los pagos y administrar las transacciones. En resumen, Ninja Forms Eavon emerge como una soluci\u00f3n de procesamiento de pagos incre\u00edblemente confiable y eficiente, atendiendo las necesidades de las empresas que buscan optimizar sus procedimientos de pago en l\u00ednea.<\/p>\n<ul>\n<li>Permite a los usuarios integrar f\u00e1cilmente sus formularios ninja con la pasarela de pago de Elavon<\/li>\n<li>Ofrece una soluci\u00f3n de procesamiento de pago segura y confiable para transacciones en l\u00ednea<\/li>\n<li>Proporciona a los usuarios la capacidad de personalizar su proceso de pago para que se ajuste a su marca<\/li>\n<li>Admite m\u00faltiples monedas y tipos de pago, incluidas las tarjetas de cr\u00e9dito y los pagos de ACH<\/li>\n<li>Permite a los usuarios rastrear y administrar transacciones a trav\u00e9s de su tablero Ninja Forms<\/li>\n<li>Ofrece precios transparentes sin tarifas ocultas o compromisos a largo plazo<\/li>\n<li>Proporciona soporte y recursos dedicados para ayudar a los usuarios a aprovechar al m\u00e1ximo su integraci\u00f3n.<\/li>\n<\/ul>\n","protected":false},"excerpt":{"rendered":"<p>Ninja Forms Elavon, un complemento de integraci\u00f3n de pagos excepcional dise\u00f1ado espec\u00edficamente para el complemento de formulario de WordPress ampliamente utilizado, Forms Ninja, surge como una herramienta formidable. Al incorporar este notable complemento, los usuarios pueden fusionar sin esfuerzo el procesamiento de pagos seguros con ELAVON, un proveedor destacado de pasarelas de pago. Esta innovadora integraci\u00f3n faculta a las personas para reunir convenientemente los pagos directamente dentro de sus formas ninja, eliminando as\u00ed la necesidad de redirigir a los clientes a sitios web externos. Sorprendentemente, este complemento ofrece una gran cantidad de campos y opciones personalizables, lo que permite a los usuarios construir formularios de pago sofisticados que no solo son impregnables sino que tambi\u00e9n son notablemente f\u00e1ciles de usar. Optar por no instalar formularios ninja ELAVON puede provocar oportunidades de ventas perdidas debido a la presencia de un proceso de pago enrevesado. Por lo tanto, recomendamos adquirir e instalar formularios ninja ELAVON hoy para optimizar y acelerar su proceso de pago.<\/p>\n","protected":false},"featured_media":167005,"comment_status":"open","ping_status":"open","template":"","meta":[],"product_brand":[2509],"product_cat":[1232,1206,1211],"product_tag":[1338],"class_list":{"0":"post-117737","1":"product","2":"type-product","3":"status-publish","4":"has-post-thumbnail","6":"product_brand-ninja-forms","7":"product_cat-marketing-wordpress-plugins","8":"product_cat-plugins","9":"product_cat-wordpress-plugins","10":"product_tag-ninja-forms","11":"member-discount","12":"discount-restricted","14":"first","15":"instock","16":"sale","17":"downloadable","18":"virtual","19":"sold-individually","20":"purchasable","21":"product-type-simple"},"_links":{"self":[{"href":"https:\/\/gpl-love.com\/es\/wp-json\/wp\/v2\/product\/117737","targetHints":{"allow":["GET"]}}],"collection":[{"href":"https:\/\/gpl-love.com\/es\/wp-json\/wp\/v2\/product"}],"about":[{"href":"https:\/\/gpl-love.com\/es\/wp-json\/wp\/v2\/types\/product"}],"replies":[{"embeddable":true,"href":"https:\/\/gpl-love.com\/es\/wp-json\/wp\/v2\/comments?post=117737"}],"wp:featuredmedia":[{"embeddable":true,"href":"https:\/\/gpl-love.com\/es\/wp-json\/wp\/v2\/media\/167005"}],"wp:attachment":[{"href":"https:\/\/gpl-love.com\/es\/wp-json\/wp\/v2\/media?parent=117737"}],"wp:term":[{"taxonomy":"product_brand","embeddable":true,"href":"https:\/\/gpl-love.com\/es\/wp-json\/wp\/v2\/product_brand?post=117737"},{"taxonomy":"product_cat","embeddable":true,"href":"https:\/\/gpl-love.com\/es\/wp-json\/wp\/v2\/product_cat?post=117737"},{"taxonomy":"product_tag","embeddable":true,"href":"https:\/\/gpl-love.com\/es\/wp-json\/wp\/v2\/product_tag?post=117737"}],"curies":[{"name":"wp","href":"https:\/\/api.w.org\/{rel}","templated":true}]}}