{"id":117735,"date":"2026-03-25T00:00:00","date_gmt":"2026-03-25T05:00:00","guid":{"rendered":"https:\/\/gpl-love.com\/es\/?post_type=product&#038;p=117735"},"modified":"2026-04-10T11:19:12","modified_gmt":"2026-04-10T16:19:12","slug":"ninja-forms-conditional-logic","status":"publish","type":"product","link":"https:\/\/gpl-love.com\/es\/producto\/ninja-forms-conditional-logic\/","title":{"rendered":"Ninja Forms Conditional Logic 3.1.3"},"content":{"rendered":"<h3>Ninja Forms Conditional Logic Caracteristicas<\/h3>\n<p>La l\u00f3gica condicional de Ninja Forms es una herramienta inmensamente poderosa que le otorga la capacidad de construir formas din\u00e1micas y altamente personalizables sin esfuerzo. Este notable complemento le permite exhibir o ocultar campos de formulario que dependen de la entrada proporcionada por el usuario, facilitando as\u00ed la creaci\u00f3n de experiencias personalizadas del usuario. Gracias a su interfaz f\u00e1cil de usar y su extensa variedad de opciones de personalizaci\u00f3n, posee los medios para configurar sin esfuerzo reglas y condiciones, lo que obtiene el resultado deseado. Ya sea que su intenci\u00f3n sea forjar formas de m\u00faltiples pasos, alterar el dise\u00f1o de formulario basado en la entrada del usuario o fabricar flujos de trabajo intrincados, Ninja Forms Logic condicional se erige como la soluci\u00f3n por excelencia. Al encarnar una naturaleza centrada en el usuario, este complemento hace alarde de una notable flexibilidad y compatibilidad con un extenso repertorio de temas y complementos de WordPress. Al aprovechar el poder de la l\u00f3gica condicional de Ninja Forms, puede elevar sus formas a alturas sin precedentes, otorgando a sus usuarios una experiencia que sea cautivadora e \u00edntimamente adaptada a sus necesidades y preferencias \u00fanicas.<\/p>\n<ul>\n<li>Proceso de construcci\u00f3n de formularios optimizado<\/li>\n<li>Opciones l\u00f3gicas condicionales personalizables<\/li>\n<li>Proceso de env\u00edo de formularios simplificado para usuarios<\/li>\n<li>Capacidad para mostrar\/ocultar ciertos campos de formulario en funci\u00f3n de la entrada del usuario<\/li>\n<li>Experiencia y compromiso del usuario mejorado<\/li>\n<li>Opciones l\u00f3gicas condicionales disponibles para versiones gratuitas y pagas de formularios ninja<\/li>\n<li>Precisi\u00f3n y calidad de los datos mejorados<\/li>\n<li>Mayor eficiencia para la gesti\u00f3n de datos y la organizaci\u00f3n<\/li>\n<li>Capacidad para crear formas complejas con facilidad<\/li>\n<li>Integraci\u00f3n con plataformas populares de marketing por correo electr\u00f3nico y CRMS<\/li>\n<\/ul>\n","protected":false},"excerpt":{"rendered":"<p>La l\u00f3gica condicional de Ninja Forms es un complemento incre\u00edblemente robusto que se ha dise\u00f1ado meticulosamente con el prop\u00f3sito de elevar la inteligencia y la intuici\u00f3n de sus formas. Esta notable herramienta le permite dise\u00f1ar reglas condicionales complejas para sus formularios, dictando as\u00ed que los campos o secciones espec\u00edficos solo manifestar\u00e1 o requerir\u00e1n la finalizaci\u00f3n dependiendo de otras entradas o selecciones de usuarios. En virtud de su naturaleza f\u00e1cil de usar y la medida en que se puede personalizar, puede ajustar sin esfuerzo sus formularios para garantizar que no solo sean m\u00e1s simplificados y atractivos, sino que tambi\u00e9n respondan supremamente a los requisitos \u00fanicos de sus usuarios. Independientemente de si tiene la intenci\u00f3n de dise\u00f1ar un formulario de contacto relativamente sin complicaciones o una encuesta m\u00e1s elaborada, la l\u00f3gica condicional de Forms Ninja est\u00e1 repleto de todos los recursos indispensables que est\u00e1n obligados a facilitar la construcci\u00f3n de formas que operan con una mayor eficiencia e ingenio.<\/p>\n","protected":false},"featured_media":167002,"comment_status":"open","ping_status":"open","template":"","meta":[],"product_brand":[2509],"product_cat":[1232,1206,1211],"product_tag":[1338],"class_list":{"0":"post-117735","1":"product","2":"type-product","3":"status-publish","4":"has-post-thumbnail","6":"product_brand-ninja-forms","7":"product_cat-marketing-wordpress-plugins","8":"product_cat-plugins","9":"product_cat-wordpress-plugins","10":"product_tag-ninja-forms","11":"member-discount","12":"discount-restricted","14":"first","15":"instock","16":"sale","17":"downloadable","18":"virtual","19":"sold-individually","20":"purchasable","21":"product-type-simple"},"_links":{"self":[{"href":"https:\/\/gpl-love.com\/es\/wp-json\/wp\/v2\/product\/117735","targetHints":{"allow":["GET"]}}],"collection":[{"href":"https:\/\/gpl-love.com\/es\/wp-json\/wp\/v2\/product"}],"about":[{"href":"https:\/\/gpl-love.com\/es\/wp-json\/wp\/v2\/types\/product"}],"replies":[{"embeddable":true,"href":"https:\/\/gpl-love.com\/es\/wp-json\/wp\/v2\/comments?post=117735"}],"wp:featuredmedia":[{"embeddable":true,"href":"https:\/\/gpl-love.com\/es\/wp-json\/wp\/v2\/media\/167002"}],"wp:attachment":[{"href":"https:\/\/gpl-love.com\/es\/wp-json\/wp\/v2\/media?parent=117735"}],"wp:term":[{"taxonomy":"product_brand","embeddable":true,"href":"https:\/\/gpl-love.com\/es\/wp-json\/wp\/v2\/product_brand?post=117735"},{"taxonomy":"product_cat","embeddable":true,"href":"https:\/\/gpl-love.com\/es\/wp-json\/wp\/v2\/product_cat?post=117735"},{"taxonomy":"product_tag","embeddable":true,"href":"https:\/\/gpl-love.com\/es\/wp-json\/wp\/v2\/product_tag?post=117735"}],"curies":[{"name":"wp","href":"https:\/\/api.w.org\/{rel}","templated":true}]}}