{"id":117733,"date":"2025-06-08T00:00:00","date_gmt":"2025-06-08T05:00:00","guid":{"rendered":"https:\/\/gpl-love.com\/es\/?post_type=product&#038;p=117733"},"modified":"2026-04-10T11:19:10","modified_gmt":"2026-04-10T16:19:10","slug":"ninja-forms-cleverreach","status":"publish","type":"product","link":"https:\/\/gpl-love.com\/es\/producto\/ninja-forms-cleverreach\/","title":{"rendered":"Ninja Forms CleverReach 3.1.8"},"content":{"rendered":"<h3>Ninja Forms CleverReach Caracteristicas<\/h3>\n<p>Ninja Forms CleverReach sirve como una herramienta de integraci\u00f3n extremadamente potente, lo que permite a los usuarios establecer sin esfuerzo una conexi\u00f3n perfecta entre sus formularios de WordPress y su cuenta de marketing por correo electr\u00f3nico de Cleverreach. A trav\u00e9s de esta integraci\u00f3n, los usuarios pueden automatizar el proceso de agregar nuevos suscriptores a sus listas de CleverReach directamente desde sus env\u00edos de formularios ninja, lo que hace obsoleta la entrada de datos manuales. En consecuencia, todas las perspectivas novedosas son efectivamente capturadas y nutridas, anulando as\u00ed la posibilidad de que cualquier plomo se deslice a trav\u00e9s de las grietas. Adem\u00e1s, los usuarios poseen la capacidad de aprovechar esta integraci\u00f3n para segmentar sus listas de correo electr\u00f3nico sobre la base de las respuestas enviadas a trav\u00e9s de sus formularios, allanando as\u00ed el camino para campa\u00f1as con mayor precisi\u00f3n y personalizadas. En su totalidad, Ninja Forms CleverReach es una herramienta por excelencia para cualquier empresa astuta que desee optimizar sus esfuerzos de generaci\u00f3n y marketing por correo electr\u00f3nico.<\/p>\n<ul>\n<li>Integraci\u00f3n entre formularios ninja y CleverReach para la transferencia de datos sin problemas<\/li>\n<li>Capacidad para agregar autom\u00e1ticamente los env\u00edos de formularios a las listas de correo electr\u00f3nico de CleverReach<\/li>\n<li>Opciones de opci\u00f3n y exclusi\u00f3n personalizables para suscriptores<\/li>\n<li>Sincronizaci\u00f3n en tiempo real para garantizar que los datos del suscriptor siempre est\u00e9n actualizados<\/li>\n<li>Opciones de segmentaci\u00f3n avanzada para dirigir grupos de suscriptores espec\u00edficos<\/li>\n<li>Seguimiento de rendimiento y an\u00e1lisis para evaluar el \u00e9xito de la campa\u00f1a de correo electr\u00f3nico<\/li>\n<li>Interfaz f\u00e1cil de usar para una f\u00e1cil configuraci\u00f3n y administraci\u00f3n de campa\u00f1as de correo electr\u00f3nico<\/li>\n<li>Apoyo confiable de los formularios ninja y los equipos de Cleverreach.<\/li>\n<\/ul>\n","protected":false},"excerpt":{"rendered":"<p>Ninja Forms CleverReach es un complemento incre\u00edblemente robusto y altamente eficiente que ofrece a los usuarios la capacidad incomparable de integrar sin problemas y sin esfuerzo sus formularios ninja con CleverReach, un software de marketing por correo electr\u00f3nico inmensamente reconocido y ampliamente reconocido. Al utilizar este complemento excepcional, los individuos pueden sincronizar su informaci\u00f3n de contacto obtenida de los formularios Ninja con CleverReach y posteriormente generar campa\u00f1as de correo electr\u00f3nico personalizadas y a medida dise\u00f1adas espec\u00edficamente para sus valiosos suscriptores. Si el objetivo final de uno implica aumentar su lista de correo electr\u00f3nico existente o mejorar su estrategia general de marketing por correo electr\u00f3nico, Ninja Forms CleverReach est\u00e1 claramente equipado para ayudar a los usuarios de manera efectiva a lograr con precisi\u00f3n eso. No dude m\u00e1s, aproveche esta notable soluci\u00f3n hoy y sum\u00e9rjase en el reino incre\u00edblemente ventajoso y fruct\u00edfero de estrategias de marketing por correo electr\u00f3nico altamente efectivos!<\/p>\n","protected":false},"featured_media":167000,"comment_status":"open","ping_status":"open","template":"","meta":[],"product_brand":[2509],"product_cat":[1232,1206,1211],"product_tag":[1338],"class_list":{"0":"post-117733","1":"product","2":"type-product","3":"status-publish","4":"has-post-thumbnail","6":"product_brand-ninja-forms","7":"product_cat-marketing-wordpress-plugins","8":"product_cat-plugins","9":"product_cat-wordpress-plugins","10":"product_tag-ninja-forms","11":"member-discount","12":"discount-restricted","14":"first","15":"instock","16":"sale","17":"downloadable","18":"virtual","19":"sold-individually","20":"purchasable","21":"product-type-simple"},"_links":{"self":[{"href":"https:\/\/gpl-love.com\/es\/wp-json\/wp\/v2\/product\/117733","targetHints":{"allow":["GET"]}}],"collection":[{"href":"https:\/\/gpl-love.com\/es\/wp-json\/wp\/v2\/product"}],"about":[{"href":"https:\/\/gpl-love.com\/es\/wp-json\/wp\/v2\/types\/product"}],"replies":[{"embeddable":true,"href":"https:\/\/gpl-love.com\/es\/wp-json\/wp\/v2\/comments?post=117733"}],"wp:featuredmedia":[{"embeddable":true,"href":"https:\/\/gpl-love.com\/es\/wp-json\/wp\/v2\/media\/167000"}],"wp:attachment":[{"href":"https:\/\/gpl-love.com\/es\/wp-json\/wp\/v2\/media?parent=117733"}],"wp:term":[{"taxonomy":"product_brand","embeddable":true,"href":"https:\/\/gpl-love.com\/es\/wp-json\/wp\/v2\/product_brand?post=117733"},{"taxonomy":"product_cat","embeddable":true,"href":"https:\/\/gpl-love.com\/es\/wp-json\/wp\/v2\/product_cat?post=117733"},{"taxonomy":"product_tag","embeddable":true,"href":"https:\/\/gpl-love.com\/es\/wp-json\/wp\/v2\/product_tag?post=117733"}],"curies":[{"name":"wp","href":"https:\/\/api.w.org\/{rel}","templated":true}]}}