{"id":117731,"date":"2026-02-26T00:00:00","date_gmt":"2026-02-26T05:00:00","guid":{"rendered":"https:\/\/gpl-love.com\/es\/?post_type=product&#038;p=117731"},"modified":"2026-04-10T11:19:10","modified_gmt":"2026-04-10T16:19:10","slug":"ninja-forms-capsule-crm","status":"publish","type":"product","link":"https:\/\/gpl-love.com\/es\/producto\/ninja-forms-capsule-crm\/","title":{"rendered":"Ninja Forms Capsule CRM 3.4.7"},"content":{"rendered":"<h3>Ninja Forms Capsule CRM Caracteristicas<\/h3>\n<p>La integraci\u00f3n del sistema Ninja Forms Capsule CRM es una herramienta incre\u00edblemente robusta y eficiente que ha sido espec\u00edficamente dise\u00f1ada para racionalizar y mejorar sus esfuerzos de gesti\u00f3n de relaciones con el cliente. Esta poderosa integraci\u00f3n se integra perfectamente con la plataforma Ninja Forms, lo que le permite capturar sin esfuerzo y administrar efectivamente toda la informaci\u00f3n pertinente del cliente, que incluye, pero no se limita a sus datos de contacto, historial de compras y muchos otros puntos de datos relevantes. Adem\u00e1s, esta ingeniosa integraci\u00f3n cuenta con una interfaz incre\u00edblemente intuitiva y f\u00e1cil de usar, lo que le permite crear r\u00e1pidamente formas altamente personalizadas y totalmente adaptadas, al tiempo que automatiza flujos de trabajo esenciales y monitoreando y seguimiento diligentemente cada interacci\u00f3n con su clientela estimada. Adem\u00e1s de estas innumerables caracter\u00edsticas, esta notable integraci\u00f3n proporciona una soluci\u00f3n de gran inclusi\u00f3n y de largo alcance que es absolutamente ideal para cualquier empresa, independientemente de su tama\u00f1o o estatura, que desee optimizar integralmente sus procesos de ventas, mejorar sustancialmente la participaci\u00f3n del cliente y significativamente significativamente Elevar sus niveles generales de productividad. Por lo tanto, ya sea que sea una nueva empresa a peque\u00f1a escala o una corporaci\u00f3n l\u00edder a nivel mundial y reconocida a nivel mundial, la integraci\u00f3n de CRM Capsule Capsule Ninja es, sin duda, una herramienta absolutamente indispensable que sin duda le permitir\u00e1 administrar y cultivar habilidades h\u00e1bil y competitiva con sus relaciones con los clientes con eficacia y \u00e9xito incomparables.<\/p>\n<ul>\n<li>Integraci\u00f3n perfecta entre las formas ninja y la c\u00e1psula CRM<\/li>\n<li>Cree autom\u00e1ticamente contactos o cables en Capsule CRM a partir de env\u00edos de formulario<\/li>\n<li>Mapa de los campos de formulario a los campos correspondientes en la c\u00e1psula CRM<\/li>\n<li>Personalizar la configuraci\u00f3n para agregar etiquetas o asignar propietarios a nuevos contactos o clientes potenciales<\/li>\n<li>Actualizaciones de datos de sincronizaci\u00f3n entre formularios ninja y c\u00e1psula CRM en tiempo real<\/li>\n<li>Mejorar la generaci\u00f3n de leads y optimizar la gesti\u00f3n de datos de CRM<\/li>\n<li>No se requieren habilidades de codificaci\u00f3n, configuraci\u00f3n e instalaci\u00f3n f\u00e1ciles<\/li>\n<li>Atenci\u00f3n al cliente accesible para la resoluci\u00f3n y asistencia<\/li>\n<\/ul>\n","protected":false},"excerpt":{"rendered":"<p>El Ninja Forms Capsule CRM se erige como un instrumento excepcionalmente formidable que agiliza y optimiza eficazmente la gesti\u00f3n de sus relaciones con los clientes. Esta notable herramienta integra perfectamente el sistema de entrada de los formularios ninja con la gesti\u00f3n de salida de la c\u00e1psula CRM. En consecuencia, esta integraci\u00f3n armoniosa le permite acumular los datos pertinentes de los clientes directamente desde su sitio web y generar r\u00e1pidamente contactos, clientes potenciales, oportunidades y casos de su cuenta Capsule CRM. En virtud de las capacidades notables que ofrece Ninja Forms Capsule CRM, est\u00e1 equipado para supervisar y regular de manera eficiente las interacciones de sus clientes, mejorar la progresi\u00f3n de su cartera de ventas y finalmente impulsar el triunfo general y la prosperidad de su negocio.<\/p>\n","protected":false},"featured_media":166999,"comment_status":"open","ping_status":"open","template":"","meta":[],"product_brand":[2509],"product_cat":[1232,1206,1211],"product_tag":[1338],"class_list":{"0":"post-117731","1":"product","2":"type-product","3":"status-publish","4":"has-post-thumbnail","6":"product_brand-ninja-forms","7":"product_cat-marketing-wordpress-plugins","8":"product_cat-plugins","9":"product_cat-wordpress-plugins","10":"product_tag-ninja-forms","11":"member-discount","12":"discount-restricted","14":"first","15":"instock","16":"sale","17":"downloadable","18":"virtual","19":"sold-individually","20":"purchasable","21":"product-type-simple"},"_links":{"self":[{"href":"https:\/\/gpl-love.com\/es\/wp-json\/wp\/v2\/product\/117731","targetHints":{"allow":["GET"]}}],"collection":[{"href":"https:\/\/gpl-love.com\/es\/wp-json\/wp\/v2\/product"}],"about":[{"href":"https:\/\/gpl-love.com\/es\/wp-json\/wp\/v2\/types\/product"}],"replies":[{"embeddable":true,"href":"https:\/\/gpl-love.com\/es\/wp-json\/wp\/v2\/comments?post=117731"}],"wp:featuredmedia":[{"embeddable":true,"href":"https:\/\/gpl-love.com\/es\/wp-json\/wp\/v2\/media\/166999"}],"wp:attachment":[{"href":"https:\/\/gpl-love.com\/es\/wp-json\/wp\/v2\/media?parent=117731"}],"wp:term":[{"taxonomy":"product_brand","embeddable":true,"href":"https:\/\/gpl-love.com\/es\/wp-json\/wp\/v2\/product_brand?post=117731"},{"taxonomy":"product_cat","embeddable":true,"href":"https:\/\/gpl-love.com\/es\/wp-json\/wp\/v2\/product_cat?post=117731"},{"taxonomy":"product_tag","embeddable":true,"href":"https:\/\/gpl-love.com\/es\/wp-json\/wp\/v2\/product_tag?post=117731"}],"curies":[{"name":"wp","href":"https:\/\/api.w.org\/{rel}","templated":true}]}}