{"id":117729,"date":"2025-06-06T00:00:00","date_gmt":"2025-06-06T05:00:00","guid":{"rendered":"https:\/\/gpl-love.com\/es\/?post_type=product&#038;p=117729"},"modified":"2026-04-10T11:19:09","modified_gmt":"2026-04-10T16:19:09","slug":"ninja-forms-campaign-monitor","status":"publish","type":"product","link":"https:\/\/gpl-love.com\/es\/producto\/ninja-forms-campaign-monitor\/","title":{"rendered":"Ninja Forms Campaign Monitor 3.0.7"},"content":{"rendered":"<h3>Ninja Forms Campaign Monitor Caracteristicas<\/h3>\n<p>La integraci\u00f3n entre los formularios ninja y el monitor de campa\u00f1a ofrece a las empresas una conexi\u00f3n perfecta que les permite fusionar efectivamente sus datos de formularios ninja con su cuenta de monitor de campa\u00f1a. Esta notable integraci\u00f3n otorga a los usuarios la capacidad de generar sin esfuerzo formularios a medida, recopilar datos esenciales y transmitirlo directamente a las listas de correo electr\u00f3nico de su monitor de campa\u00f1a. Al aprovechar esta integraci\u00f3n altamente eficiente, las empresas pueden optimizar sus esfuerzos de generaci\u00f3n de leads y marketing por correo electr\u00f3nico a trav\u00e9s de la magia de la automatizaci\u00f3n, conservando as\u00ed los valiosos tiempo y recursos. Adem\u00e1s, la campa\u00f1a Ninja Forms Monitor presenta una amplia gama de opciones de personalizaci\u00f3n para formularios y plantillas de correo electr\u00f3nico, facilitando la creaci\u00f3n sin esfuerzo de comunicaciones profesionales y cautivadoras que realmente resuenan con sus audiencias objetivo. En \u00faltima instancia, es bastante evidente que el monitor de campa\u00f1a de Ninja Forms es una herramienta indispensable para cualquier negocio que busque impulsar sus iniciativas de marketing por correo electr\u00f3nico a nuevas alturas y lograr tasas de conversi\u00f3n notables.<\/p>\n<ul>\n<li>Conecte los formularios ninja sin problemas con el monitor de campa\u00f1a para una f\u00e1cil integraci\u00f3n<\/li>\n<li>Agregue autom\u00e1ticamente nuevos datos de env\u00edo de formulario a la lista de suscriptores de su monitor de campa\u00f1a<\/li>\n<li>Elija qu\u00e9 campos de datos de sus formularios para sincronizar con el monitor de la campa\u00f1a<\/li>\n<li>Ahorre tiempo y aumente la eficiencia al automatizar los procesos de env\u00edo de su formulario y correo electr\u00f3nico<\/li>\n<li>Rastree f\u00e1cilmente el \u00e9xito de sus campa\u00f1as de correo electr\u00f3nico y env\u00edos de formularios en una ubicaci\u00f3n central<\/li>\n<li>Personalice sus campa\u00f1as de marketing por correo electr\u00f3nico y apunte a datos espec\u00edficos de env\u00edo de formularios para mensajes personalizados<\/li>\n<li>Mejore la comunicaci\u00f3n con sus suscriptores integrando los datos de env\u00edo de formulario en sus campa\u00f1as de correo electr\u00f3nico<\/li>\n<li>Elimine la necesidad de entrada de datos manuales y reduzca la probabilidad de error humano<\/li>\n<li>Disfrute de una experiencia de integraci\u00f3n suave y sin problemas con el complemento de monitor de campa\u00f1a Ninja Forms.<\/li>\n<\/ul>\n","protected":false},"excerpt":{"rendered":"<p>La integraci\u00f3n entre los formularios ninja y el monitor de campa\u00f1a es una herramienta incre\u00edblemente robusta y eficiente que facilita la conexi\u00f3n perfecta de sus formularios Ninja Forms con el software de marketing por correo electr\u00f3nico de su monitor de campa\u00f1a. Al incorporar esta integraci\u00f3n, se le brinda la comodidad de capturar sin esfuerzo y automatizar sus campa\u00f1as de marketing por correo electr\u00f3nico, todo sin la necesidad de un trabajo manual tedioso. Es sin duda un activo esencial para cualquier negocio que tenga como objetivo expandir su lista de correo electr\u00f3nico y forjar conexiones genuinas con su p\u00fablico objetivo. Entonces, \u00bfpor qu\u00e9 demorarse m\u00e1s? \u00a1Tome la iniciativa de comenzar su viaje hoy y presencie los resultados tangibles por los que ha anhelado durante mucho tiempo!<\/p>\n","protected":false},"featured_media":166998,"comment_status":"open","ping_status":"open","template":"","meta":[],"product_brand":[2509],"product_cat":[1232,1206,1211],"product_tag":[1338],"class_list":{"0":"post-117729","1":"product","2":"type-product","3":"status-publish","4":"has-post-thumbnail","6":"product_brand-ninja-forms","7":"product_cat-marketing-wordpress-plugins","8":"product_cat-plugins","9":"product_cat-wordpress-plugins","10":"product_tag-ninja-forms","11":"member-discount","12":"discount-restricted","14":"first","15":"instock","16":"sale","17":"downloadable","18":"virtual","19":"sold-individually","20":"purchasable","21":"product-type-simple"},"_links":{"self":[{"href":"https:\/\/gpl-love.com\/es\/wp-json\/wp\/v2\/product\/117729","targetHints":{"allow":["GET"]}}],"collection":[{"href":"https:\/\/gpl-love.com\/es\/wp-json\/wp\/v2\/product"}],"about":[{"href":"https:\/\/gpl-love.com\/es\/wp-json\/wp\/v2\/types\/product"}],"replies":[{"embeddable":true,"href":"https:\/\/gpl-love.com\/es\/wp-json\/wp\/v2\/comments?post=117729"}],"wp:featuredmedia":[{"embeddable":true,"href":"https:\/\/gpl-love.com\/es\/wp-json\/wp\/v2\/media\/166998"}],"wp:attachment":[{"href":"https:\/\/gpl-love.com\/es\/wp-json\/wp\/v2\/media?parent=117729"}],"wp:term":[{"taxonomy":"product_brand","embeddable":true,"href":"https:\/\/gpl-love.com\/es\/wp-json\/wp\/v2\/product_brand?post=117729"},{"taxonomy":"product_cat","embeddable":true,"href":"https:\/\/gpl-love.com\/es\/wp-json\/wp\/v2\/product_cat?post=117729"},{"taxonomy":"product_tag","embeddable":true,"href":"https:\/\/gpl-love.com\/es\/wp-json\/wp\/v2\/product_tag?post=117729"}],"curies":[{"name":"wp","href":"https:\/\/api.w.org\/{rel}","templated":true}]}}