{"id":117727,"date":"2021-10-11T00:00:00","date_gmt":"2021-10-11T05:00:00","guid":{"rendered":"https:\/\/gpl-love.com\/es\/?post_type=product&#038;p=117727"},"modified":"2026-03-09T07:55:46","modified_gmt":"2026-03-09T12:55:46","slug":"ninja-forms-batchbook-crm","status":"publish","type":"product","link":"https:\/\/gpl-love.com\/es\/producto\/ninja-forms-batchbook-crm\/","title":{"rendered":"Ninja Forms Batchbook CRM 1.3.3"},"content":{"rendered":"<h3>Ninja Forms Batchbook CRM Caracteristicas<\/h3>\n<p>El Ninja Forms Batchbook CRM, una herramienta robusta y eficiente, amalgama sin esfuerzo las ventajas de ambos sistemas para ayudar a las empresas a optimizar su gesti\u00f3n de relaciones con los clientes. Este innovador software otorga a los usuarios la comodidad de capturar clientes potenciales y datos de los clientes a trav\u00e9s de la utilizaci\u00f3n de formas personalizables generadas con la ayuda de formularios ninja. Adem\u00e1s, los datos acumulados se integran perfectamente con Batchbook, un sistema CRM que abarca todo lo que permite a las empresas monitorear y rastrear las interacciones de los clientes, administrar de manera efectiva las ofertas y automatizar diversas tareas. En virtud de esta integraci\u00f3n perfecta, los usuarios pueden administrar sin esfuerzo los datos de sus clientes y optimizar los esfuerzos de alcance de sus clientes, lo que culmin\u00f3 en un nivel mejorado de satisfacci\u00f3n del cliente y un aumento notable en la prosperidad comercial.<\/p>\n<ul>\n<li>Organizar los datos del cliente de manera eficiente con la integraci\u00f3n de formularios ninja y el libro de lotes CRM<\/li>\n<li>Transferencia sin problemas formularios enviados e informaci\u00f3n del cliente directamente a su sistema CRM<\/li>\n<li>Centralice los datos de sus clientes para facilitar el acceso y una mejor gesti\u00f3n del cliente<\/li>\n<li>Rastrear las interacciones del cliente y el historial de comunicaci\u00f3n en un solo lugar<\/li>\n<li>Personalizar formularios y campos para recopilar informaci\u00f3n espec\u00edfica de los clientes<\/li>\n<li>Aumentar la productividad al eliminar la entrada de datos manuales y mejorar el flujo de trabajo<\/li>\n<li>Precisi\u00f3n mejorada en la entrada de datos debido a la transferencia automatizada de informaci\u00f3n<\/li>\n<li>Ver perfiles de clientes individuales con toda la informaci\u00f3n relevante en un solo lugar<\/li>\n<li>Mejore la comunicaci\u00f3n del cliente y la participaci\u00f3n con mensajes personalizados basados \u200b\u200ben los datos de su perfil de clientes.<\/li>\n<\/ul>\n","protected":false},"excerpt":{"rendered":"<p>La integraci\u00f3n entre los formularios Ninja y el Batchbook CRM ofrece una soluci\u00f3n altamente eficiente y simplificada para las empresas con el objetivo de recopilar informaci\u00f3n del cliente y incorporarla sin problemas en su sistema Batchbook CRM. Al aprovechar esta herramienta robusta, los usuarios est\u00e1n facultados para administrar efectivamente sus relaciones con los clientes, rastrear y monitorear las interacciones de los clientes, todo dentro de una plataforma unificada y conveniente. Con la capacidad de personalizar los formularios y simplificar los procesos a trav\u00e9s de caracter\u00edsticas de automatizaci\u00f3n f\u00e1ciles de usar, la integraci\u00f3n Ninja Forms Batchbook CRM alivia significativamente las cargas asociadas con la gesti\u00f3n de la relaci\u00f3n con el cliente, lo que permite a las empresas priorizar sus esfuerzos de expansi\u00f3n y lograr un \u00e9xito notable.<\/p>\n","protected":false},"featured_media":166997,"comment_status":"open","ping_status":"open","template":"","meta":[],"product_brand":[2509],"product_cat":[1232,1206,1211],"product_tag":[1338],"class_list":{"0":"post-117727","1":"product","2":"type-product","3":"status-publish","4":"has-post-thumbnail","6":"product_brand-ninja-forms","7":"product_cat-marketing-wordpress-plugins","8":"product_cat-plugins","9":"product_cat-wordpress-plugins","10":"product_tag-ninja-forms","11":"member-discount","12":"discount-restricted","14":"first","15":"instock","16":"sale","17":"downloadable","18":"virtual","19":"sold-individually","20":"purchasable","21":"product-type-simple"},"_links":{"self":[{"href":"https:\/\/gpl-love.com\/es\/wp-json\/wp\/v2\/product\/117727","targetHints":{"allow":["GET"]}}],"collection":[{"href":"https:\/\/gpl-love.com\/es\/wp-json\/wp\/v2\/product"}],"about":[{"href":"https:\/\/gpl-love.com\/es\/wp-json\/wp\/v2\/types\/product"}],"replies":[{"embeddable":true,"href":"https:\/\/gpl-love.com\/es\/wp-json\/wp\/v2\/comments?post=117727"}],"wp:featuredmedia":[{"embeddable":true,"href":"https:\/\/gpl-love.com\/es\/wp-json\/wp\/v2\/media\/166997"}],"wp:attachment":[{"href":"https:\/\/gpl-love.com\/es\/wp-json\/wp\/v2\/media?parent=117727"}],"wp:term":[{"taxonomy":"product_brand","embeddable":true,"href":"https:\/\/gpl-love.com\/es\/wp-json\/wp\/v2\/product_brand?post=117727"},{"taxonomy":"product_cat","embeddable":true,"href":"https:\/\/gpl-love.com\/es\/wp-json\/wp\/v2\/product_cat?post=117727"},{"taxonomy":"product_tag","embeddable":true,"href":"https:\/\/gpl-love.com\/es\/wp-json\/wp\/v2\/product_tag?post=117727"}],"curies":[{"name":"wp","href":"https:\/\/api.w.org\/{rel}","templated":true}]}}