{"id":117725,"date":"2023-07-12T00:00:00","date_gmt":"2023-07-12T05:00:00","guid":{"rendered":"https:\/\/gpl-love.com\/es\/?post_type=product&#038;p=117725"},"modified":"2026-04-10T11:19:08","modified_gmt":"2026-04-10T16:19:08","slug":"ninja-forms-aweber","status":"publish","type":"product","link":"https:\/\/gpl-love.com\/es\/producto\/ninja-forms-aweber\/","title":{"rendered":"Ninja Forms AWeber 3.2.1"},"content":{"rendered":"<h3>Ninja Forms AWeber Caracteristicas<\/h3>\n<p>Ninja Forms Aweber es un complemento inmensamente potente, meticulosamente elaborado para facilitar la optimizaci\u00f3n de los esfuerzos de marketing por correo electr\u00f3nico de las empresas. Al incorporar este complemento en su conjunto de herramientas, los usuarios pueden establecer sin esfuerzo una conexi\u00f3n entre sus formularios de WordPress y su cuenta de marketing por correo electr\u00f3nico de Aweber. Esta integraci\u00f3n permite a las empresas acumular una colecci\u00f3n sustancial de direcciones de correo electr\u00f3nico y otros datos cruciales de los visitantes de su sitio web, lo que posteriormente lo utiliza para seleccionar campa\u00f1as de correo electr\u00f3nico dirigidas con precisi\u00f3n. El complemento en s\u00ed es extremadamente f\u00e1cil de usar, con un alto grado de personalizaci\u00f3n que atiende a los requisitos a medida de cada negocio individual. Independientemente de si uno es un propietario emprendedor de una peque\u00f1a empresa o un profesional de marketing experimentado, la indispensabilidad de las formas ninja Aweber no puede ser exagerada para cualquiera que se esfuerce por amplificar sus triunfos en el \u00e1mbito del marketing por correo electr\u00f3nico.<\/p>\n<ul>\n<li>Integraci\u00f3n perfecta entre las formas ninja y el asweber<\/li>\n<li>Capacidad para mapear los campos de formularios ninja a los campos Aweber correspondientes<\/li>\n<li>Campa\u00f1as autom\u00e1ticas de marketing por correo electr\u00f3nico activadas por env\u00edos de formularios<\/li>\n<li>Plantillas de correo electr\u00f3nico personalizables para que coincidan con la identidad de la marca<\/li>\n<li>Sincronizaci\u00f3n en tiempo real de nuevos suscriptores de correo electr\u00f3nico a la lista de Aweber<\/li>\n<li>Opci\u00f3n para enviar diferentes correos electr\u00f3nicos a diferentes segmentos de suscriptores en funci\u00f3n de las respuestas de formulario<\/li>\n<li>Rastree y analice el rendimiento del correo electr\u00f3nico a trav\u00e9s de las herramientas de informes y an\u00e1lisis de Aweber.<\/li>\n<\/ul>\n","protected":false},"excerpt":{"rendered":"<p>Ninja Forms Aweber es una integraci\u00f3n incre\u00edblemente robusta, que facilita la conexi\u00f3n perfecta entre sus formularios ninja y la cuenta de Aweber. Esta integraci\u00f3n ofrece la conveniencia de capturar sin esfuerzo y ampliar su lista de marketing por correo electr\u00f3nico. Al utilizar los formularios Ninja Aweber, puede generar eficientemente nuevos suscriptores en Aweber tras el env\u00edo de formularios, vincular efectivamente los campos de formulario a su lista de Aweber e incluso clasificar sus listas de acuerdo con la entrada del usuario. Independientemente de si est\u00e1 administrando un blog, tienda de comercio electr\u00f3nico o agencia, Ninja Forms Aweber sirve como la soluci\u00f3n ideal para amplificar y mejorar sus esfuerzos de marketing por correo electr\u00f3nico.<\/p>\n","protected":false},"featured_media":166996,"comment_status":"open","ping_status":"open","template":"","meta":[],"product_brand":[2509],"product_cat":[1232,1206,1211],"product_tag":[1338],"class_list":{"0":"post-117725","1":"product","2":"type-product","3":"status-publish","4":"has-post-thumbnail","6":"product_brand-ninja-forms","7":"product_cat-marketing-wordpress-plugins","8":"product_cat-plugins","9":"product_cat-wordpress-plugins","10":"product_tag-ninja-forms","11":"member-discount","12":"discount-restricted","14":"first","15":"instock","16":"sale","17":"downloadable","18":"virtual","19":"sold-individually","20":"purchasable","21":"product-type-simple"},"_links":{"self":[{"href":"https:\/\/gpl-love.com\/es\/wp-json\/wp\/v2\/product\/117725","targetHints":{"allow":["GET"]}}],"collection":[{"href":"https:\/\/gpl-love.com\/es\/wp-json\/wp\/v2\/product"}],"about":[{"href":"https:\/\/gpl-love.com\/es\/wp-json\/wp\/v2\/types\/product"}],"replies":[{"embeddable":true,"href":"https:\/\/gpl-love.com\/es\/wp-json\/wp\/v2\/comments?post=117725"}],"wp:featuredmedia":[{"embeddable":true,"href":"https:\/\/gpl-love.com\/es\/wp-json\/wp\/v2\/media\/166996"}],"wp:attachment":[{"href":"https:\/\/gpl-love.com\/es\/wp-json\/wp\/v2\/media?parent=117725"}],"wp:term":[{"taxonomy":"product_brand","embeddable":true,"href":"https:\/\/gpl-love.com\/es\/wp-json\/wp\/v2\/product_brand?post=117725"},{"taxonomy":"product_cat","embeddable":true,"href":"https:\/\/gpl-love.com\/es\/wp-json\/wp\/v2\/product_cat?post=117725"},{"taxonomy":"product_tag","embeddable":true,"href":"https:\/\/gpl-love.com\/es\/wp-json\/wp\/v2\/product_tag?post=117725"}],"curies":[{"name":"wp","href":"https:\/\/api.w.org\/{rel}","templated":true}]}}