{"id":117723,"date":"2025-06-06T00:00:00","date_gmt":"2025-06-06T05:00:00","guid":{"rendered":"https:\/\/gpl-love.com\/es\/?post_type=product&#038;p=117723"},"modified":"2026-04-10T11:19:05","modified_gmt":"2026-04-10T16:19:05","slug":"ninja-forms-activecampaign","status":"publish","type":"product","link":"https:\/\/gpl-love.com\/es\/producto\/ninja-forms-activecampaign\/","title":{"rendered":"Ninja Forms Active Campaign 3.1.3"},"content":{"rendered":"<h3>Ninja Forms Active Campaign Caracteristicas<\/h3>\n<p>La campa\u00f1a Ninja Forms Active es una herramienta notablemente excepcional que ha sido ingeniosamente dise\u00f1ada para ayudar a las empresas a racionalizar y optimizar sus esfuerzos de marketing a trav\u00e9s de la integraci\u00f3n perfecta de la campa\u00f1a activa con formularios ninja. Esta integraci\u00f3n impecable indudablemente permite a las empresas capturar a los leads sin esfuerzo, automatizar eficientemente sus campa\u00f1as de marketing y construir con competencia sus listas de correo electr\u00f3nico. Gracias a las notables capacidades de la campa\u00f1a activa de los formularios ninja, las empresas ahora se otorgan la capacidad de fabricar expertos formularios personalizados, adjuntar las etiquetas con h\u00e1bilmente e iniciar astutamente flujos de trabajo de automatizaci\u00f3n, todo con el objetivo final de difundir efectivamente el mensaje m\u00e1s apropiado al m\u00e1s apropiado para el m\u00e1s apropiado. p\u00fablico objetivo precisamente en el momento m\u00e1s oportuno. La facilidad de uso incomparable de esta plataforma amplifica a\u00fan m\u00e1s su atractivo, permitiendo incluso a las personas con m\u00e1s problemas tecnol\u00f3gicamente desafiados a configurarlo y maniobrarlo sin problemas para su beneficio. En consecuencia, con la adopci\u00f3n y utilizaci\u00f3n de la campa\u00f1a activa de Forms Ninja, las empresas pueden elevar sin duda la eficacia de sus esfuerzos de marketing a alturas sin precedentes, manifestando as\u00ed las tasas de conversi\u00f3n enormemente mejoradas y un mayor retorno de la inversi\u00f3n.<\/p>\n<ul>\n<li>Integraci\u00f3n perfecta entre los formularios ninja y la campa\u00f1a activa<\/li>\n<li>Agregue autom\u00e1ticamente nuevos env\u00edos de formularios a las listas de campa\u00f1as activas especificadas<\/li>\n<li>Sincronizar contactos existentes entre formularios ninja y campa\u00f1a activa<\/li>\n<li>Contactos de segmento f\u00e1cilmente seg\u00fan los datos de env\u00edo de formulario<\/li>\n<li>Campa\u00f1as de correo electr\u00f3nico automatizadas activadas por los env\u00edos de formularios ninja<\/li>\n<li>Plantillas de correo electr\u00f3nico personalizables para campa\u00f1as automatizadas<\/li>\n<li>Seguimiento del rendimiento de la campa\u00f1a con an\u00e1lisis de campa\u00f1a activo<\/li>\n<\/ul>\n","protected":false},"excerpt":{"rendered":"<p>La integraci\u00f3n de los formularios ninja y la campa\u00f1a activa ofrece una funcionalidad incre\u00edble, allanando el camino para una conexi\u00f3n perfecta entre sus presentaciones de formularios ninja y su cuenta de campa\u00f1a activa. Esta poderosa herramienta le permite automatizar sus esfuerzos de marketing por correo electr\u00f3nico, monitorear efectivamente el comportamiento del usuario y obtener informaci\u00f3n invaluable sobre el comportamiento y las preferencias de su estimada clientela, todo de manera libre. Con la ventaja adicional de poder asignar con precisi\u00f3n los campos de formulario a las etiquetas y listas de campa\u00f1a activas, se le otorga la capacidad de segmentar su audiencia r\u00e1pida y sin esfuerzo, lo que le permite crear campa\u00f1as altamente espec\u00edficas garantizadas para producir tasas de conversi\u00f3n impresionantes. Esta integraci\u00f3n es un verdadero regalo del cielo para las empresas y los especialistas en marketing por igual, ya que facilita la racionalizaci\u00f3n de los esfuerzos de marketing por correo electr\u00f3nico, lo que resulta en el crecimiento org\u00e1nico y la expansi\u00f3n de su base de audiencia.<\/p>\n","protected":false},"featured_media":166992,"comment_status":"open","ping_status":"open","template":"","meta":[],"product_brand":[2509],"product_cat":[1232,1206,1211],"product_tag":[1338],"class_list":{"0":"post-117723","1":"product","2":"type-product","3":"status-publish","4":"has-post-thumbnail","6":"product_brand-ninja-forms","7":"product_cat-marketing-wordpress-plugins","8":"product_cat-plugins","9":"product_cat-wordpress-plugins","10":"product_tag-ninja-forms","11":"member-discount","12":"discount-restricted","14":"first","15":"instock","16":"sale","17":"downloadable","18":"virtual","19":"sold-individually","20":"purchasable","21":"product-type-simple"},"_links":{"self":[{"href":"https:\/\/gpl-love.com\/es\/wp-json\/wp\/v2\/product\/117723","targetHints":{"allow":["GET"]}}],"collection":[{"href":"https:\/\/gpl-love.com\/es\/wp-json\/wp\/v2\/product"}],"about":[{"href":"https:\/\/gpl-love.com\/es\/wp-json\/wp\/v2\/types\/product"}],"replies":[{"embeddable":true,"href":"https:\/\/gpl-love.com\/es\/wp-json\/wp\/v2\/comments?post=117723"}],"wp:featuredmedia":[{"embeddable":true,"href":"https:\/\/gpl-love.com\/es\/wp-json\/wp\/v2\/media\/166992"}],"wp:attachment":[{"href":"https:\/\/gpl-love.com\/es\/wp-json\/wp\/v2\/media?parent=117723"}],"wp:term":[{"taxonomy":"product_brand","embeddable":true,"href":"https:\/\/gpl-love.com\/es\/wp-json\/wp\/v2\/product_brand?post=117723"},{"taxonomy":"product_cat","embeddable":true,"href":"https:\/\/gpl-love.com\/es\/wp-json\/wp\/v2\/product_cat?post=117723"},{"taxonomy":"product_tag","embeddable":true,"href":"https:\/\/gpl-love.com\/es\/wp-json\/wp\/v2\/product_tag?post=117723"}],"curies":[{"name":"wp","href":"https:\/\/api.w.org\/{rel}","templated":true}]}}