{"id":117721,"date":"2026-01-10T00:00:00","date_gmt":"2026-01-10T05:00:00","guid":{"rendered":"https:\/\/gpl-love.com\/es\/?post_type=product&#038;p=117721"},"modified":"2026-03-09T07:48:18","modified_gmt":"2026-03-09T12:48:18","slug":"mainwp-rocket","status":"publish","type":"product","link":"https:\/\/gpl-love.com\/es\/producto\/mainwp-rocket\/","title":{"rendered":"MainWP Rocket 5.1.6"},"content":{"rendered":"<h3>MainWP Rocket Caracteristicas<\/h3>\n<p>Mainwp Rocket, un complemento robusto de WordPress, ofrece a los propietarios de sitios web la oportunidad de mejorar la velocidad y el rendimiento de su sitio web en gran medida. Al aprovechar las funcionalidades del cohete MainWP, los usuarios pueden activar sin problemas el almacenamiento en cach\u00e9 y la minificaci\u00f3n de los archivos CSS y JavaScript, optimizar las im\u00e1genes e integrarse sin problemas con las redes de entrega de contenido (CDN). Adem\u00e1s, este complemento excepcional permite diferir la carga de JavaScript, facilita la carga perezosa de im\u00e1genes y optimiza la base de datos para garantizar la m\u00e1xima eficiencia. En particular, la instalaci\u00f3n y el uso de Mainwp Rocket se logran sin esfuerzo debido a su naturaleza f\u00e1cil de usar. Adem\u00e1s, la interfaz del complemento permite a los usuarios monitorear el rendimiento de su sitio web en tiempo real, lo que lo convierte en un activo indispensable para cualquier propietario del sitio web que busque elevar la velocidad y el rendimiento de su sitio web.<\/p>\n<ul>\n<li>Mainwp Rocket es un poderoso complemento dise\u00f1ado para optimizar la velocidad y el rendimiento de su sitio de WordPress<\/li>\n<li>Ofrece caracter\u00edsticas de cach\u00e9 intuitivas y potentes que ayudan a reducir los tiempos de carga, mejorar la experiencia del usuario y aumentar las clasificaciones de SEO<\/li>\n<li>El complemento est\u00e1 equipado con una gama de t\u00e9cnicas de optimizaci\u00f3n de rendimiento, como minificaci\u00f3n, compresi\u00f3n GZIP y carga perezosa, que reducen significativamente el tama\u00f1o de la p\u00e1gina.<\/li>\n<li>MainWP Rocket tambi\u00e9n proporciona un conjunto de herramientas de optimizaci\u00f3n que pueden ayudarlo a agilizar el rendimiento de su sitio web al optimizar las im\u00e1genes, limpiar la base de datos de su sitio, reducir las solicitudes HTTP y m\u00e1s.<\/li>\n<li>El complemento es sin esfuerzo para instalar y configurar, y la mayor\u00eda de los usuarios experimentan tiempos de carga del sitio mejorados en solo minutos.<\/li>\n<li>MainWP Rocket viene con soporte t\u00e9cnico de primer nivel para garantizar que siempre obtenga lo mejor de su inversi\u00f3n.<\/li>\n<li>Es un complemento premium que ofrece una tarifa \u00fanica, sin suscripciones o pagos recurrentes requeridos.<\/li>\n<li>En resumen, si desea mejorar la velocidad, la experiencia del usuario y las clasificaciones de SEO de su sitio web, entonces Mainwp Rocket es la soluci\u00f3n definitiva para usted.<\/li>\n<\/ul>\n","protected":false},"excerpt":{"rendered":"<p>Mainwp Rocket, un complemento altamente efectivo dise\u00f1ado espec\u00edficamente para sitios web de WordPress, tiene el prop\u00f3sito de optimizar el rendimiento general de su sitio y acelerar su tiempo de carga. Logra esto a trav\u00e9s de la implementaci\u00f3n de una mir\u00edada de t\u00e9cnicas de optimizaci\u00f3n, que abarca minificaci\u00f3n, almacenamiento en cach\u00e9 del navegador y compresi\u00f3n de GZIP, todo lo cual funcionan armoniosamente para proporcionar a los usuarios un sitio web excepcionalmente r\u00e1pido y sin problemas. Al utilizar el cohete MainWP, puede aumentar sin esfuerzo la puntuaci\u00f3n de Google PageSpeed \u200b\u200bde su sitio, disminuir las tasas de rebote y amplificar las tasas de conversi\u00f3n. Adem\u00e1s, este complemento ofrece un proceso de configuraci\u00f3n f\u00e1cil de usar que no requiere ninguna experiencia de codificaci\u00f3n, lo que lo convierte en una opci\u00f3n ideal para los propietarios de sitios web que buscan aumentar la rapidez de su sitio sin enfrentar complicaciones innecesarias.<\/p>\n","protected":false},"featured_media":166677,"comment_status":"open","ping_status":"open","template":"","meta":[],"product_brand":[2491],"product_cat":[1212,1206,1211],"product_tag":[1324],"class_list":{"0":"post-117721","1":"product","2":"type-product","3":"status-publish","4":"has-post-thumbnail","6":"product_brand-main-wp","7":"product_cat-administracion-wordpress-plugins","8":"product_cat-plugins","9":"product_cat-wordpress-plugins","10":"product_tag-main-wp","11":"member-discount","12":"discount-restricted","14":"first","15":"instock","16":"sale","17":"downloadable","18":"virtual","19":"sold-individually","20":"purchasable","21":"product-type-simple"},"_links":{"self":[{"href":"https:\/\/gpl-love.com\/es\/wp-json\/wp\/v2\/product\/117721","targetHints":{"allow":["GET"]}}],"collection":[{"href":"https:\/\/gpl-love.com\/es\/wp-json\/wp\/v2\/product"}],"about":[{"href":"https:\/\/gpl-love.com\/es\/wp-json\/wp\/v2\/types\/product"}],"replies":[{"embeddable":true,"href":"https:\/\/gpl-love.com\/es\/wp-json\/wp\/v2\/comments?post=117721"}],"wp:featuredmedia":[{"embeddable":true,"href":"https:\/\/gpl-love.com\/es\/wp-json\/wp\/v2\/media\/166677"}],"wp:attachment":[{"href":"https:\/\/gpl-love.com\/es\/wp-json\/wp\/v2\/media?parent=117721"}],"wp:term":[{"taxonomy":"product_brand","embeddable":true,"href":"https:\/\/gpl-love.com\/es\/wp-json\/wp\/v2\/product_brand?post=117721"},{"taxonomy":"product_cat","embeddable":true,"href":"https:\/\/gpl-love.com\/es\/wp-json\/wp\/v2\/product_cat?post=117721"},{"taxonomy":"product_tag","embeddable":true,"href":"https:\/\/gpl-love.com\/es\/wp-json\/wp\/v2\/product_tag?post=117721"}],"curies":[{"name":"wp","href":"https:\/\/api.w.org\/{rel}","templated":true}]}}