{"id":117719,"date":"2024-05-30T00:00:00","date_gmt":"2024-05-30T05:00:00","guid":{"rendered":"https:\/\/gpl-love.com\/es\/?post_type=product&#038;p=117719"},"modified":"2026-03-09T07:48:15","modified_gmt":"2026-03-09T12:48:15","slug":"mainwp-post-plus","status":"publish","type":"product","link":"https:\/\/gpl-love.com\/es\/producto\/mainwp-post-plus\/","title":{"rendered":"MainWP Post Plus 5.0.1"},"content":{"rendered":"<h3>MainWP Post Plus Caracteristicas<\/h3>\n<p>Mainwp Post Plus ofrece una multitud de caracter\u00edsticas potentes para administrar de manera efectiva sus sitios web de WordPress, lo que lo convierte en una herramienta indispensable en el arsenal de cualquier propietario del sitio. Este complemento facilita la creaci\u00f3n y publicaci\u00f3n perfecta de nuevas publicaciones en uno o m\u00faltiples sitios simult\u00e1neamente, mejorando significativamente la productividad. Adem\u00e1s, permite a los usuarios programar las publicaciones convenientemente para la versi\u00f3n futura, optimizando as\u00ed la gesti\u00f3n del tiempo y reduciendo el esfuerzo innecesario. Adem\u00e1s, Mainwp Post Plus cuenta con una extensa gama de opciones de personalizaci\u00f3n, lo que permite a los usuarios incorporar sin esfuerzo campos personalizados, im\u00e1genes destacadas y etiquetas en sus publicaciones, mejorando en \u00faltima instancia la est\u00e9tica y la funcionalidad general. Adem\u00e1s, el complemento abarca la invaluable capacidad para establecer plantillas de publicaci\u00f3n predeterminadas, asegurando la uniformidad y la coherencia en todos los sitios. En esencia, Mainwp Post Plus es un activo indispensable para los propietarios de sitios de WordPress que buscan racionalizar y acelerar su proceso de creaci\u00f3n de contenido.<\/p>\n<ul>\n<li>Ahorra tiempo permitiendo la creaci\u00f3n a granel y la publicaci\u00f3n de publicaciones de blog en m\u00faltiples sitios de WordPress<\/li>\n<li>Flujo de trabajo de l\u00ednea de agenda proporcionando un tablero unificado para administrar publicaciones y contenido<\/li>\n<li>Aumenta la eficiencia al ofrecer opciones para programar publicaciones<\/li>\n<li>Mejora la personalizaci\u00f3n con la capacidad de usar tipos de publicaciones personalizados y taxonom\u00edas<\/li>\n<li>Mejora el SEO con la integraci\u00f3n de yoast incorporada<\/li>\n<li>Proporciona opciones de administraci\u00f3n de usuarios, incluida la asignaci\u00f3n de publicaciones a usuarios espec\u00edficos<\/li>\n<li>Ofrece protecci\u00f3n contra la eliminaci\u00f3n accidental con funcionalidad de salvaci\u00f3n autom\u00e1tica<\/li>\n<li>Permite una f\u00e1cil edici\u00f3n y actualizaci\u00f3n de publicaciones a trav\u00e9s del tablero<\/li>\n<li>Compatible con los temas y complementos m\u00e1s populares de WordPress<\/li>\n<li>Proporciona una soluci\u00f3n rentable para administrar m\u00faltiples sitios de WordPress.<\/li>\n<\/ul>\n","protected":false},"excerpt":{"rendered":"<p>Mainwp Post Plus, un complemento de WordPress excepcionalmente robusto, le otorga la notable capacidad de generar y liberar publicaciones en numerosos sitios de WordPress simult\u00e1neamente. Gracias a su interfaz notablemente f\u00e1cil de usar y sus funcionalidades de vanguardia, supervisar sin esfuerzo su contenido en toda su red de sitios de WordPress se vuelve muy f\u00e1cil. Al aprovechar el poder de Mainwp Post Plus, no solo podr\u00e1 ahorrar una cantidad significativa de tiempo, sino que tambi\u00e9n ser\u00e1 testigo de un impulso sustancial en la productividad y la efectividad.<\/p>\n","protected":false},"featured_media":166675,"comment_status":"open","ping_status":"open","template":"","meta":[],"product_brand":[2491],"product_cat":[1212,1206,1211],"product_tag":[1324],"class_list":{"0":"post-117719","1":"product","2":"type-product","3":"status-publish","4":"has-post-thumbnail","6":"product_brand-main-wp","7":"product_cat-administracion-wordpress-plugins","8":"product_cat-plugins","9":"product_cat-wordpress-plugins","10":"product_tag-main-wp","11":"member-discount","12":"discount-restricted","14":"first","15":"instock","16":"sale","17":"downloadable","18":"virtual","19":"sold-individually","20":"purchasable","21":"product-type-simple"},"_links":{"self":[{"href":"https:\/\/gpl-love.com\/es\/wp-json\/wp\/v2\/product\/117719","targetHints":{"allow":["GET"]}}],"collection":[{"href":"https:\/\/gpl-love.com\/es\/wp-json\/wp\/v2\/product"}],"about":[{"href":"https:\/\/gpl-love.com\/es\/wp-json\/wp\/v2\/types\/product"}],"replies":[{"embeddable":true,"href":"https:\/\/gpl-love.com\/es\/wp-json\/wp\/v2\/comments?post=117719"}],"wp:featuredmedia":[{"embeddable":true,"href":"https:\/\/gpl-love.com\/es\/wp-json\/wp\/v2\/media\/166675"}],"wp:attachment":[{"href":"https:\/\/gpl-love.com\/es\/wp-json\/wp\/v2\/media?parent=117719"}],"wp:term":[{"taxonomy":"product_brand","embeddable":true,"href":"https:\/\/gpl-love.com\/es\/wp-json\/wp\/v2\/product_brand?post=117719"},{"taxonomy":"product_cat","embeddable":true,"href":"https:\/\/gpl-love.com\/es\/wp-json\/wp\/v2\/product_cat?post=117719"},{"taxonomy":"product_tag","embeddable":true,"href":"https:\/\/gpl-love.com\/es\/wp-json\/wp\/v2\/product_tag?post=117719"}],"curies":[{"name":"wp","href":"https:\/\/api.w.org\/{rel}","templated":true}]}}