{"id":117717,"date":"2022-12-11T00:00:00","date_gmt":"2022-12-11T05:00:00","guid":{"rendered":"https:\/\/gpl-love.com\/es\/?post_type=product&#038;p=117717"},"modified":"2026-03-09T07:48:12","modified_gmt":"2026-03-09T12:48:12","slug":"mainwp-page-speed","status":"publish","type":"product","link":"https:\/\/gpl-love.com\/es\/producto\/mainwp-page-speed\/","title":{"rendered":"MainWP Page Speed 4.0.3"},"content":{"rendered":"<h3>MainWP Page Speed Caracteristicas<\/h3>\n<p>La velocidad de la p\u00e1gina de MainWP es una herramienta incre\u00edblemente robusta e influyente que otorga a los propietarios de sitios web la capacidad de optimizar y mejorar la velocidad y el rendimiento general de sus sitios web. Utilizando esta herramienta excepcional, los usuarios est\u00e1n facultados para analizar meticulosamente los tiempos de carga exhibidos por sus p\u00e1ginas de sitios web, en consecuencia discernir cualquier problema potencial que pueda afectar perjudicialmente la velocidad de su sitio web. Compuesto por una exhaustiva variedad de caracter\u00edsticas, la velocidad de la p\u00e1gina de MainWP otorga la velocidad de la p\u00e1gina de sus usuarios, las verificaciones autom\u00e1ticas de sus usuarios, recomendaciones invaluables para aumentar la velocidad de la p\u00e1gina e informes muy detallados que describen meticulosamente el rendimiento del sitio web. A trav\u00e9s de la utilizaci\u00f3n de esta notable herramienta, los propietarios de sitios web pueden amplificar sin esfuerzo la velocidad de su sitio web, lo que brinda a sus estimados visitantes una experiencia de usuario decididamente superior y mejorada. Colectivamente, la velocidad de la p\u00e1gina de MainWP representa sin lugar a dudas un recurso indispensable para cualquier individuo que busque mejorar el rendimiento de su sitio web y determinar que opera en su mejor momento.<\/p>\n<ul>\n<li>Aumenta la velocidad del sitio web optimizando varios elementos<\/li>\n<li>Funciona con m\u00faltiples sitios web simult\u00e1neamente<\/li>\n<li>Proporciona informes detallados sobre mejoras de velocidad de p\u00e1gina<\/li>\n<li>Instalaci\u00f3n f\u00e1cil e interfaz f\u00e1cil de usar<\/li>\n<li>Ayuda a mejorar la clasificaci\u00f3n de los motores de b\u00fasqueda y la experiencia del usuario<\/li>\n<li>Ofrece soporte y actualizaciones ilimitadas<\/li>\n<li>Compatible con varios proveedores de alojamiento y temas de WordPress<\/li>\n<li>Ahorre tiempo y recursos optimizando sin conocimiento t\u00e9cnico<\/li>\n<\/ul>\n","protected":false},"excerpt":{"rendered":"<p>La velocidad de la p\u00e1gina de MainWP es un complemento incre\u00edblemente robusto y efectivo que sirve para ayudar a los usuarios a optimizar los tiempos de carga de sus sitios web de WordPress, mejorando significativamente el rendimiento general. Con la ayuda de este complemento excepcional, los usuarios pueden evaluar sin esfuerzo las diversas m\u00e9tricas de rendimiento de sus sitios web y posteriormente identificar \u00e1reas espec\u00edficas dentro de las cuales pueden hacer mejoras. Adem\u00e1s, este complemento tambi\u00e9n ofrece a los usuarios informes y recomendaciones exhaustivas sobre c\u00f3mo pueden acelerar de manera efectiva los tiempos de carga de sus p\u00e1ginas web, que incluyen acciones como minimizar la utilizaci\u00f3n de archivos CSS y JavaScript, comprimir im\u00e1genes, as\u00ed como utilizar efectivamente el almacenamiento en cach\u00e9 del navegador. Al utilizar la velocidad de la p\u00e1gina de MainWP, los usuarios pueden aumentar significativamente la experiencia de usuario de su sitio web, reforzar sus clasificaciones de motores de b\u00fasqueda y, en \u00faltima instancia, presenciar un aumento sustancial en las conversiones e ingresos.<\/p>\n","protected":false},"featured_media":166672,"comment_status":"open","ping_status":"open","template":"","meta":[],"product_brand":[2491],"product_cat":[1212,1206,1211],"product_tag":[1324],"class_list":{"0":"post-117717","1":"product","2":"type-product","3":"status-publish","4":"has-post-thumbnail","6":"product_brand-main-wp","7":"product_cat-administracion-wordpress-plugins","8":"product_cat-plugins","9":"product_cat-wordpress-plugins","10":"product_tag-main-wp","11":"member-discount","12":"discount-restricted","14":"first","15":"instock","16":"sale","17":"downloadable","18":"virtual","19":"sold-individually","20":"purchasable","21":"product-type-simple"},"_links":{"self":[{"href":"https:\/\/gpl-love.com\/es\/wp-json\/wp\/v2\/product\/117717","targetHints":{"allow":["GET"]}}],"collection":[{"href":"https:\/\/gpl-love.com\/es\/wp-json\/wp\/v2\/product"}],"about":[{"href":"https:\/\/gpl-love.com\/es\/wp-json\/wp\/v2\/types\/product"}],"replies":[{"embeddable":true,"href":"https:\/\/gpl-love.com\/es\/wp-json\/wp\/v2\/comments?post=117717"}],"wp:featuredmedia":[{"embeddable":true,"href":"https:\/\/gpl-love.com\/es\/wp-json\/wp\/v2\/media\/166672"}],"wp:attachment":[{"href":"https:\/\/gpl-love.com\/es\/wp-json\/wp\/v2\/media?parent=117717"}],"wp:term":[{"taxonomy":"product_brand","embeddable":true,"href":"https:\/\/gpl-love.com\/es\/wp-json\/wp\/v2\/product_brand?post=117717"},{"taxonomy":"product_cat","embeddable":true,"href":"https:\/\/gpl-love.com\/es\/wp-json\/wp\/v2\/product_cat?post=117717"},{"taxonomy":"product_tag","embeddable":true,"href":"https:\/\/gpl-love.com\/es\/wp-json\/wp\/v2\/product_tag?post=117717"}],"curies":[{"name":"wp","href":"https:\/\/api.w.org\/{rel}","templated":true}]}}