{"id":117715,"date":"2026-03-20T00:00:00","date_gmt":"2026-03-20T05:00:00","guid":{"rendered":"https:\/\/gpl-love.com\/es\/?post_type=product&#038;p=117715"},"modified":"2026-03-20T17:15:44","modified_gmt":"2026-03-20T22:15:44","slug":"mainwp-maintenance","status":"publish","type":"product","link":"https:\/\/gpl-love.com\/es\/producto\/mainwp-maintenance\/","title":{"rendered":"MainWP Maintenance 5.1.1"},"content":{"rendered":"<h3>MainWP Maintenance Caracteristicas<\/h3>\n<p>El mantenimiento de MainWP es una herramienta notablemente robusta e influyente que le ofrece la conveniencia de administrar y mantener sin esfuerzo su variedad diversa de sitios web de WordPress. Esta notable herramienta le permite ejecutar una amplia gama de tareas de mantenimiento, que incluyen, entre otros, actualizar complementos y temas, optimizar el rendimiento de su base de datos, hacer una copia de seguridad diligente de su sitio invaluable y una gran cantidad de otras funciones indispensables. El sello distintivo de esta herramienta se encuentra en su interfaz f\u00e1cil e intuitivamente dise\u00f1ada, que facilita de manera expedente la gesti\u00f3n perfecta de todos sus sitios de WordPress desde un lugar centralizado y armonioso. No importa si es un desarrollador web experimentado o un propietario de negocios confiado la ardua responsabilidad de supervisar m\u00faltiples sitios web, ya que el mantenimiento de MainWP es una herramienta indispensable y necesaria que garantiza tanto economizar su precioso tiempo como garantizar la operaci\u00f3n armoniosa de sus sitios web.<\/p>\n<ul>\n<li>Panel de mantenimiento centralizado para sitios de WordPress<\/li>\n<li>Programe copias de seguridad automatizadas, actualizaciones y escaneos de seguridad<\/li>\n<li>Monitorear el tiempo de actividad del sitio y el rendimiento<\/li>\n<li>Acceso de un solo clic a cada sitio individual para tareas de mantenimiento manual<\/li>\n<li>Gesti\u00f3n segura de credenciales de inicio de sesi\u00f3n para cada sitio<\/li>\n<li>Registro avanzado de informes y actividades<\/li>\n<li>Compatible con complementos de seguridad populares y plataformas de alojamiento<\/li>\n<li>Capacidad de gesti\u00f3n de m\u00faltiples sitios para agencias y desarrolladores<\/li>\n<li>Actualizaciones regulares y atenci\u00f3n al cliente incluidas<\/li>\n<li>Planes de precios asequibles para empresas de todos los tama\u00f1os<\/li>\n<\/ul>\n","protected":false},"excerpt":{"rendered":"<p>El mantenimiento de MainWP ofrece una gran cantidad de herramientas y caracter\u00edsticas robustas que facilitan la gesti\u00f3n efectiva y el mantenimiento de numerosos sitios web de WordPress a trav\u00e9s de un tablero centralizado. Su interfaz f\u00e1cil de usar mejora la conveniencia y la facilidad de uso, lo que permite a los usuarios ejecutar sin esfuerzo tareas rutinarias, como actualizaciones, copias de seguridad y escaneos de seguridad en todos sus sitios con un esfuerzo m\u00ednimo. Adem\u00e1s, el mantenimiento de MainWP proporciona informes completos sobre el rendimiento y el tiempo de actividad del sitio web, acelerando la identificaci\u00f3n y resoluci\u00f3n de cualquier problema potencial. Al aprovechar el poder del mantenimiento de MainWP, los usuarios pueden optimizar su tiempo y energ\u00eda al tiempo que garantizan una operaci\u00f3n perfecta y segura de sus sitios de WordPress.<\/p>\n","protected":false},"featured_media":166671,"comment_status":"open","ping_status":"open","template":"","meta":[],"product_brand":[2491],"product_cat":[1212,1206,1211],"product_tag":[1324],"class_list":{"0":"post-117715","1":"product","2":"type-product","3":"status-publish","4":"has-post-thumbnail","6":"product_brand-main-wp","7":"product_cat-administracion-wordpress-plugins","8":"product_cat-plugins","9":"product_cat-wordpress-plugins","10":"product_tag-main-wp","11":"member-discount","12":"discount-restricted","14":"first","15":"instock","16":"sale","17":"downloadable","18":"virtual","19":"sold-individually","20":"purchasable","21":"product-type-simple"},"_links":{"self":[{"href":"https:\/\/gpl-love.com\/es\/wp-json\/wp\/v2\/product\/117715","targetHints":{"allow":["GET"]}}],"collection":[{"href":"https:\/\/gpl-love.com\/es\/wp-json\/wp\/v2\/product"}],"about":[{"href":"https:\/\/gpl-love.com\/es\/wp-json\/wp\/v2\/types\/product"}],"replies":[{"embeddable":true,"href":"https:\/\/gpl-love.com\/es\/wp-json\/wp\/v2\/comments?post=117715"}],"wp:featuredmedia":[{"embeddable":true,"href":"https:\/\/gpl-love.com\/es\/wp-json\/wp\/v2\/media\/166671"}],"wp:attachment":[{"href":"https:\/\/gpl-love.com\/es\/wp-json\/wp\/v2\/media?parent=117715"}],"wp:term":[{"taxonomy":"product_brand","embeddable":true,"href":"https:\/\/gpl-love.com\/es\/wp-json\/wp\/v2\/product_brand?post=117715"},{"taxonomy":"product_cat","embeddable":true,"href":"https:\/\/gpl-love.com\/es\/wp-json\/wp\/v2\/product_cat?post=117715"},{"taxonomy":"product_tag","embeddable":true,"href":"https:\/\/gpl-love.com\/es\/wp-json\/wp\/v2\/product_tag?post=117715"}],"curies":[{"name":"wp","href":"https:\/\/api.w.org\/{rel}","templated":true}]}}