{"id":117713,"date":"2021-10-11T00:00:00","date_gmt":"2021-10-11T05:00:00","guid":{"rendered":"https:\/\/gpl-love.com\/es\/?post_type=product&#038;p=117713"},"modified":"2026-03-09T07:48:09","modified_gmt":"2026-03-09T12:48:09","slug":"mainwp-links-manager","status":"publish","type":"product","link":"https:\/\/gpl-love.com\/es\/producto\/mainwp-links-manager\/","title":{"rendered":"MainWP Links Manager 2.1"},"content":{"rendered":"<h3>MainWP Links Manager Caracteristicas<\/h3>\n<p>El MainWP Links Manager es una herramienta incre\u00edblemente robusta e influyente que ha sido intrincadamente dise\u00f1ada para proporcionar a los propietarios de sitios web la mayor ayuda para administrar y organizar sus enlaces de manera efectiva. Este notable complemento faculta a los propietarios de sitios web con la capacidad de crear y personalizar sin esfuerzo sus propias categor\u00edas \u00fanicas de enlaces, agregar sin problemas nuevos enlaces, as\u00ed como modificar sin esfuerzo cualquier enlace existente, todos con solo unos pocos clics. Adem\u00e1s de estas caracter\u00edsticas notables, esta herramienta tambi\u00e9n cuenta con una variedad de capacidades de b\u00fasqueda avanzadas que permiten a los usuarios ubicar de manera r\u00e1pida y eficiente los enlaces espec\u00edficos dentro de su extensa colecci\u00f3n. Sin lugar a dudas, el Administrador de enlaces de MainWP es inequ\u00edvocamente un activo indispensable para cualquier persona que busque optimizar y optimizar sus pr\u00e1cticas de gesti\u00f3n de enlaces, mejorando posteriormente la experiencia general del usuario de su sitio web. Independientemente de si es un blogger dedicado, un propietario de negocios astuto o un desarrollador web altamente calificado, est\u00e1 irrefutablemente claro que este complemento sobresaliente es una adici\u00f3n excepcional e invaluable a su caja de herramientas existente.<\/p>\n<ul>\n<li>Administre sin problemas todos los enlaces de su sitio web en una ubicaci\u00f3n central<\/li>\n<li>Agregar, editar y eliminar f\u00e1cilmente enlaces en todos sus sitios web a trav\u00e9s de un solo tablero<\/li>\n<li>Categorice y organice r\u00e1pidamente sus enlaces para una mejor navegaci\u00f3n y experiencia en el usuario.<\/li>\n<li>Configuraci\u00f3n de enlaces personalizables que incluyen si los enlaces deben abrir en una nueva ventana o pesta\u00f1a<\/li>\n<li>Ahorre tiempo y aumente la eficiencia con un proceso de gesti\u00f3n de enlaces optimizado<\/li>\n<li>Compatible con todos los sitios de WordPress, incluidas las instalaciones multisitio<\/li>\n<li>Sistema de gesti\u00f3n de enlaces seguro y confiable para garantizar que sus enlaces est\u00e9n siempre disponibles y actualizados<\/li>\n<li>Dise\u00f1o de respuesta m\u00f3vil para una gesti\u00f3n f\u00e1cil de enlaces en la marcha<\/li>\n<li>Equipo de soporte dedicado disponible para ayudar con cualquier pregunta o problema que pueda encontrar.<\/li>\n<\/ul>\n","protected":false},"excerpt":{"rendered":"<p>El Administrador de enlaces de MainWP es una herramienta incre\u00edblemente robusta y rica en funciones que ofrece una multitud de opciones para administrar de manera efectiva los enlaces de salida en su sitio web. Al utilizar este complemento excepcional, podr\u00e1 agregar, eliminar y organizar sin esfuerzo todos los enlaces presentados en su sitio. Esto asegura que sus estimados visitantes siempre tengan acceso sin restricciones a los recursos m\u00e1s pertinentes y actualizados disponibles. Independientemente de si est\u00e1 buscando ayuda para administrar enlaces de blogroll, enlaces de afiliados o cualquier otra categor\u00eda de enlace de salida, puede estar seguro de que el administrador de enlaces de MainWP superar\u00e1 sus expectativas. Con una interfaz que es f\u00e1cil de usar y simplificada, este complemento es una necesidad absoluta para cualquier propietario del sitio web que desee optimizar la estructura de enlaces de su dominio en l\u00ednea. \u00bfPor qu\u00e9 posponer lo inevitable? \u00a1Da el paso decisivo hoy y adquiere el gerente de enlaces de MainWP, obteniendo as\u00ed un control y dominio sin precedentes sobre los enlaces salientes de su sitio web!<\/p>\n","protected":false},"featured_media":166670,"comment_status":"open","ping_status":"open","template":"","meta":[],"product_brand":[2491],"product_cat":[1212,1206,1211],"product_tag":[1324],"class_list":{"0":"post-117713","1":"product","2":"type-product","3":"status-publish","4":"has-post-thumbnail","6":"product_brand-main-wp","7":"product_cat-administracion-wordpress-plugins","8":"product_cat-plugins","9":"product_cat-wordpress-plugins","10":"product_tag-main-wp","11":"member-discount","12":"discount-restricted","14":"first","15":"instock","16":"sale","17":"downloadable","18":"virtual","19":"sold-individually","20":"purchasable","21":"product-type-simple"},"_links":{"self":[{"href":"https:\/\/gpl-love.com\/es\/wp-json\/wp\/v2\/product\/117713","targetHints":{"allow":["GET"]}}],"collection":[{"href":"https:\/\/gpl-love.com\/es\/wp-json\/wp\/v2\/product"}],"about":[{"href":"https:\/\/gpl-love.com\/es\/wp-json\/wp\/v2\/types\/product"}],"replies":[{"embeddable":true,"href":"https:\/\/gpl-love.com\/es\/wp-json\/wp\/v2\/comments?post=117713"}],"wp:featuredmedia":[{"embeddable":true,"href":"https:\/\/gpl-love.com\/es\/wp-json\/wp\/v2\/media\/166670"}],"wp:attachment":[{"href":"https:\/\/gpl-love.com\/es\/wp-json\/wp\/v2\/media?parent=117713"}],"wp:term":[{"taxonomy":"product_brand","embeddable":true,"href":"https:\/\/gpl-love.com\/es\/wp-json\/wp\/v2\/product_brand?post=117713"},{"taxonomy":"product_cat","embeddable":true,"href":"https:\/\/gpl-love.com\/es\/wp-json\/wp\/v2\/product_cat?post=117713"},{"taxonomy":"product_tag","embeddable":true,"href":"https:\/\/gpl-love.com\/es\/wp-json\/wp\/v2\/product_tag?post=117713"}],"curies":[{"name":"wp","href":"https:\/\/api.w.org\/{rel}","templated":true}]}}