{"id":117711,"date":"2026-04-18T00:00:00","date_gmt":"2026-04-18T05:00:00","guid":{"rendered":"https:\/\/gpl-love.com\/es\/?post_type=product&#038;p=117711"},"modified":"2026-04-18T17:15:55","modified_gmt":"2026-04-18T22:15:55","slug":"mainwp-ithemes-security","status":"publish","type":"product","link":"https:\/\/gpl-love.com\/es\/producto\/mainwp-ithemes-security\/","title":{"rendered":"MainWP iThemes Security 5.0.3"},"content":{"rendered":"<h3>MainWP iThemes Security Caracteristicas<\/h3>\n<p>Mainwp Ithemes Security es un complemento de seguridad excepcionalmente robusto que proporciona una amplia protecci\u00f3n contra una multitud de amenazas en l\u00ednea que pueden poner en peligro los sitios web de WordPress. Ofreciendo una variedad de funcionalidades avanzadas que incluyen, entre otros, la protecci\u00f3n de la fuerza bruta, la autenticaci\u00f3n de dos factores y el escaneo integral de malware, MainWP Ithemes Security surge indiscutiblemente como una herramienta indispensable para aquellos que buscan fortalecer su sitio web contra las nefastos maquinaciones de hackers y ciberacriminales. Adem\u00e1s, el proceso de instalaci\u00f3n y configuraci\u00f3n sin esfuerzo solidifica a\u00fan m\u00e1s su estado como un activo f\u00e1cil de usar. En particular, su integraci\u00f3n perfecta con MainWP permite a los usuarios supervisar y monitorear sin esfuerzo numerosos sitios de WordPress a trav\u00e9s de un tablero singular. Para resumir, MainWP Ithemes Security se erige inequ\u00edvocamente como una soluci\u00f3n confiable y altamente eficiente para garantizar la seguridad final de los sitios web de WordPress.<\/p>\n<ul>\n<li>Proteja su sitio de WordPress con Ithemes Security, un complemento de seguridad potente y f\u00e1cil de usar.<\/li>\n<li>Administre toda la seguridad de sus sitios de WordPress desde una ubicaci\u00f3n central con MainWP.<\/li>\n<li>Ithemes Security ofrece m\u00e1s de 30 formas de asegurar y proteger su sitio, incluidos los escaneos de malware, el bloqueo de IP y la autenticaci\u00f3n de dos factores.<\/li>\n<li>Con la seguridad de MainWP e Ithemes, puede monitorear todo el estado de seguridad de sus sitios y recibir notificaciones instant\u00e1neas de cualquier amenaza potencial.<\/li>\n<li>Ithemes Security tambi\u00e9n incluye una herramienta de administraci\u00f3n de contrase\u00f1as y detecta y bloquea autom\u00e1ticamente los intentos de inicio de sesi\u00f3n de las direcciones IP maliciosas conocidas.<\/li>\n<li>La seguridad de Mainwp e Ithemes hace que la gesti\u00f3n de seguridad sea muy f\u00e1cil, ahorr\u00e1ndole tiempo y asegurando que sus sitios est\u00e9n seguros.<\/li>\n<\/ul>\n","protected":false},"excerpt":{"rendered":"<p>Mainwp Ithemes Security es un complemento de seguridad excepcionalmente robusto que ha sido elaborado por expertos para proteger su sitio web de WordPress de varios intentos de pirater\u00eda, malware insidioso y una variedad de amenazas de seguridad amenazantes que pueden comprometer la integridad y la funcionalidad de su sitio web. Este complemento fenomenal le permite analizar y evaluar de manera efectiva la susceptibilidad de su sitio web a las vulnerabilidades, fortalecer y salvaguardar su p\u00e1gina de inicio de sesi\u00f3n crucial, preservar y proteger diligentemente sus valiosos archivos y directorios, as\u00ed como emprender una mir\u00edada de otras medidas de seguridad vitales para reforzar la defensa impregnable. Mecanismos de su estimado sitio web. La utilizaci\u00f3n y gesti\u00f3n perfecta de este complemento se facilita a trav\u00e9s de un tablero sofisticado y centralizado, una verdadera panacea para los propietarios de sitios web, estimados webmasters y desarrolladores diligentes que se esfuerzan perpetuamente por mantener la santidad e invulnerabilidad impermeables de sus apreciados sitios web. Por lo tanto, si su objetivo primordial es garantizar la seguridad inquebrantable y la seguridad impregnable de su sitio web atesorado, simplemente no hay mejor herramienta que la incomparable seguridad de MainWP.<\/p>\n","protected":false},"featured_media":166669,"comment_status":"open","ping_status":"open","template":"","meta":[],"product_brand":[2491],"product_cat":[1212,1206,1211],"product_tag":[1324],"class_list":{"0":"post-117711","1":"product","2":"type-product","3":"status-publish","4":"has-post-thumbnail","6":"product_brand-main-wp","7":"product_cat-administracion-wordpress-plugins","8":"product_cat-plugins","9":"product_cat-wordpress-plugins","10":"product_tag-main-wp","11":"member-discount","12":"discount-restricted","14":"first","15":"instock","16":"sale","17":"downloadable","18":"virtual","19":"sold-individually","20":"purchasable","21":"product-type-simple"},"_links":{"self":[{"href":"https:\/\/gpl-love.com\/es\/wp-json\/wp\/v2\/product\/117711","targetHints":{"allow":["GET"]}}],"collection":[{"href":"https:\/\/gpl-love.com\/es\/wp-json\/wp\/v2\/product"}],"about":[{"href":"https:\/\/gpl-love.com\/es\/wp-json\/wp\/v2\/types\/product"}],"replies":[{"embeddable":true,"href":"https:\/\/gpl-love.com\/es\/wp-json\/wp\/v2\/comments?post=117711"}],"wp:featuredmedia":[{"embeddable":true,"href":"https:\/\/gpl-love.com\/es\/wp-json\/wp\/v2\/media\/166669"}],"wp:attachment":[{"href":"https:\/\/gpl-love.com\/es\/wp-json\/wp\/v2\/media?parent=117711"}],"wp:term":[{"taxonomy":"product_brand","embeddable":true,"href":"https:\/\/gpl-love.com\/es\/wp-json\/wp\/v2\/product_brand?post=117711"},{"taxonomy":"product_cat","embeddable":true,"href":"https:\/\/gpl-love.com\/es\/wp-json\/wp\/v2\/product_cat?post=117711"},{"taxonomy":"product_tag","embeddable":true,"href":"https:\/\/gpl-love.com\/es\/wp-json\/wp\/v2\/product_tag?post=117711"}],"curies":[{"name":"wp","href":"https:\/\/api.w.org\/{rel}","templated":true}]}}