{"id":117709,"date":"2026-05-05T00:00:00","date_gmt":"2026-05-05T05:00:00","guid":{"rendered":"https:\/\/gpl-love.com\/es\/?post_type=product&#038;p=117709"},"modified":"2026-05-05T11:15:49","modified_gmt":"2026-05-05T16:15:49","slug":"mainwp-google-analytics","status":"publish","type":"product","link":"https:\/\/gpl-love.com\/es\/producto\/mainwp-google-analytics\/","title":{"rendered":"MainWP Google Analytics 6.0.2"},"content":{"rendered":"<h3>MainWP Google Analytics Caracteristicas<\/h3>\n<p>El complemento MainWP Google Analytics es una herramienta inmensamente potente y eficaz que permite a los propietarios de sitios web rastrear y analizar meticulosamente el tr\u00e1fico en sus sitios web. Al integrar perfectamente su cuenta de Google Analytics con su tablero de WordPress, los propietarios de sitios web se otorgan la capacidad de monitorear y evaluar meticulosamente m\u00e9tricas vitales como PageViews, Tasa de rebote y el comportamiento del usuario en tiempo real. El complemento de Google Analytics de MainWP no solo ofrece una interfaz notablemente intuitiva y f\u00e1cil de usar que facilita la interpretaci\u00f3n de los datos de an\u00e1lisis, sino que tambi\u00e9n presenta a los usuarios la oportunidad de aprovechar las caracter\u00edsticas avanzadas como dimensiones y eventos personalizados, lo que los aumenta con un aumento de Flexibilidad en t\u00e9rminos de c\u00f3mo rastrean y analizan el tr\u00e1fico en sus sitios web. En esencia, MainWP Google Analytics es una herramienta indispensable que es inequ\u00edvocamente esencial para cualquier propietario del sitio web que busque ardientemente obtener una comprensi\u00f3n m\u00e1s profunda de su audiencia y optimizar el rendimiento de su sitio web.<\/p>\n<ul>\n<li>Proporciona integraci\u00f3n entre el panel de MainWP y Google Analytics<\/li>\n<li>Permite a los usuarios ver informes de Google Analytics desde MainWP<\/li>\n<li>Muestra m\u00e9tricas clave como vistas de p\u00e1gina, velocidad de rebote y duraci\u00f3n de la sesi\u00f3n<\/li>\n<li>Permite a los usuarios establecer objetivos y rastrear las conversiones directamente desde MainWP<\/li>\n<li>Ofrece opciones de personalizaci\u00f3n, como selecci\u00f3n de rango de fechas y filtros de dimensi\u00f3n<\/li>\n<li>Admite m\u00faltiples cuentas de Google Analytics para una f\u00e1cil gesti\u00f3n de diferentes propiedades<\/li>\n<li>Ayuda a los usuarios a optimizar su sitio web identificando fuentes de tr\u00e1fico y contenido popular<\/li>\n<li>Proporciona informaci\u00f3n sobre el comportamiento del usuario y ayuda a mejorar la navegaci\u00f3n del sitio web y la experiencia del usuario<\/li>\n<li>Reduce la necesidad de que los usuarios cambien entre diferentes plataformas para an\u00e1lisis de sitios web y administraci\u00f3n<\/li>\n<\/ul>\n","protected":false},"excerpt":{"rendered":"<p>MainWP Google Analytics es una herramienta incre\u00edblemente robusta e influyente que ha sido meticulosamente dise\u00f1ada para ayudar a los usuarios a monitorear y analizar de cerca el tr\u00e1fico de su sitio web. Adem\u00e1s, sirve para mejorar eficientemente las estrategias de marketing en l\u00ednea y fomentar una experiencia de usuario excepcional. Al integrar este notable complemento, est\u00e1 facultado para realizar un seguimiento de la audiencia de su sitio web, evaluar diligentemente la eficacia de sus anunciantes y optimizar meticulosamente su valioso contenido para mejorar significativamente las tasas de conversi\u00f3n. Este complemento sobresaliente se sincroniza sin problemas con Google Analytics, lo que le proporciona acceso inmediato a datos en tiempo real y un an\u00e1lisis integral de comportamiento del usuario. En consecuencia, se le otorga la invaluable capacidad de tomar decisiones bien informadas enraizadas en ideas precisas. Est\u00e1 inequ\u00edvocamente claro que MainWP Google Analytics es una herramienta indispensable y fundamental que es indispensablemente pertinente para los propietarios de sitios web, vendedores y empresas que aspiran a fortalecer su presencia en l\u00ednea y impulsar sus operaciones a alturas de \u00e9xito sin precedentes.<\/p>\n","protected":false},"featured_media":166668,"comment_status":"open","ping_status":"open","template":"","meta":[],"product_brand":[2491],"product_cat":[1212,1206,1211],"product_tag":[1324],"class_list":{"0":"post-117709","1":"product","2":"type-product","3":"status-publish","4":"has-post-thumbnail","6":"product_brand-main-wp","7":"product_cat-administracion-wordpress-plugins","8":"product_cat-plugins","9":"product_cat-wordpress-plugins","10":"product_tag-main-wp","11":"member-discount","12":"discount-restricted","14":"first","15":"instock","16":"sale","17":"downloadable","18":"virtual","19":"sold-individually","20":"purchasable","21":"product-type-simple"},"_links":{"self":[{"href":"https:\/\/gpl-love.com\/es\/wp-json\/wp\/v2\/product\/117709","targetHints":{"allow":["GET"]}}],"collection":[{"href":"https:\/\/gpl-love.com\/es\/wp-json\/wp\/v2\/product"}],"about":[{"href":"https:\/\/gpl-love.com\/es\/wp-json\/wp\/v2\/types\/product"}],"replies":[{"embeddable":true,"href":"https:\/\/gpl-love.com\/es\/wp-json\/wp\/v2\/comments?post=117709"}],"wp:featuredmedia":[{"embeddable":true,"href":"https:\/\/gpl-love.com\/es\/wp-json\/wp\/v2\/media\/166668"}],"wp:attachment":[{"href":"https:\/\/gpl-love.com\/es\/wp-json\/wp\/v2\/media?parent=117709"}],"wp:term":[{"taxonomy":"product_brand","embeddable":true,"href":"https:\/\/gpl-love.com\/es\/wp-json\/wp\/v2\/product_brand?post=117709"},{"taxonomy":"product_cat","embeddable":true,"href":"https:\/\/gpl-love.com\/es\/wp-json\/wp\/v2\/product_cat?post=117709"},{"taxonomy":"product_tag","embeddable":true,"href":"https:\/\/gpl-love.com\/es\/wp-json\/wp\/v2\/product_tag?post=117709"}],"curies":[{"name":"wp","href":"https:\/\/api.w.org\/{rel}","templated":true}]}}