{"id":117707,"date":"2026-03-06T00:00:00","date_gmt":"2026-03-06T05:00:00","guid":{"rendered":"https:\/\/gpl-love.com\/es\/?post_type=product&#038;p=117707"},"modified":"2026-03-09T07:48:04","modified_gmt":"2026-03-09T12:48:04","slug":"mainwp-favorites","status":"publish","type":"product","link":"https:\/\/gpl-love.com\/es\/producto\/mainwp-favorites\/","title":{"rendered":"MainWP Favorites 5.3.1"},"content":{"rendered":"<h3>MainWP Favorites Caracteristicas<\/h3>\n<p>El complemento de favoritos de MainWP se esfuerza por mejorar la eficiencia de administrar m\u00faltiples sitios de WordPress al proporcionar a los usuarios la capacidad de compilar una lista integral de sus sitios web preferidos. A trav\u00e9s de esta funcionalidad, los usuarios pueden acceder y maniobrar de manera inmediata entre sus sitios favorecidos desde un tablero singular. La instalaci\u00f3n y la utilizaci\u00f3n de este complemento son sin esfuerzo y sin problemas, alineando sin problemas con el sistema de gesti\u00f3n de WordPress MainWP. Con la ayuda de los favoritos de MainWP, los usuarios pueden optimizar su tiempo y aumentar su productividad al acceder convenientemente a sus sitios utilizados con frecuencia sin la necesidad de examinar una extensa compilaci\u00f3n de sitios web. Esta herramienta indispensable es indispensable para las personas encargadas de la gesti\u00f3n de m\u00faltiples sitios de WordPress, independientemente de si se trata de esfuerzos personales o comerciales.<\/p>\n<ul>\n<li>MainWP Favorites es una herramienta poderosa que lo ayuda a administrar sus sitios web favoritos de WordPress, todo en un solo lugar.<\/li>\n<li>Con los favoritos de MainWP, puede guardar y organizar f\u00e1cilmente sus sitios de acceso con mayor frecuencia, lo que hace que sea m\u00e1s f\u00e1cil que nunca hacer un seguimiento de ellos.<\/li>\n<li>Este complemento optimiza su flujo de trabajo al permitirle acceder r\u00e1pidamente a sus sitios web de referencia sin la molestia de navegar a trav\u00e9s de varias p\u00e1ginas.<\/li>\n<li>MainWP Favoritos es totalmente compatible con sitios de WordPress autohospedados y redes multisitio.<\/li>\n<li>El complemento tambi\u00e9n le permite buscar y filtrar f\u00e1cilmente su lista de favoritos, ahorr\u00e1ndole tiempo y esfuerzo.<\/li>\n<li>Puede personalizar la apariencia de su lista de favoritos, eligiendo desde una amplia gama de \u00edconos llamativos para ayudarlo a identificar r\u00e1pidamente sus sitios favoritos.<\/li>\n<li>Con su interfaz f\u00e1cil de usar y su simple proceso de instalaci\u00f3n, MainWP Favorites es la soluci\u00f3n perfecta para cualquier persona que quiera simplificar su experiencia en gesti\u00f3n de sitios web.<\/li>\n<li>Adem\u00e1s, con actualizaciones regulares y un gran soporte de los desarrolladores, puede estar seguro de que este complemento continuar\u00e1 mejorando su productividad y eficiencia en los pr\u00f3ximos a\u00f1os.<\/li>\n<\/ul>\n","protected":false},"excerpt":{"rendered":"<p>MainWP Favoritos es un complemento incre\u00edblemente \u00fatil que est\u00e1 dise\u00f1ado espec\u00edficamente para los administradores de WordPress que buscan mejorar sus niveles de productividad. Este complemento le permite generar sin esfuerzo una lista completa que abarca todos sus sitios, complementos y temas de WordPress m\u00e1s queridos. Como conveniencia adicional, esta lista es f\u00e1cilmente accesible con un solo clic. Al implementar los favoritos de MainWP, sin duda ser\u00e1 testigo de una reducci\u00f3n significativa en el tiempo dedicado a buscar y acceder a elementos com\u00fanmente utilizados, facilitando la navegaci\u00f3n perfecta entre ellos. Sin lugar a dudas, esta herramienta indispensable es una necesidad absoluta para las personas encargadas de supervisar m\u00faltiples sitios web de WordPress.<\/p>\n","protected":false},"featured_media":166666,"comment_status":"open","ping_status":"open","template":"","meta":[],"product_brand":[2491],"product_cat":[1212,1206,1211],"product_tag":[1324],"class_list":{"0":"post-117707","1":"product","2":"type-product","3":"status-publish","4":"has-post-thumbnail","6":"product_brand-main-wp","7":"product_cat-administracion-wordpress-plugins","8":"product_cat-plugins","9":"product_cat-wordpress-plugins","10":"product_tag-main-wp","11":"member-discount","12":"discount-restricted","14":"first","15":"instock","16":"sale","17":"downloadable","18":"virtual","19":"sold-individually","20":"purchasable","21":"product-type-simple"},"_links":{"self":[{"href":"https:\/\/gpl-love.com\/es\/wp-json\/wp\/v2\/product\/117707","targetHints":{"allow":["GET"]}}],"collection":[{"href":"https:\/\/gpl-love.com\/es\/wp-json\/wp\/v2\/product"}],"about":[{"href":"https:\/\/gpl-love.com\/es\/wp-json\/wp\/v2\/types\/product"}],"replies":[{"embeddable":true,"href":"https:\/\/gpl-love.com\/es\/wp-json\/wp\/v2\/comments?post=117707"}],"wp:featuredmedia":[{"embeddable":true,"href":"https:\/\/gpl-love.com\/es\/wp-json\/wp\/v2\/media\/166666"}],"wp:attachment":[{"href":"https:\/\/gpl-love.com\/es\/wp-json\/wp\/v2\/media?parent=117707"}],"wp:term":[{"taxonomy":"product_brand","embeddable":true,"href":"https:\/\/gpl-love.com\/es\/wp-json\/wp\/v2\/product_brand?post=117707"},{"taxonomy":"product_cat","embeddable":true,"href":"https:\/\/gpl-love.com\/es\/wp-json\/wp\/v2\/product_cat?post=117707"},{"taxonomy":"product_tag","embeddable":true,"href":"https:\/\/gpl-love.com\/es\/wp-json\/wp\/v2\/product_tag?post=117707"}],"curies":[{"name":"wp","href":"https:\/\/api.w.org\/{rel}","templated":true}]}}