{"id":117677,"date":"2024-12-03T00:00:00","date_gmt":"2024-12-03T05:00:00","guid":{"rendered":"https:\/\/gpl-love.com\/es\/?post_type=product&#038;p=117677"},"modified":"2026-03-09T08:27:48","modified_gmt":"2026-03-09T13:27:48","slug":"wp-all-export-woocommerce-pro","status":"publish","type":"product","link":"https:\/\/gpl-love.com\/es\/producto\/wp-all-export-woocommerce-pro\/","title":{"rendered":"WP All Export WooCommerce 1.0.10"},"content":{"rendered":"<h3>WP All Export WooCommerce Caracteristicas<\/h3>\n<p>WP All Export WooCommerce es una herramienta incre\u00edblemente robusta y eficiente que otorga a los usuarios la capacidad de extraer y exportar datos sin esfuerzo de su tienda WooCommerce en una gran cantidad de diversos formatos de archivos. Al utilizar WP todos los WooCommerce de exportaci\u00f3n, los usuarios tienen la capacidad de seleccionar meticulosamente los conjuntos de datos espec\u00edficos para exportar, incluidos, entre otros, pedidos, clientes o productos, y adaptar sin problemas el resultado a alinearse sin problemas con sus requisitos individuales. Esta herramienta extraordinaria cuenta con una interfaz de arrastrar y soltar notablemente f\u00e1cil de usar, as\u00ed como una multitud de caracter\u00edsticas avanzadas, como la opci\u00f3n de programar exportaciones sin esfuerzo o aplicar impecablemente filtros a los datos extra\u00eddos. Si la intenci\u00f3n de uno implica exportar datos con el fin de generar informes integrales, realizar un an\u00e1lisis exhaustivo o compartirlos sin esfuerzo con sistemas externos, WP todas las exportaciones WooCommerce proporciona un proceso expedito y sin ansiedad que ofrece resultados excepcionales constantemente.<\/p>\n<ul>\n<li>Le permite exportar f\u00e1cilmente datos de las tiendas WooCommerce, incluidos pedidos, productos y clientes.<\/li>\n<li>Ofrece una amplia gama de opciones de personalizaci\u00f3n, incluida la capacidad de elegir qu\u00e9 campos exportar y en qu\u00e9 orden.<\/li>\n<li>Proporciona soporte para una variedad de formatos de archivo de salida, como CSV, XML, Excel y Google Sheets.<\/li>\n<li>Le permite programar exportaciones a intervalos predeterminados para la gesti\u00f3n y procesamiento de datos automatizados.<\/li>\n<li>Facilita la transferencia de datos entre las tiendas de WooCommerce o a otras aplicaciones y servicios.<\/li>\n<li>Se puede usar con otros complementos de exportaci\u00f3n WP todos para extender a\u00fan m\u00e1s su funcionalidad.<\/li>\n<li>Agiliza el proceso de exportaci\u00f3n de datos, ahorrando tiempo y recursos para los propietarios y administradores de las tiendas de WooCommerce.<\/li>\n<\/ul>\n","protected":false},"excerpt":{"rendered":"<p>WP All Export WooCommerce es una herramienta incre\u00edblemente robusta y efectiva que optimiza y mejora todo el proceso de exportaci\u00f3n de datos de su tienda WooCommerce. Al utilizar este complemento notable, tiene la capacidad excepcional de adaptar meticulosamente sus exportaciones para abarcar y abarcar campos, tipos de productos y categor\u00edas espec\u00edficos, lo que le otorga un mayor grado de control y precisi\u00f3n. Adem\u00e1s, la versatilidad de WP todos exportan WooCommerce se extiende a su capacidad de generar sin esfuerzo archivos notables CSV, Excel y XML, lo que lo hace perfectamente compatible con una gran cantidad de programas y sistemas externos. Independientemente de si usted es el supervisor de una tienda en expansi\u00f3n, extensa o simplemente busca un m\u00e9todo m\u00e1s simplificado y eficiente para extraer sus datos invaluables del intrincado laberinto de WooCommerce, tenga la seguridad de que WP todas las exportaciones de WooCommerce son inequ\u00edvocamente e indeseabilidad de la panacea inequ\u00edvocal para todo sus necesidades de exportaci\u00f3n.<\/p>\n","protected":false},"featured_media":168368,"comment_status":"open","ping_status":"open","template":"","meta":[],"product_brand":[2340],"product_cat":[1208,1207,1206],"product_tag":[1436],"class_list":{"0":"post-117677","1":"product","2":"type-product","3":"status-publish","4":"has-post-thumbnail","6":"product_brand-wp-all-import","7":"product_cat-administracion","8":"product_cat-comercio-electronico-plugins","9":"product_cat-plugins","10":"product_tag-wp-all-import","11":"member-discount","12":"discount-restricted","14":"first","15":"instock","16":"sale","17":"downloadable","18":"virtual","19":"sold-individually","20":"purchasable","21":"product-type-simple"},"_links":{"self":[{"href":"https:\/\/gpl-love.com\/es\/wp-json\/wp\/v2\/product\/117677","targetHints":{"allow":["GET"]}}],"collection":[{"href":"https:\/\/gpl-love.com\/es\/wp-json\/wp\/v2\/product"}],"about":[{"href":"https:\/\/gpl-love.com\/es\/wp-json\/wp\/v2\/types\/product"}],"replies":[{"embeddable":true,"href":"https:\/\/gpl-love.com\/es\/wp-json\/wp\/v2\/comments?post=117677"}],"wp:featuredmedia":[{"embeddable":true,"href":"https:\/\/gpl-love.com\/es\/wp-json\/wp\/v2\/media\/168368"}],"wp:attachment":[{"href":"https:\/\/gpl-love.com\/es\/wp-json\/wp\/v2\/media?parent=117677"}],"wp:term":[{"taxonomy":"product_brand","embeddable":true,"href":"https:\/\/gpl-love.com\/es\/wp-json\/wp\/v2\/product_brand?post=117677"},{"taxonomy":"product_cat","embeddable":true,"href":"https:\/\/gpl-love.com\/es\/wp-json\/wp\/v2\/product_cat?post=117677"},{"taxonomy":"product_tag","embeddable":true,"href":"https:\/\/gpl-love.com\/es\/wp-json\/wp\/v2\/product_tag?post=117677"}],"curies":[{"name":"wp","href":"https:\/\/api.w.org\/{rel}","templated":true}]}}