{"id":117632,"date":"2022-01-25T00:00:00","date_gmt":"2022-01-25T05:00:00","guid":{"rendered":"https:\/\/gpl-love.com\/es\/?post_type=product&#038;p=117632"},"modified":"2026-04-10T11:25:15","modified_gmt":"2026-04-10T16:25:15","slug":"soho-hotel-booking-hotel-wordpress-theme","status":"publish","type":"product","link":"https:\/\/gpl-love.com\/es\/producto\/soho-hotel-booking-hotel-wordpress-theme\/","title":{"rendered":"Soho Hotel Booking Hotel WordPress Theme 4.0.7"},"content":{"rendered":"<h3>Soho Hotel Booking Hotel WordPress Theme Caracteristicas<\/h3>\n<p>El tema de WordPress del Hotel Soho Hotel, con sus impresionantes y multifac\u00e9ticas capacidades, sirve como un activo invaluable para los propietarios de hoteles y gerentes por igual. Con una est\u00e9tica elegante y contempor\u00e1nea, este tema exhibe una extensa variedad de caracter\u00edsticas que han sido meticulosamente elaboradas para satisfacer espec\u00edficamente las necesidades de la industria hotelera. Desde dise\u00f1os de habitaciones personalizables y formularios de reserva hasta opciones de b\u00fasqueda altamente avanzadas y pasarelas de pago seguras, este tema abarca todos los componentes esenciales necesarios para optimizar su proceso de reserva en l\u00ednea y al mismo tiempo a una clientela m\u00e1s grande a su estimado establecimiento. Independientemente de si usted es el propietario de un hotel boutique, una cama y desayuno encantador o una cadena de hotel en expansi\u00f3n, el tema de WordPress de WordPress del hotel Soho Hotel es inequ\u00edvocamente la soluci\u00f3n por excelencia para establecer una presencia en l\u00ednea pulida e impactante que exude profesionalismo y eficacia.<\/p>\n<ul>\n<li>Dise\u00f1o hermoso y moderno para sitios web de reservas de hoteles<\/li>\n<li>Construido espec\u00edficamente para la plataforma de WordPress<\/li>\n<li>Totalmente receptivo, asegurando una experiencia perfecta en escritorio, tabletas y dispositivos m\u00f3viles<\/li>\n<li>M\u00faltiples plantillas de p\u00e1gina de inicio y p\u00e1gina interior, lo que permite opciones de dise\u00f1o personalizables<\/li>\n<li>Integraci\u00f3n con el complemento WooCommerce para una f\u00e1cil reserva en l\u00ednea y procesamiento de pagos<\/li>\n<li>Compatible con complementos populares de Page Builder para una personalizaci\u00f3n a\u00fan m\u00e1s<\/li>\n<li>Funcionalidad de b\u00fasqueda avanzada con m\u00faltiples filtros, incluido el rango de fechas, el tipo de habitaci\u00f3n y el precio<\/li>\n<li>Interfaz de arrastre y soltar visual para crear y administrar tipos y tarifas de las habitaciones<\/li>\n<li>Sistema de revisi\u00f3n incorporado para comentarios y calificaciones de invitados<\/li>\n<li>Integraci\u00f3n f\u00e1cil con plataformas de redes sociales populares<\/li>\n<li>Documentaci\u00f3n integral y apoyo dedicado para cualquier pregunta o problema.<\/li>\n<\/ul>\n","protected":false},"excerpt":{"rendered":"<p>El tema de WordPress del hotel Soho Hotel ha sido meticulosamente elaborado para ofrecer un sitio web sofisticado y pulido para su estimada empresa hotelera. Sus atributos sobresalientes incluyen un sistema de reserva altamente intuitivo, que permite a los hu\u00e9spedes hacer reservas sin esfuerzo para habitaciones y alojamientos a trav\u00e9s de Internet. Adem\u00e1s, este notable tema proporciona amplias opciones de personalizaci\u00f3n, lo que le permite adaptarlo con precisi\u00f3n de acuerdo con sus distintos requisitos de marca. En virtud de su dise\u00f1o contempor\u00e1neo y est\u00e9ticamente agradable, el tema de Wordpress del hotel SoHo Hotel destaca efectivamente la gran cantidad de comodidades y caracter\u00edsticas que su estimado hotel tiene para ofrecer, lo que lo convierte en una selecci\u00f3n impecable para los propietarios que buscan aumentar su huella digital.<\/p>\n","protected":false},"featured_media":167526,"comment_status":"open","ping_status":"open","template":"","meta":[],"product_brand":[2337],"product_cat":[1548,1237,1238],"product_tag":[1391],"class_list":{"0":"post-117632","1":"product","2":"type-product","3":"status-publish","4":"has-post-thumbnail","6":"product_brand-themeforest","7":"product_cat-resort-hotel","8":"product_cat-temas","9":"product_cat-wordpress-temas","10":"product_tag-themeforest","11":"member-discount","12":"discount-restricted","14":"first","15":"instock","16":"sale","17":"downloadable","18":"virtual","19":"sold-individually","20":"purchasable","21":"product-type-simple"},"_links":{"self":[{"href":"https:\/\/gpl-love.com\/es\/wp-json\/wp\/v2\/product\/117632","targetHints":{"allow":["GET"]}}],"collection":[{"href":"https:\/\/gpl-love.com\/es\/wp-json\/wp\/v2\/product"}],"about":[{"href":"https:\/\/gpl-love.com\/es\/wp-json\/wp\/v2\/types\/product"}],"replies":[{"embeddable":true,"href":"https:\/\/gpl-love.com\/es\/wp-json\/wp\/v2\/comments?post=117632"}],"wp:featuredmedia":[{"embeddable":true,"href":"https:\/\/gpl-love.com\/es\/wp-json\/wp\/v2\/media\/167526"}],"wp:attachment":[{"href":"https:\/\/gpl-love.com\/es\/wp-json\/wp\/v2\/media?parent=117632"}],"wp:term":[{"taxonomy":"product_brand","embeddable":true,"href":"https:\/\/gpl-love.com\/es\/wp-json\/wp\/v2\/product_brand?post=117632"},{"taxonomy":"product_cat","embeddable":true,"href":"https:\/\/gpl-love.com\/es\/wp-json\/wp\/v2\/product_cat?post=117632"},{"taxonomy":"product_tag","embeddable":true,"href":"https:\/\/gpl-love.com\/es\/wp-json\/wp\/v2\/product_tag?post=117632"}],"curies":[{"name":"wp","href":"https:\/\/api.w.org\/{rel}","templated":true}]}}