{"id":117612,"date":"2021-10-07T00:00:00","date_gmt":"2021-10-07T05:00:00","guid":{"rendered":"https:\/\/gpl-love.com\/es\/?post_type=product&#038;p=117612"},"modified":"2026-03-09T07:30:04","modified_gmt":"2026-03-09T12:30:04","slug":"edd-duplicate-downloads","status":"publish","type":"product","link":"https:\/\/gpl-love.com\/es\/producto\/edd-duplicate-downloads\/","title":{"rendered":"EDD Duplicate Downloads 1.0.2"},"content":{"rendered":"<h3>EDD Duplicate Downloads Caracteristicas<\/h3>\n<p>EDD Duplicate Descargas, un complemento altamente eficiente creado espec\u00edficamente para los propietarios de tiendas que utilizan descargas digitales f\u00e1ciles, ofrece una gama de caracter\u00edsticas impresionantes que permiten a los usuarios administrar y monitorear de manera efectiva sus descargas duplicadas. Al emplear este complemento, los usuarios pueden identificar y eliminar sin esfuerzo descargas duplicadas, mejorando posteriormente la funcionalidad de su sitio web y conservando un valioso espacio en el disco. La incorporaci\u00f3n de descargas duplicadas de EDD tambi\u00e9n facilita el establecimiento de horarios de limpieza automatizados, garantizando la limpieza y organizaci\u00f3n perpetua de la carpeta de descargas. Adem\u00e1s, el complemento suministra informes y registros completos, lo que permite a los usuarios rastrear y documentar meticulosamente todas las instancias de descargas duplicadas, as\u00ed como su posterior erradicaci\u00f3n. En esencia, EDD Duplicate Downloads es una herramienta indispensable para cualquier propietario f\u00e1cil de la tienda de descargas digitales que se esfuerce por optimizar el rendimiento de su sitio web y mejorar la experiencia general para su valiosa clientela.<\/p>\n<ul>\n<li>Elimina las descargas duplicadas de productos digitales para los clientes<\/li>\n<li>Reduce el riesgo de perder ingresos debido a la actividad fraudulenta<\/li>\n<li>Optimizar el proceso de pago para los clientes<\/li>\n<li>Aumenta la satisfacci\u00f3n del cliente y reduce las consultas de soporte<\/li>\n<li>Compatible con varias plataformas de comercio electr\u00f3nico, incluidas las descargas digitales de WooCommerce y f\u00e1ciles<\/li>\n<li>F\u00e1cil de instalar y configurar sin requeridos habilidades de codificaci\u00f3n<\/li>\n<li>Proporciona un monitoreo en tiempo real de las descargas para garantizar la precisi\u00f3n<\/li>\n<li>Ayuda a mantener la integridad de los datos y prevenir errores en los pedidos del cliente<\/li>\n<li>Ahorra tiempo y recursos para los propietarios de tiendas automatizando el proceso de descarga.<\/li>\n<\/ul>\n","protected":false},"excerpt":{"rendered":"<p>El producto de descargas duplicadas de EDD ha sido meticulosamente elaborado para ofrecer a los usuarios un m\u00e9todo perfecto y eficiente para administrar y organizar sus innumerables descargas digitales. Al aprovechar esta herramienta excepcional, las personas pueden discernir y erradicar r\u00e1pidamente cualquier instancia de descargas duplicadas que puedan haberse infiltrado en su tienda de descargas digitales f\u00e1ciles. Como resultado, uno puede garantizar con confianza que los clientes reciben constantemente las iteraciones m\u00e1s de vanguardia de sus productos elegidos. Esta herramienta notable y sin pretensiones es experta en ahorrar grandes cantidades de tiempo y eludir innumerables dolores de cabeza, lo que brinda a los usuarios el lujo de dedicar su energ\u00eda a expandir sus empresas comerciales y proporcionar a su clientela con experiencias incomparables. Independientemente de si uno opera como un profesional independiente, un propietario de una empresa a peque\u00f1a escala o un individuo emprendedor que realice un negocio en l\u00ednea, el producto de descargas duplicadas EDD es un recurso indispensable que seguramente revolucionar\u00e1 la forma en que se simplifican las descargas digitales, Posteriormente, elevando la experiencia general del cliente a alturas sin precedentes.<\/p>\n","protected":false},"featured_media":165906,"comment_status":"open","ping_status":"open","template":"","meta":[],"product_brand":[2427],"product_cat":[1207,1248,1206],"product_tag":[1280],"class_list":{"0":"post-117612","1":"product","2":"type-product","3":"status-publish","4":"has-post-thumbnail","6":"product_brand-easy-digital-downloads","7":"product_cat-comercio-electronico-plugins","8":"product_cat-personalizacion-comercio-electronico-plugins","9":"product_cat-plugins","10":"product_tag-easy-digital-downloads","11":"member-discount","12":"discount-restricted","14":"first","15":"instock","16":"sale","17":"downloadable","18":"virtual","19":"sold-individually","20":"purchasable","21":"product-type-simple"},"_links":{"self":[{"href":"https:\/\/gpl-love.com\/es\/wp-json\/wp\/v2\/product\/117612","targetHints":{"allow":["GET"]}}],"collection":[{"href":"https:\/\/gpl-love.com\/es\/wp-json\/wp\/v2\/product"}],"about":[{"href":"https:\/\/gpl-love.com\/es\/wp-json\/wp\/v2\/types\/product"}],"replies":[{"embeddable":true,"href":"https:\/\/gpl-love.com\/es\/wp-json\/wp\/v2\/comments?post=117612"}],"wp:featuredmedia":[{"embeddable":true,"href":"https:\/\/gpl-love.com\/es\/wp-json\/wp\/v2\/media\/165906"}],"wp:attachment":[{"href":"https:\/\/gpl-love.com\/es\/wp-json\/wp\/v2\/media?parent=117612"}],"wp:term":[{"taxonomy":"product_brand","embeddable":true,"href":"https:\/\/gpl-love.com\/es\/wp-json\/wp\/v2\/product_brand?post=117612"},{"taxonomy":"product_cat","embeddable":true,"href":"https:\/\/gpl-love.com\/es\/wp-json\/wp\/v2\/product_cat?post=117612"},{"taxonomy":"product_tag","embeddable":true,"href":"https:\/\/gpl-love.com\/es\/wp-json\/wp\/v2\/product_tag?post=117612"}],"curies":[{"name":"wp","href":"https:\/\/api.w.org\/{rel}","templated":true}]}}