{"id":117610,"date":"2026-04-16T00:00:00","date_gmt":"2026-04-16T05:00:00","guid":{"rendered":"https:\/\/gpl-love.com\/es\/?post_type=product&#038;p=117610"},"modified":"2026-04-16T17:16:32","modified_gmt":"2026-04-16T22:16:32","slug":"themify-builder-contact","status":"publish","type":"product","link":"https:\/\/gpl-love.com\/es\/producto\/themify-builder-contact\/","title":{"rendered":"Themify Builder Contact 3.6.1"},"content":{"rendered":"<h3>Themify Builder Contact Caracteristicas<\/h3>\n<p>El contacto de Themify Builder es un complemento de formulario de contacto altamente robusto y f\u00e1cil de usar que ha sido dise\u00f1ado por expertos para facilitar la creaci\u00f3n perfecta de formularios visualmente cautivadores para su sitio web. Ofreciendo una extensa gama de plantillas personalizables, caracter\u00edsticas avanzadas y una funcionalidad de arrastrar y soltar sin esfuerzo, este complemento excepcional asegura que el proceso de creaci\u00f3n de formularios sea optimizado y agradable, lo que le permite forjar conexiones con sus usuarios y recopilar el pertinente Informaci\u00f3n requerida con la m\u00e1xima facilidad. Ya sea que necesite un formulario de contacto directo, un formulario de registro integral o una encuesta intrincada, el contacto con el constructor IMify es su soluci\u00f3n final, que le otorga la capacidad de completar sus tareas de manera r\u00e1pida y efectiva. Por lo tanto, si su objetivo es fabricar formas exquisitas e impactantes que le permitan fomentar la conectividad con su p\u00fablico objetivo y impulsar el crecimiento de su empresa, el contacto con el constructor IMify es sin duda la opci\u00f3n \u00f3ptima.<\/p>\n<ul>\n<li>Un poderoso formulador de formulario de contacto para sitios web creados usando Themify Builder<\/li>\n<li>Permite la creaci\u00f3n f\u00e1cil de formularios de contacto personalizados con varias opciones de campos como nombre, correo electr\u00f3nico, n\u00famero de tel\u00e9fono, mensaje, etc.<\/li>\n<li>Ofrece varias opciones de personalizaci\u00f3n que incluyen ancho de forma, color, tama\u00f1o de fuente y estilo<\/li>\n<li>Viene con varias plantillas de formulario para facilitar que los usuarios comiencen<\/li>\n<li>Proporciona varias opciones de notificaci\u00f3n por correo electr\u00f3nico que permiten a los usuarios ser notificados de inmediato cuando se env\u00eda un formulario<\/li>\n<li>Permite la integraci\u00f3n con servicios populares de marketing por correo electr\u00f3nico como MailChimp, Aweber y Constant Contact<\/li>\n<li>Tiene protecci\u00f3n contra el spam incorporada para prevenir env\u00edos no deseados<\/li>\n<li>Altamente receptivo y amigable para los dispositivos m\u00f3viles, asegurando que los formularios se vean muy bien en todos los dispositivos<\/li>\n<li>Actualizado regularmente con nuevas caracter\u00edsticas y funcionalidad para garantizar que se mantenga por delante de la competencia.<\/li>\n<li>Ofrece un apoyo excepcional a trav\u00e9s del foro de la comunidad Themify y el equipo de apoyo dedicado.<\/li>\n<\/ul>\n","protected":false},"excerpt":{"rendered":"<p>El contacto con Builder Themify es un m\u00f3dulo inmensamente poderoso para WordPress que se especializa en formularios de contacto. Este complemento incre\u00edblemente intuitivo le otorga la capacidad de generar formas de contacto a medida a medida para su sitio web, todo gracias a su interfaz de arrastre y suelto f\u00e1cil de usar. Simplemente utilizando este complemento, puede insertar a la perfecci\u00f3n varios campos como nombre, correo electr\u00f3nico, n\u00famero de tel\u00e9fono y muchos m\u00e1s en su formulario de contacto, produciendo efectivamente un sistema de comunicaci\u00f3n completamente operativo que permita a sus clientes valorados comunicarse sin esfuerzo en un conciso y conciso y conciso y conciso. de manera profesional. Adem\u00e1s, con las incre\u00edbles capacidades del contacto del constructor de Themify, tiene la libertad de personalizar y modificar la apariencia y el ambiente de su forma de contacto, asegurando que se alinee armoniosamente con la est\u00e9tica distintiva de marca y dise\u00f1o de su sitio web. Independientemente de si est\u00e1 administrando una empresa modesta, una organizaci\u00f3n caritativa o incluso una corporaci\u00f3n sustancial, Themify Builder Contact sirve como el medio por excelencia para enriquecer la funcionalidad de su sitio web y elevar su di\u00e1logo con su estimada audiencia.<\/p>\n","protected":false},"featured_media":167738,"comment_status":"open","ping_status":"open","template":"","meta":[],"product_brand":[2578],"product_cat":[1214,1206,1211],"product_tag":[1400],"class_list":{"0":"post-117610","1":"product","2":"type-product","3":"status-publish","4":"has-post-thumbnail","6":"product_brand-themify","7":"product_cat-personalizacion","8":"product_cat-plugins","9":"product_cat-wordpress-plugins","10":"product_tag-themify","11":"member-discount","12":"discount-restricted","14":"first","15":"instock","16":"sale","17":"downloadable","18":"virtual","19":"sold-individually","20":"purchasable","21":"product-type-simple"},"_links":{"self":[{"href":"https:\/\/gpl-love.com\/es\/wp-json\/wp\/v2\/product\/117610","targetHints":{"allow":["GET"]}}],"collection":[{"href":"https:\/\/gpl-love.com\/es\/wp-json\/wp\/v2\/product"}],"about":[{"href":"https:\/\/gpl-love.com\/es\/wp-json\/wp\/v2\/types\/product"}],"replies":[{"embeddable":true,"href":"https:\/\/gpl-love.com\/es\/wp-json\/wp\/v2\/comments?post=117610"}],"wp:featuredmedia":[{"embeddable":true,"href":"https:\/\/gpl-love.com\/es\/wp-json\/wp\/v2\/media\/167738"}],"wp:attachment":[{"href":"https:\/\/gpl-love.com\/es\/wp-json\/wp\/v2\/media?parent=117610"}],"wp:term":[{"taxonomy":"product_brand","embeddable":true,"href":"https:\/\/gpl-love.com\/es\/wp-json\/wp\/v2\/product_brand?post=117610"},{"taxonomy":"product_cat","embeddable":true,"href":"https:\/\/gpl-love.com\/es\/wp-json\/wp\/v2\/product_cat?post=117610"},{"taxonomy":"product_tag","embeddable":true,"href":"https:\/\/gpl-love.com\/es\/wp-json\/wp\/v2\/product_tag?post=117610"}],"curies":[{"name":"wp","href":"https:\/\/api.w.org\/{rel}","templated":true}]}}