{"id":117608,"date":"2024-11-18T00:00:00","date_gmt":"2024-11-18T05:00:00","guid":{"rendered":"https:\/\/gpl-love.com\/es\/?post_type=product&#038;p=117608"},"modified":"2026-03-09T07:48:05","modified_gmt":"2026-03-09T12:48:05","slug":"mainwp-file-uploader","status":"publish","type":"product","link":"https:\/\/gpl-love.com\/es\/producto\/mainwp-file-uploader\/","title":{"rendered":"MainWP File Uploader 5.0.1"},"content":{"rendered":"<h3>MainWP File Uploader Caracteristicas<\/h3>\n<p>El complemento de cargador de archivos MainWP, reconocido por su robustez y funcionalidad, sirve como una herramienta formidable que ofrece a los usuarios la conveniencia de cargar archivos sin esfuerzo a su sitio de WordPress. Atr\u00e1s quedaron los d\u00edas de confiar \u00fanicamente en la biblioteca de medios de WordPress predeterminada, ya que este complemento permite a los usuarios cargar sin problemas una mir\u00edada de archivos multimedia, que abarca im\u00e1genes cautivadoras, videos interesantes y documentos informativos. Incluso los usuarios novatos encontrar\u00e1n consuelo en su naturaleza f\u00e1cil de usar y su simplicidad de instalaci\u00f3n. Adem\u00e1s, a los usuarios se les otorga la capacidad de ejercer control sobre los tipos de archivos que se pueden cargar, establecer l\u00edmites de carga y rastrear diligentemente el progreso de sus cargas. Sin lugar a dudas, el complemento de cargador de archivos MainWP es un recurso indispensable para las personas que buscan mejorar su procedimiento de carga de archivos y administrar eficazmente su sitio de WordPress.<\/p>\n<ul>\n<li>Facilita el proceso de cargar archivos a mainwp<\/li>\n<li>Permite cargas de archivos a granel<\/li>\n<li>No hay necesidad de cargar manualmente archivos individuales<\/li>\n<li>Interfaz intuitiva de arrastrar y soltar<\/li>\n<li>Compatible con varios tipos de archivos<\/li>\n<li>Ahorra tiempo con cargas por lotes<\/li>\n<li>Ofrece una conveniencia incomparable para los usuarios de MainWP<\/li>\n<li>Racionalizar los flujos de trabajo y mejora la productividad<\/li>\n<\/ul>\n","protected":false},"excerpt":{"rendered":"<p>El cargador de archivos MainWP ofrece una soluci\u00f3n integral y eficiente para administrar efectivamente los archivos en su sitio web de WordPress, superando las capacidades de las opciones alternativas. Su interfaz f\u00e1cil de usar y su enfoque simplista aseguran una navegaci\u00f3n perfecta, lo que le permite cargar, eliminar y modificar los archivos con un esfuerzo m\u00ednimo. Independientemente de sus intenciones, ya sea cargando un archivo solitario o un directorio completo que llena con numerosos archivos, este complemento excepcional simplifica y optimiza la ardua tarea de administrar la biblioteca de medios de su sitio web. Adem\u00e1s, este complemento exhibe una compatibilidad incomparable con todos los tipos y tama\u00f1os de archivos, lo que lo convierte en una herramienta indispensable para cada administrador diligente de WordPress.<\/p>\n","protected":false},"featured_media":166667,"comment_status":"open","ping_status":"open","template":"","meta":[],"product_brand":[2491],"product_cat":[1212,1206,1211],"product_tag":[1324],"class_list":{"0":"post-117608","1":"product","2":"type-product","3":"status-publish","4":"has-post-thumbnail","6":"product_brand-main-wp","7":"product_cat-administracion-wordpress-plugins","8":"product_cat-plugins","9":"product_cat-wordpress-plugins","10":"product_tag-main-wp","11":"member-discount","12":"discount-restricted","14":"first","15":"instock","16":"sale","17":"downloadable","18":"virtual","19":"sold-individually","20":"purchasable","21":"product-type-simple"},"_links":{"self":[{"href":"https:\/\/gpl-love.com\/es\/wp-json\/wp\/v2\/product\/117608","targetHints":{"allow":["GET"]}}],"collection":[{"href":"https:\/\/gpl-love.com\/es\/wp-json\/wp\/v2\/product"}],"about":[{"href":"https:\/\/gpl-love.com\/es\/wp-json\/wp\/v2\/types\/product"}],"replies":[{"embeddable":true,"href":"https:\/\/gpl-love.com\/es\/wp-json\/wp\/v2\/comments?post=117608"}],"wp:featuredmedia":[{"embeddable":true,"href":"https:\/\/gpl-love.com\/es\/wp-json\/wp\/v2\/media\/166667"}],"wp:attachment":[{"href":"https:\/\/gpl-love.com\/es\/wp-json\/wp\/v2\/media?parent=117608"}],"wp:term":[{"taxonomy":"product_brand","embeddable":true,"href":"https:\/\/gpl-love.com\/es\/wp-json\/wp\/v2\/product_brand?post=117608"},{"taxonomy":"product_cat","embeddable":true,"href":"https:\/\/gpl-love.com\/es\/wp-json\/wp\/v2\/product_cat?post=117608"},{"taxonomy":"product_tag","embeddable":true,"href":"https:\/\/gpl-love.com\/es\/wp-json\/wp\/v2\/product_tag?post=117608"}],"curies":[{"name":"wp","href":"https:\/\/api.w.org\/{rel}","templated":true}]}}