{"id":117606,"date":"2024-05-30T00:00:00","date_gmt":"2024-05-30T05:00:00","guid":{"rendered":"https:\/\/gpl-love.com\/es\/?post_type=product&#038;p=117606"},"modified":"2026-03-09T07:48:02","modified_gmt":"2026-03-09T12:48:02","slug":"mainwp-custom-post-types","status":"publish","type":"product","link":"https:\/\/gpl-love.com\/es\/producto\/mainwp-custom-post-types\/","title":{"rendered":"MainWP Custom Post Types 5.0.2"},"content":{"rendered":"<h3>MainWP Custom Post Types Caracteristicas<\/h3>\n<p>Los tipos de publicaciones personalizadas de MainWP son un complemento incre\u00edblemente robusto e influyente que proporciona a los usuarios la capacidad excepcional para crear y administrar efectivamente los tipos de publicaciones personalizados directamente desde su tablero de WordPress. Este complemento excepcional permite a los usuarios generar sin esfuerzo tipos de publicaciones, taxonom\u00edas personalizadas e incluso campos personalizados que est\u00e1n perfectamente adaptados para satisfacer las necesidades \u00fanicas y espec\u00edficas de sus sitios web. Lo que realmente distingue a este complemento es su notable capacidad para mejorar la funcionalidad y el rendimiento general de los sitios web de WordPress sin requerir la ardua tarea de profundizar en la codificaci\u00f3n intrincada. Adem\u00e1s, la interfaz f\u00e1cil de usar de este complemento simplifica el proceso de creaci\u00f3n, gesti\u00f3n y personalizaci\u00f3n de tipos de publicaciones personalizadas, lo que lo hace accesible sin esfuerzo a las personas de cualquier nivel de habilidad. Sin lugar a dudas, los tipos de publicaciones personalizadas de MainWP son un complemento indispensable que debe ser utilizado por cualquier persona que anhele elevar su sitio web de WordPress a alturas incomparables en t\u00e9rminos de funcionalidad y personalizaci\u00f3n.<\/p>\n<ul>\n<li>Caracter\u00edstica de tipos de publicaci\u00f3n personalizado para extender la funcionalidad de MainWP<\/li>\n<li>Cree tipos de publicaciones personalizados ilimitados espec\u00edficos de sus necesidades<\/li>\n<li>Se puede establecer la fecha de publicaci\u00f3n m\u00e1s temprana para los tipos de publicaciones personalizadas<\/li>\n<li>Puede personalizar el t\u00edtulo del tipo de publicaci\u00f3n en la vista de la lista<\/li>\n<li>Admite una variedad de formatos de entrada como texto, im\u00e1genes y videos<\/li>\n<li>Filtrar tipos de publicaci\u00f3n personalizada por estado, t\u00edtulo o rango de fecha<\/li>\n<li>Archive sus tipos de publicaci\u00f3n personalizados por a\u00f1o, fecha y categor\u00eda<\/li>\n<li>Asigne categor\u00edas \u00fanicas a cada tipo de publicaci\u00f3n personalizada<\/li>\n<li>Personalice su estructura de enlace permanente para el tipo de publicaci\u00f3n personalizado<\/li>\n<li>Widgets adicionales para mostrar sus tipos de publicaci\u00f3n personalizados en su sitio web<\/li>\n<li>Publicar tipos de publicaciones personalizados autom\u00e1ticamente o como borradores<\/li>\n<\/ul>\n","protected":false},"excerpt":{"rendered":"<p>Los tipos de publicaciones personalizadas de MainWP son un complemento altamente sofisticado que ha sido meticulosamente elaborado para elevar la funcionalidad general y el atractivo de su sitio web. Al integrar perfectamente este complemento en su sitio web, obtiene la notable capacidad de generar e incorporar varios tipos de publicaciones personalizados, lo que infundi\u00f3 un nivel de versatilidad y dinamismo incomparable en su plataforma en l\u00ednea. La versatilidad excepcional ofrecida por este complemento le impide incorporar sin esfuerzo a incorporar sin esfuerzo. Una amplia gama de tipos de contenido diversos en su sitio web, que incluye, entre otros, carteras, miembros del personal, eventos, testimonios y una multitud de otros elementos cautivadores. Esta amplia gama de opciones le permite curar y mostrar una experiencia en l\u00ednea excepcionalmente diversa e inmersiva para sus visitantes, cautivando as\u00ed su atenci\u00f3n y dejando una impresi\u00f3n indeleble.<\/p>\n","protected":false},"featured_media":166665,"comment_status":"open","ping_status":"open","template":"","meta":[],"product_brand":[2491],"product_cat":[1212,1206,1211],"product_tag":[1324],"class_list":{"0":"post-117606","1":"product","2":"type-product","3":"status-publish","4":"has-post-thumbnail","6":"product_brand-main-wp","7":"product_cat-administracion-wordpress-plugins","8":"product_cat-plugins","9":"product_cat-wordpress-plugins","10":"product_tag-main-wp","11":"member-discount","12":"discount-restricted","14":"first","15":"instock","16":"sale","17":"downloadable","18":"virtual","19":"sold-individually","20":"purchasable","21":"product-type-simple"},"_links":{"self":[{"href":"https:\/\/gpl-love.com\/es\/wp-json\/wp\/v2\/product\/117606","targetHints":{"allow":["GET"]}}],"collection":[{"href":"https:\/\/gpl-love.com\/es\/wp-json\/wp\/v2\/product"}],"about":[{"href":"https:\/\/gpl-love.com\/es\/wp-json\/wp\/v2\/types\/product"}],"replies":[{"embeddable":true,"href":"https:\/\/gpl-love.com\/es\/wp-json\/wp\/v2\/comments?post=117606"}],"wp:featuredmedia":[{"embeddable":true,"href":"https:\/\/gpl-love.com\/es\/wp-json\/wp\/v2\/media\/166665"}],"wp:attachment":[{"href":"https:\/\/gpl-love.com\/es\/wp-json\/wp\/v2\/media?parent=117606"}],"wp:term":[{"taxonomy":"product_brand","embeddable":true,"href":"https:\/\/gpl-love.com\/es\/wp-json\/wp\/v2\/product_brand?post=117606"},{"taxonomy":"product_cat","embeddable":true,"href":"https:\/\/gpl-love.com\/es\/wp-json\/wp\/v2\/product_cat?post=117606"},{"taxonomy":"product_tag","embeddable":true,"href":"https:\/\/gpl-love.com\/es\/wp-json\/wp\/v2\/product_tag?post=117606"}],"curies":[{"name":"wp","href":"https:\/\/api.w.org\/{rel}","templated":true}]}}