{"id":117604,"date":"2026-03-06T00:00:00","date_gmt":"2026-03-06T05:00:00","guid":{"rendered":"https:\/\/gpl-love.com\/es\/?post_type=product&#038;p=117604"},"modified":"2026-03-09T07:48:00","modified_gmt":"2026-03-09T12:48:00","slug":"mainwp-comments","status":"publish","type":"product","link":"https:\/\/gpl-love.com\/es\/producto\/mainwp-comments\/","title":{"rendered":"MainWP Comments 5.1.2"},"content":{"rendered":"<h3>MainWP Comments Caracteristicas<\/h3>\n<p>Los comentarios de MainWP, una herramienta muy robusta, sirve como un activo invaluable para administrar de manera eficiente los comentarios en m\u00faltiples sitios de WordPress. Sus notables capacidades capacitan a los usuarios para monitorear, aprobar y moderarse sin esfuerzo comentarios a trav\u00e9s de un tablero centralizado, conservando efectivamente tanto el tiempo como la energ\u00eda. Por medio de una interfaz intuitiva, los usuarios pueden navegar r\u00e1pidamente entre sitios, accediendo as\u00ed convenientemente a una descripci\u00f3n completa de todos los comentarios en una ubicaci\u00f3n consolidada, facilitando as\u00ed el monitoreo sin problemas de las conversaciones y el compromiso activo con los lectores. Adem\u00e1s, los comentarios de MainWP ofrecen una multitud de funcionalidades avanzadas que incluyen gesti\u00f3n de comentarios a granel, filtrado autom\u00e1tico de spam y notificaciones personalizadas, todas las cuales ofrecen a los usuarios una autoridad incomparable sobre sus procesos de gesti\u00f3n de comentarios. En esencia, para cualquier propietario exigente del sitio de WordPress que busque optimizar su flujo de trabajo de gesti\u00f3n de comentarios y cultivar conexiones significativas con su audiencia, los comentarios de Mainwp indudablemente representan una herramienta indispensable.<\/p>\n<ul>\n<li>Administrar y moderados comentarios sin esfuerzo en m\u00faltiples sitios web de WordPress<\/li>\n<li>Reciba notificaciones en tiempo real para nuevos comentarios y responda a ellas dentro del mismo tablero<\/li>\n<li>Aprobar, rechazar, editar o marcar los comentarios como spam\/jam\u00f3n con solo unos pocos clics<\/li>\n<li>Asigne comentarios a miembros o sitios espec\u00edficos del equipo para una mejor gesti\u00f3n del flujo de trabajo<\/li>\n<li>Ver y filtrar comentarios por sitio, publicaci\u00f3n, autor, estado o palabra clave<\/li>\n<li>Editar o eliminar los comentarios a granel para ahorrar tiempo y aumentar la eficiencia<\/li>\n<li>Mant\u00e9ngase organizado con configuraciones de moderaci\u00f3n de comentarios personalizables y roles de usuario<\/li>\n<li>Compatible con complementos de comentarios de terceros populares y herramientas<\/li>\n<li>Dise\u00f1ado para optimizar el proceso de gesti\u00f3n de comentarios para equipos peque\u00f1os y grandes<\/li>\n<li>Interfaz accesible y f\u00e1cil de usar incluso para los usuarios m\u00e1s novatos<\/li>\n<\/ul>\n","protected":false},"excerpt":{"rendered":"<p>Los comentarios de MainWP es un complemento excepcionalmente robusto que ha sido meticulosamente elaborado con el objetivo principal de racionalizar y optimizar el proceso de gesti\u00f3n de comentarios para su sitio web. A trav\u00e9s de la utilizaci\u00f3n de esta notable herramienta, se le otorga la extraordinaria capacidad de supervisar los comentarios sin esfuerzo y eficientemente en m\u00faltiples sitios web, todo desde un tablero singular y centralizado. En consecuencia, esto le permite moderar los comentarios de manera efectiva, responder r\u00e1pidamente a los mensajes y asegurarse diligentemente de que su sitio web permanezca excepcionalmente activo y cautivador. Una de las caracter\u00edsticas m\u00e1s notables de este complemento es la capacidad de acceder convenientemente y revisar todos los comentarios en una ubicaci\u00f3n centralizada, lo que permite una evaluaci\u00f3n y evaluaci\u00f3n r\u00e1pida y eficiente. Adem\u00e1s, el complemento le brinda la capacidad invaluable para filtrar comentarios en funci\u00f3n de sus respectivos estados, lo que facilita la organizaci\u00f3n y la gesti\u00f3n perfecta. Adem\u00e1s, este complemento tambi\u00e9n lo equipa con la funcionalidad indispensable de poder administrar a granel los comentarios a medida que surge la necesidad, reduciendo as\u00ed dr\u00e1sticamente la cantidad de tiempo y esfuerzo requeridos para supervisar y administrar comentarios de manera efectiva. La interfaz de este complemento ha sido cuidadosamente dise\u00f1ada para ser altamente intuitiva y notablemente f\u00e1cil de usar, lo que lo hace perfectamente accesible y comprensible para las personas de todos los niveles de competencia. Esto finalmente se traduce en un ahorro considerable de tiempo y una mejora evidente en la calidad general de los comentarios en su estimado sitio web. Por lo tanto, si actualmente est\u00e1 buscando una herramienta simplista pero notablemente poderosa para administrar y administrar comentarios de manera efectiva en su sitio web, los comentarios de MainWP emergen sin duda como una opci\u00f3n excepcional e incomparable.<\/p>\n","protected":false},"featured_media":166664,"comment_status":"open","ping_status":"open","template":"","meta":[],"product_brand":[2491],"product_cat":[1212,1206,1211],"product_tag":[1324],"class_list":{"0":"post-117604","1":"product","2":"type-product","3":"status-publish","4":"has-post-thumbnail","6":"product_brand-main-wp","7":"product_cat-administracion-wordpress-plugins","8":"product_cat-plugins","9":"product_cat-wordpress-plugins","10":"product_tag-main-wp","11":"member-discount","12":"discount-restricted","14":"first","15":"instock","16":"sale","17":"downloadable","18":"virtual","19":"sold-individually","20":"purchasable","21":"product-type-simple"},"_links":{"self":[{"href":"https:\/\/gpl-love.com\/es\/wp-json\/wp\/v2\/product\/117604","targetHints":{"allow":["GET"]}}],"collection":[{"href":"https:\/\/gpl-love.com\/es\/wp-json\/wp\/v2\/product"}],"about":[{"href":"https:\/\/gpl-love.com\/es\/wp-json\/wp\/v2\/types\/product"}],"replies":[{"embeddable":true,"href":"https:\/\/gpl-love.com\/es\/wp-json\/wp\/v2\/comments?post=117604"}],"wp:featuredmedia":[{"embeddable":true,"href":"https:\/\/gpl-love.com\/es\/wp-json\/wp\/v2\/media\/166664"}],"wp:attachment":[{"href":"https:\/\/gpl-love.com\/es\/wp-json\/wp\/v2\/media?parent=117604"}],"wp:term":[{"taxonomy":"product_brand","embeddable":true,"href":"https:\/\/gpl-love.com\/es\/wp-json\/wp\/v2\/product_brand?post=117604"},{"taxonomy":"product_cat","embeddable":true,"href":"https:\/\/gpl-love.com\/es\/wp-json\/wp\/v2\/product_cat?post=117604"},{"taxonomy":"product_tag","embeddable":true,"href":"https:\/\/gpl-love.com\/es\/wp-json\/wp\/v2\/product_tag?post=117604"}],"curies":[{"name":"wp","href":"https:\/\/api.w.org\/{rel}","templated":true}]}}