{"id":117602,"date":"2024-12-02T00:00:00","date_gmt":"2024-12-02T05:00:00","guid":{"rendered":"https:\/\/gpl-love.com\/es\/?post_type=product&#038;p=117602"},"modified":"2026-03-09T07:47:59","modified_gmt":"2026-03-09T12:47:59","slug":"mainwp-code-snippets","status":"publish","type":"product","link":"https:\/\/gpl-love.com\/es\/producto\/mainwp-code-snippets\/","title":{"rendered":"MainWP Code Snippets 5.0.4"},"content":{"rendered":"<h3>MainWP Code Snippets Caracteristicas<\/h3>\n<p>Los fragmentos de c\u00f3digo MainWP, una herramienta incre\u00edblemente robusta y formidable, ofrece a los propietarios de sitios de WordPress un medio perfecto y eficiente de administrar, organizar y ejecutar fragmentos de c\u00f3digo en una multitud de sitios, todo desde una sola ubicaci\u00f3n centralizada. Este complemento revolucionario permite a los usuarios generar, modificar y erradicar los fragmentos de c\u00f3digo, facilitando as\u00ed la automatizaci\u00f3n de tareas y reforzando la funcionalidad del sitio. Independientemente de si la tarea en cuesti\u00f3n requiere la inclusi\u00f3n de CSS o JavaScript personalizados, la manipulaci\u00f3n de plantillas o widgets de p\u00e1gina, o la ejecuci\u00f3n de scripts PHP intrincados, esta herramienta simplifica todo el proceso, lo que finalmente ahorra a los usuarios un tiempo invaluable. Al optar por los fragmentos de c\u00f3digo MainWP, las personas pueden optimizar sin esfuerzo su flujo de trabajo y asumir sin esfuerzo el comando sobre los fragmentos de c\u00f3digo de sus sitios de WordPress.<\/p>\n<ul>\n<li>Proporciona un f\u00e1cil acceso a los fragmentos de c\u00f3digo de uso frecuente en su sitio de WordPress<\/li>\n<li>Ayuda a optimizar su flujo de trabajo eliminando la necesidad de buscar y copiar\/pegar fragmentos de c\u00f3digo de fuentes externas<\/li>\n<li>Se puede utilizar para una variedad de tareas, desde agregar funcionalidad personalizada hasta su sitio hasta optimizar el rendimiento<\/li>\n<li>Incluye una interfaz f\u00e1cil de usar para organizar y editar sus fragmentos de c\u00f3digo<\/li>\n<li>Funciona sin problemas con el tablero de Mainwp para una f\u00e1cil gesti\u00f3n de todos sus sitios de WordPress<\/li>\n<li>Ahorra tiempo y reduce los errores al automatizar tareas de codificaci\u00f3n comunes<\/li>\n<li>Personalizable para satisfacer sus necesidades y preferencias espec\u00edficas<\/li>\n<li>Compatible con una amplia gama de temas y complementos de WordPress<\/li>\n<li>Proporciona una capa adicional de seguridad al permitir que los usuarios autorizados accedan y modifiquen sus fragmentos de c\u00f3digo<\/li>\n<li>Viene con documentaci\u00f3n y apoyo integrales para garantizar que aproveche al m\u00e1ximo su inversi\u00f3n<\/li>\n<\/ul>\n","protected":false},"excerpt":{"rendered":"<p>Los fragmentos de c\u00f3digo MainWP, una herramienta muy \u00fatil, facilita la gesti\u00f3n eficiente de los fragmentos de c\u00f3digo para m\u00faltiples sitios web. Al utilizar este complemento, los desarrolladores pueden incorporar, alterar y ejecutar fragmentos de c\u00f3digo desde su tablero de MainWP, eliminando la necesidad de conmutaci\u00f3n incesante entre varias herramientas. Esta soluci\u00f3n excepcional es particularmente ideal para profesionales que buscan optimizar su flujo de trabajo y minimizar el desperdicio de tiempo. Con las caracter\u00edsticas incomparables de los fragmentos de c\u00f3digo MainWP, los usuarios obtienen autoridad absoluta sobre su c\u00f3digo, lo que hace que el proceso de personalizaci\u00f3n del sitio web y mejora de la funcionalidad sea significativamente m\u00e1s f\u00e1cil.<\/p>\n","protected":false},"featured_media":166663,"comment_status":"open","ping_status":"open","template":"","meta":[],"product_brand":[2491],"product_cat":[1212,1206,1211],"product_tag":[1324],"class_list":{"0":"post-117602","1":"product","2":"type-product","3":"status-publish","4":"has-post-thumbnail","6":"product_brand-main-wp","7":"product_cat-administracion-wordpress-plugins","8":"product_cat-plugins","9":"product_cat-wordpress-plugins","10":"product_tag-main-wp","11":"member-discount","12":"discount-restricted","14":"first","15":"instock","16":"sale","17":"downloadable","18":"virtual","19":"sold-individually","20":"purchasable","21":"product-type-simple"},"_links":{"self":[{"href":"https:\/\/gpl-love.com\/es\/wp-json\/wp\/v2\/product\/117602","targetHints":{"allow":["GET"]}}],"collection":[{"href":"https:\/\/gpl-love.com\/es\/wp-json\/wp\/v2\/product"}],"about":[{"href":"https:\/\/gpl-love.com\/es\/wp-json\/wp\/v2\/types\/product"}],"replies":[{"embeddable":true,"href":"https:\/\/gpl-love.com\/es\/wp-json\/wp\/v2\/comments?post=117602"}],"wp:featuredmedia":[{"embeddable":true,"href":"https:\/\/gpl-love.com\/es\/wp-json\/wp\/v2\/media\/166663"}],"wp:attachment":[{"href":"https:\/\/gpl-love.com\/es\/wp-json\/wp\/v2\/media?parent=117602"}],"wp:term":[{"taxonomy":"product_brand","embeddable":true,"href":"https:\/\/gpl-love.com\/es\/wp-json\/wp\/v2\/product_brand?post=117602"},{"taxonomy":"product_cat","embeddable":true,"href":"https:\/\/gpl-love.com\/es\/wp-json\/wp\/v2\/product_cat?post=117602"},{"taxonomy":"product_tag","embeddable":true,"href":"https:\/\/gpl-love.com\/es\/wp-json\/wp\/v2\/product_tag?post=117602"}],"curies":[{"name":"wp","href":"https:\/\/api.w.org\/{rel}","templated":true}]}}