{"id":117600,"date":"2025-05-06T00:00:00","date_gmt":"2025-05-06T05:00:00","guid":{"rendered":"https:\/\/gpl-love.com\/es\/?post_type=product&#038;p=117600"},"modified":"2026-03-09T07:47:58","modified_gmt":"2026-03-09T12:47:58","slug":"mainwp-clone","status":"publish","type":"product","link":"https:\/\/gpl-love.com\/es\/producto\/mainwp-clone\/","title":{"rendered":"MainWP Clone 5.0.1"},"content":{"rendered":"<h3>MainWP Clone Caracteristicas<\/h3>\n<p>MainWP Clone, una herramienta de software excepcionalmente potente, le permite replicar r\u00e1pidamente su tablero de MainWP junto con todas sus configuraciones y configuraciones asociadas en un sitio alternativo en cuesti\u00f3n de minutos. Con la ayuda de este extraordinario software, no solo puede generar convenientemente una copia de seguridad de su sitio de MainWP, sino que tambi\u00e9n puede transferirlo sin esfuerzo a un servidor o dominio alternativo sin la ardua tarea de comenzar todo de nuevo. La instalaci\u00f3n y la utilizaci\u00f3n del software son poco exigentes, y cuenta con una variedad de caracter\u00edsticas robustas que lo convierten en la herramienta por excelencia para cualquier persona que busque crear un duplicado de su sitio de MainWP. Ya sea que se encuentre en el papel de un desarrollador web o un propietario del sitio web, tenga la seguridad de que MainWP Clone es una herramienta indispensable que ser\u00eda negligente para pasar por alto.<\/p>\n<ul>\n<li>Replique de forma segura su instancia de MainWP a otra ubicaci\u00f3n o servidor<\/li>\n<li>Transferencia f\u00e1cil y eficiente de su configuraci\u00f3n de MainWP a un nuevo proveedor de alojamiento<\/li>\n<li>Restauraci\u00f3n r\u00e1pida de su instancia de MainWP en caso de p\u00e9rdida de datos o falla del servidor<\/li>\n<li>Opciones de clonaci\u00f3n totalmente personalizables para satisfacer sus necesidades espec\u00edficas<\/li>\n<li>Proceso de clonaci\u00f3n automatizado que le ahorra tiempo y molestias<\/li>\n<li>Proceso de clonaci\u00f3n seguro que mantiene los datos confidenciales protegidos<\/li>\n<li>Compatibilidad con una amplia gama de proveedores de alojamiento y configuraciones de servidor<\/li>\n<li>Equipo de soporte dedicado disponible para ayudar con cualquier pregunta o problema<\/li>\n<\/ul>\n","protected":false},"excerpt":{"rendered":"<p>MainWP Clone, un complemento de WordPress incre\u00edblemente f\u00e1cil de usar, ofrece la capacidad perfecta de clonar sin esfuerzo su sitio web de Mainwp a una ubicaci\u00f3n o servidor alternativo. Por solo unos pocos clics, puede generar sin esfuerzo una r\u00e9plica id\u00e9ntica de su sitio web, que abarca todas las complejas configuraciones, complementos y temas. Esta herramienta notablemente robusta demuestra ser una soluci\u00f3n impecable para desarrolladores, dise\u00f1adores y propietarios de sitios web con el objetivo de replicar de manera amplia y efectiva sus plataformas en l\u00ednea. Optimice su productividad y minimice su esfuerzo aprovechando las capacidades notables del clon MainWP.<\/p>\n","protected":false},"featured_media":166662,"comment_status":"open","ping_status":"open","template":"","meta":[],"product_brand":[2491],"product_cat":[1212,1206,1211],"product_tag":[1324],"class_list":{"0":"post-117600","1":"product","2":"type-product","3":"status-publish","4":"has-post-thumbnail","6":"product_brand-main-wp","7":"product_cat-administracion-wordpress-plugins","8":"product_cat-plugins","9":"product_cat-wordpress-plugins","10":"product_tag-main-wp","11":"member-discount","12":"discount-restricted","14":"first","15":"instock","16":"sale","17":"downloadable","18":"virtual","19":"sold-individually","20":"purchasable","21":"product-type-simple"},"_links":{"self":[{"href":"https:\/\/gpl-love.com\/es\/wp-json\/wp\/v2\/product\/117600","targetHints":{"allow":["GET"]}}],"collection":[{"href":"https:\/\/gpl-love.com\/es\/wp-json\/wp\/v2\/product"}],"about":[{"href":"https:\/\/gpl-love.com\/es\/wp-json\/wp\/v2\/types\/product"}],"replies":[{"embeddable":true,"href":"https:\/\/gpl-love.com\/es\/wp-json\/wp\/v2\/comments?post=117600"}],"wp:featuredmedia":[{"embeddable":true,"href":"https:\/\/gpl-love.com\/es\/wp-json\/wp\/v2\/media\/166662"}],"wp:attachment":[{"href":"https:\/\/gpl-love.com\/es\/wp-json\/wp\/v2\/media?parent=117600"}],"wp:term":[{"taxonomy":"product_brand","embeddable":true,"href":"https:\/\/gpl-love.com\/es\/wp-json\/wp\/v2\/product_brand?post=117600"},{"taxonomy":"product_cat","embeddable":true,"href":"https:\/\/gpl-love.com\/es\/wp-json\/wp\/v2\/product_cat?post=117600"},{"taxonomy":"product_tag","embeddable":true,"href":"https:\/\/gpl-love.com\/es\/wp-json\/wp\/v2\/product_tag?post=117600"}],"curies":[{"name":"wp","href":"https:\/\/api.w.org\/{rel}","templated":true}]}}