{"id":117598,"date":"2023-01-25T00:00:00","date_gmt":"2023-01-25T05:00:00","guid":{"rendered":"https:\/\/gpl-love.com\/es\/?post_type=product&#038;p=117598"},"modified":"2026-03-09T07:47:56","modified_gmt":"2026-03-09T12:47:56","slug":"mainwp-client-reports","status":"publish","type":"product","link":"https:\/\/gpl-love.com\/es\/producto\/mainwp-client-reports\/","title":{"rendered":"MainWP Client Reports 4.0.14"},"content":{"rendered":"<h3>MainWP Client Reports Caracteristicas<\/h3>\n<p>MainWP Client Reports es una herramienta robusta y eficiente dise\u00f1ada para la administraci\u00f3n de sitios de WordPress, lo que facilita a los usuarios para generar informes integrales y detallados con respecto a sus clientes. Este software faculta a los webmasters para crear informes personalizados sin esfuerzo y ampliamente que resalten las m\u00e9tricas de rendimiento cruciales, como el tr\u00e1fico del sitio web, las vistas de p\u00e1ginas y otros puntos de datos pertinentes. Los informes son altamente flexibles y se pueden personalizar para alinearse con precisi\u00f3n con los requisitos y preferencias espec\u00edficas de cada cliente individual. Adem\u00e1s, los informes pueden automatizarse, asegurando que los clientes reciban informaci\u00f3n oportuna y actualizada sobre el rendimiento de su sitio web, eliminando as\u00ed cualquier carga o esfuerzo adicional por parte del usuario. MAINWP Client Reports presenta una soluci\u00f3n eficiente y simplificada para la gesti\u00f3n de m\u00faltiples sitios web y clientes, lo que lo convierte en un activo indispensable e invaluable para profesionales involucrados en la gesti\u00f3n del sitio de WordPress.<\/p>\n<ul>\n<li>Genera informes integrales y personalizables en sus actividades de cliente de MainWP<\/li>\n<li>Ofrece una gama de plantillas de informes para adaptarse a diferentes requisitos de informes<\/li>\n<li>Le permite incluir su propia marca y logotipo en los informes para un toque profesional<\/li>\n<li>Proporciona estad\u00edsticas detalladas sobre las actualizaciones, el tiempo de actividad, las copias de seguridad y los problemas de seguridad de sus clientes.<\/li>\n<li>Env\u00eda informes por correo electr\u00f3nico o los exporta en formato PDF, CSV o Excel para f\u00e1cil compartir y an\u00e1lisis<\/li>\n<li>Le permite generar informes para clientes individuales o en m\u00faltiples sitios web de su red<\/li>\n<li>Facilita una mejor comunicaci\u00f3n con sus clientes manteni\u00e9ndolos informados de sus actividades y resultados de mantenimiento<\/li>\n<li>Mejora su seguimiento del rendimiento y el progreso de sus clientes a lo largo del tiempo<\/li>\n<li>Le ahorra tiempo y esfuerzo al automatizar el proceso de informes y liberarlo para concentrarse en otras tareas importantes.<\/li>\n<\/ul>\n","protected":false},"excerpt":{"rendered":"<p>MainWP Client Reports es una herramienta notablemente robusta y sofisticada que ofrece una amplia gama de informes detallados relacionados con el rendimiento de su sitio web. Al integrarse perfectamente con su tablero de MainWP, esta herramienta facilita la generaci\u00f3n sin esfuerzo y el intercambio sin esfuerzo de informes profesionales con sus estimados clientes. Estos informes abarcan una gran cantidad de informaci\u00f3n valiosa, como an\u00e1lisis integrales del sitio, actualizaciones oportunas de complementos, tiempo de actividad meticuloso y estad\u00edsticas de tiempo de inactividad, as\u00ed como estad\u00edsticas meticulosas de clasificaci\u00f3n de SEO, entre otros detalles pertinentes. Al utilizar los informes de los clientes de MainWP, puede mantenerse de manera efectiva por delante de la curva y mantener concienzudamente a sus estimados clientes bien informados en todo momento.<\/p>\n","protected":false},"featured_media":166661,"comment_status":"open","ping_status":"open","template":"","meta":[],"product_brand":[2491],"product_cat":[1212,1206,1211],"product_tag":[1324],"class_list":{"0":"post-117598","1":"product","2":"type-product","3":"status-publish","4":"has-post-thumbnail","6":"product_brand-main-wp","7":"product_cat-administracion-wordpress-plugins","8":"product_cat-plugins","9":"product_cat-wordpress-plugins","10":"product_tag-main-wp","11":"member-discount","12":"discount-restricted","14":"first","15":"instock","16":"sale","17":"downloadable","18":"virtual","19":"sold-individually","20":"purchasable","21":"product-type-simple"},"_links":{"self":[{"href":"https:\/\/gpl-love.com\/es\/wp-json\/wp\/v2\/product\/117598","targetHints":{"allow":["GET"]}}],"collection":[{"href":"https:\/\/gpl-love.com\/es\/wp-json\/wp\/v2\/product"}],"about":[{"href":"https:\/\/gpl-love.com\/es\/wp-json\/wp\/v2\/types\/product"}],"replies":[{"embeddable":true,"href":"https:\/\/gpl-love.com\/es\/wp-json\/wp\/v2\/comments?post=117598"}],"wp:featuredmedia":[{"embeddable":true,"href":"https:\/\/gpl-love.com\/es\/wp-json\/wp\/v2\/media\/166661"}],"wp:attachment":[{"href":"https:\/\/gpl-love.com\/es\/wp-json\/wp\/v2\/media?parent=117598"}],"wp:term":[{"taxonomy":"product_brand","embeddable":true,"href":"https:\/\/gpl-love.com\/es\/wp-json\/wp\/v2\/product_brand?post=117598"},{"taxonomy":"product_cat","embeddable":true,"href":"https:\/\/gpl-love.com\/es\/wp-json\/wp\/v2\/product_cat?post=117598"},{"taxonomy":"product_tag","embeddable":true,"href":"https:\/\/gpl-love.com\/es\/wp-json\/wp\/v2\/product_tag?post=117598"}],"curies":[{"name":"wp","href":"https:\/\/api.w.org\/{rel}","templated":true}]}}