{"id":117596,"date":"2025-07-18T00:00:00","date_gmt":"2025-07-18T05:00:00","guid":{"rendered":"https:\/\/gpl-love.com\/es\/?post_type=product&#038;p=117596"},"modified":"2026-03-09T07:47:55","modified_gmt":"2026-03-09T12:47:55","slug":"mainwp-bulk-settings-manager","status":"publish","type":"product","link":"https:\/\/gpl-love.com\/es\/producto\/mainwp-bulk-settings-manager\/","title":{"rendered":"MainWP Bulk Settings Manager 5.0.4"},"content":{"rendered":"<h3>MainWP Bulk Settings Manager Caracteristicas<\/h3>\n<p>El Administrador de configuraci\u00f3n a granel MainWP, una herramienta altamente formidable, permite la gesti\u00f3n eficiente de la configuraci\u00f3n en numerosos sitios web de WordPress. Este complemento excepcional permite a los usuarios configurar sin esfuerzo una amplia gama de configuraciones que van desde temas, complementos, seguridad y rendimiento, todo a trav\u00e9s de un tablero singular y f\u00e1cil de usar. Ya sea que uno est\u00e9 supervisando una modesta red de sitios web o una empresa colosal, esta herramienta otorga la conveniencia de un enfoque sin complicaciones y automatizado para manejar todas las configuraciones. Al utilizar el gerente de configuraci\u00f3n a granel de MainWP, uno no solo puede ahorrar un tiempo y un esfuerzo valiosos, sino tambi\u00e9n mantener un nivel inquebrantable de consistencia y control sobre cada sitio web. En consecuencia, esta soluci\u00f3n en particular demuestra ser el remedio por excelencia para cualquier propietario del sitio web de WordPress exigente que anhela optimizar sus operaciones de gesti\u00f3n de configuraciones.<\/p>\n<ul>\n<li>Permite la gesti\u00f3n f\u00e1cil de la configuraci\u00f3n para m\u00faltiples sitios de WordPress<\/li>\n<li>Ahorra tiempo aplicando cambios a varios sitios a la vez<\/li>\n<li>Permite la personalizaci\u00f3n de la configuraci\u00f3n para sitios individuales<\/li>\n<li>Puede programar los cambios de configuraci\u00f3n que ocurran en los momentos especificados<\/li>\n<li>Puede hacer una copia de seguridad de la configuraci\u00f3n actual antes de hacer cambios<\/li>\n<li>Compatible con una amplia gama de complementos y temas<\/li>\n<li>Interfaz f\u00e1cil de usar que es f\u00e1cil de navegar<\/li>\n<li>Proporciona informes detallados sobre los cambios realizados<\/li>\n<li>Se puede acceder desde cualquier lugar utilizando un inicio de sesi\u00f3n seguro<\/li>\n<li>Ahorra dinero reduciendo la necesidad de gesti\u00f3n de configuraciones manuales.<\/li>\n<\/ul>\n","protected":false},"excerpt":{"rendered":"<p>El Administrador de configuraci\u00f3n a granel de MainWP es una herramienta muy robusta y formidable, imbuida de una gran cantidad de capacidades, lo que le brinda la conveniencia y la eficiencia de la administraci\u00f3n sin esfuerzo en m\u00faltiples sitios web. Esta herramienta extraordinaria facilita las actualizaciones perfectas de la configuraci\u00f3n del tema, la configuraci\u00f3n del complemento, las opciones de seguridad y una gran cantidad de otras configuraciones, simult\u00e1neamente, en todos sus sitios web. Ergo, le otorga el invaluable donaci\u00f3n de tiempo, al tiempo que garantiza simult\u00e1neamente unaiformidad y cohesi\u00f3n inquebrantables a lo largo de su reino digital expansivo. Ya sea que preside una humilde surtido de sitios web o una extensa red de sitios interconectados, el gerente de configuraci\u00f3n a granel MainWP sigue siendo un activo indispensable, adecuadamente adecuado para cualquier propietario o administrador del sitio web exigente.<\/p>\n","protected":false},"featured_media":166660,"comment_status":"open","ping_status":"open","template":"","meta":[],"product_brand":[2491],"product_cat":[1212,1206,1211],"product_tag":[1324],"class_list":{"0":"post-117596","1":"product","2":"type-product","3":"status-publish","4":"has-post-thumbnail","6":"product_brand-main-wp","7":"product_cat-administracion-wordpress-plugins","8":"product_cat-plugins","9":"product_cat-wordpress-plugins","10":"product_tag-main-wp","11":"member-discount","12":"discount-restricted","14":"first","15":"instock","16":"sale","17":"downloadable","18":"virtual","19":"sold-individually","20":"purchasable","21":"product-type-simple"},"_links":{"self":[{"href":"https:\/\/gpl-love.com\/es\/wp-json\/wp\/v2\/product\/117596","targetHints":{"allow":["GET"]}}],"collection":[{"href":"https:\/\/gpl-love.com\/es\/wp-json\/wp\/v2\/product"}],"about":[{"href":"https:\/\/gpl-love.com\/es\/wp-json\/wp\/v2\/types\/product"}],"replies":[{"embeddable":true,"href":"https:\/\/gpl-love.com\/es\/wp-json\/wp\/v2\/comments?post=117596"}],"wp:featuredmedia":[{"embeddable":true,"href":"https:\/\/gpl-love.com\/es\/wp-json\/wp\/v2\/media\/166660"}],"wp:attachment":[{"href":"https:\/\/gpl-love.com\/es\/wp-json\/wp\/v2\/media?parent=117596"}],"wp:term":[{"taxonomy":"product_brand","embeddable":true,"href":"https:\/\/gpl-love.com\/es\/wp-json\/wp\/v2\/product_brand?post=117596"},{"taxonomy":"product_cat","embeddable":true,"href":"https:\/\/gpl-love.com\/es\/wp-json\/wp\/v2\/product_cat?post=117596"},{"taxonomy":"product_tag","embeddable":true,"href":"https:\/\/gpl-love.com\/es\/wp-json\/wp\/v2\/product_tag?post=117596"}],"curies":[{"name":"wp","href":"https:\/\/api.w.org\/{rel}","templated":true}]}}