{"id":117594,"date":"2024-05-30T00:00:00","date_gmt":"2024-05-30T05:00:00","guid":{"rendered":"https:\/\/gpl-love.com\/es\/?post_type=product&#038;p=117594"},"modified":"2026-03-09T07:47:54","modified_gmt":"2026-03-09T12:47:54","slug":"mainwp-buddy","status":"publish","type":"product","link":"https:\/\/gpl-love.com\/es\/producto\/mainwp-buddy\/","title":{"rendered":"MainWP Buddy 5.0.1"},"content":{"rendered":"<h3>MainWP Buddy Caracteristicas<\/h3>\n<p>MainWP Buddy es una herramienta altamente efectiva y robusta que facilita la gesti\u00f3n perfecta de sus sitios web de WordPress. Al utilizar este complemento excepcional, se le otorga la capacidad de monitorear sin esfuerzo el rendimiento de sus sitios web, actualizar r\u00e1pidamente complementos y temas, e incluso generar copias de seguridad con la mayor comodidad. Adem\u00e1s, esta herramienta excepcional le brinda la oportunidad de administrar de manera efectiva numerosos sitios web desde un solo tablero centralizado, simplificando as\u00ed el proceso de realizar un seguimiento de toda la informaci\u00f3n relevante. Con una interfaz f\u00e1cil de usar y una variedad de caracter\u00edsticas intuitivas, MainWP Buddy es una opci\u00f3n excepcional para las personas de todos los niveles de competencia, desde novatos hasta expertos experimentados. Sin lugar a dudas, este activo invaluable es una soluci\u00f3n esencial para cualquier persona que busque optimizar sus responsabilidades de gesti\u00f3n de WordPress y monitorear diligentemente el rendimiento de su sitio web.<\/p>\n<ul>\n<li>Un poderoso complemento para administrar m\u00faltiples sitios web de WordPress desde un tablero<\/li>\n<li>Ofrece actualizaciones simplificadas para complementos y temas en todos los sitios web<\/li>\n<li>Permite la gesti\u00f3n y la publicaci\u00f3n de contenido r\u00e1pida y eficiente<\/li>\n<li>Proporciona administraci\u00f3n segura de usuarios con roles y permisos de usuario personalizables<\/li>\n<li>Ofrece monitoreo de tiempo de actividad incorporado y escaneo de seguridad para todos los sitios web conectados<\/li>\n<li>Cuenta con herramientas de comunicaci\u00f3n y informes de clientes para mejorar la gesti\u00f3n del cliente<\/li>\n<li>Proporciona una descripci\u00f3n completa del rendimiento y el an\u00e1lisis del sitio web<\/li>\n<li>Ofrece una f\u00e1cil integraci\u00f3n con herramientas y servicios populares de terceros<\/li>\n<li>Ahorra tiempo y aumenta la eficiencia para la gesti\u00f3n y mantenimiento del sitio web.<\/li>\n<\/ul>\n","protected":false},"excerpt":{"rendered":"<p>MainWP Buddy es un complemento de WordPress incre\u00edblemente robusto que ofrece a los usuarios un m\u00e9todo altamente eficiente para administrar m\u00faltiples sitios web de WordPress que usan solo un tablero conveniente. Con las notables capacidades de MainWP Buddy, las personas pueden actualizar f\u00e1cilmente sus complementos y temas, iniciar copias de seguridad, monitorear de cerca el rendimiento de sus sitios web y participar en una multitud de otras actividades esenciales. Este complemento verdaderamente intuitivo y notablemente f\u00e1cil de usar optimiza sin esfuerzo todo el proceso de gesti\u00f3n del sitio web, reduciendo significativamente la cantidad de tiempo y esfuerzo requeridos. Independientemente de si usted es un desarrollador web experimentado, una agencia de buena reputaci\u00f3n o incluso un propietario de un sitio, simplemente no se puede negar que MainWP Buddy se considera una herramienta imprescindible absoluta para administrar de manera efectiva todos sus sitios de WordPress.<\/p>\n","protected":false},"featured_media":166659,"comment_status":"open","ping_status":"open","template":"","meta":[],"product_brand":[2491],"product_cat":[1212,1206,1211],"product_tag":[1324],"class_list":{"0":"post-117594","1":"product","2":"type-product","3":"status-publish","4":"has-post-thumbnail","6":"product_brand-main-wp","7":"product_cat-administracion-wordpress-plugins","8":"product_cat-plugins","9":"product_cat-wordpress-plugins","10":"product_tag-main-wp","11":"member-discount","12":"discount-restricted","14":"first","15":"instock","16":"sale","17":"downloadable","18":"virtual","19":"sold-individually","20":"purchasable","21":"product-type-simple"},"_links":{"self":[{"href":"https:\/\/gpl-love.com\/es\/wp-json\/wp\/v2\/product\/117594","targetHints":{"allow":["GET"]}}],"collection":[{"href":"https:\/\/gpl-love.com\/es\/wp-json\/wp\/v2\/product"}],"about":[{"href":"https:\/\/gpl-love.com\/es\/wp-json\/wp\/v2\/types\/product"}],"replies":[{"embeddable":true,"href":"https:\/\/gpl-love.com\/es\/wp-json\/wp\/v2\/comments?post=117594"}],"wp:featuredmedia":[{"embeddable":true,"href":"https:\/\/gpl-love.com\/es\/wp-json\/wp\/v2\/media\/166659"}],"wp:attachment":[{"href":"https:\/\/gpl-love.com\/es\/wp-json\/wp\/v2\/media?parent=117594"}],"wp:term":[{"taxonomy":"product_brand","embeddable":true,"href":"https:\/\/gpl-love.com\/es\/wp-json\/wp\/v2\/product_brand?post=117594"},{"taxonomy":"product_cat","embeddable":true,"href":"https:\/\/gpl-love.com\/es\/wp-json\/wp\/v2\/product_cat?post=117594"},{"taxonomy":"product_tag","embeddable":true,"href":"https:\/\/gpl-love.com\/es\/wp-json\/wp\/v2\/product_tag?post=117594"}],"curies":[{"name":"wp","href":"https:\/\/api.w.org\/{rel}","templated":true}]}}